{"id":179666,"date":"2025-02-27T03:39:34","date_gmt":"2025-02-27T03:39:34","guid":{"rendered":"https:\/\/nexgendecors.com\/en\/product\/support-customized-new-stainless-steel-golden-dessert-stands-set-cake-and-dessert-stand-set-buffet-food-display-rack-2\/"},"modified":"2025-04-06T11:10:45","modified_gmt":"2025-04-06T11:10:45","slug":"support-customized-new-stainless-steel-golden-dessert-stands-set-cake-and-dessert-stand-set-buffet-food-display-rack-2","status":"publish","type":"product","link":"https:\/\/nexgendecors.com\/fr\/product\/support-customized-new-stainless-steel-golden-dessert-stands-set-cake-and-dessert-stand-set-buffet-food-display-rack-2\/","title":{"rendered":"Supports \u00e0 Dessert en Acier Inoxydable Nouveau Support \u00e0 Dessert en Acier Inoxydable Nouveau Support \u00e0 Dessert en Acier Inoxydable Nouveau Support \u00e0 Dessert en Acier Inoxydable Nouveau Support \u00e0 Dessert en Acier Inoxydable Nouveau Support \u00e0 Dessert en acier inoxydable"},"content":{"rendered":"<ul>\n<li><strong>lieu d&#039;origine : <\/strong> Guangdong, Chine<\/li>\n<li><strong>nom de marque : <\/strong> GeHong<\/li>\n<li><strong>num\u00e9ro de mod\u00e8le : <\/strong> Cake-3<\/li>\n<li><strong>Mat\u00e9riel : <\/strong> Stainless Steel+wood<\/li>\n<li><strong>Nom du produit : <\/strong> Food display rack<\/li>\n<li><strong>Application : <\/strong> Wedding Caterers<\/li>\n<li><strong>Utilisation : <\/strong> Mariage<\/li>\n<li><strong>Logo : <\/strong> Accepter le logo personnalis\u00e9<\/li>\n<li><strong>Taille : <\/strong> Multi Size<\/li>\n<li><strong>Style : <\/strong> Luxe moderne<\/li>\n<li><strong>Taper : <\/strong> Restaurant Ware<\/li>\n<li><strong>Couleur : <\/strong> Or<\/li>\n<li><strong>Services : <\/strong> OEM ODM Custom<\/li>\n<\/ul>","protected":false},"excerpt":{"rendered":"<p>Lieu d'origine : Guangdong, Chine Marque : GeHong Num\u00e9ro de mod\u00e8le : Cake-3 Mat\u00e9riau : Acier inoxydable+bois Nom du produit<\/p>","protected":false},"featured_media":179665,"comment_status":"open","ping_status":"closed","template":"","meta":[],"product_brand":[],"product_cat":[30965],"product_tag":[],"class_list":{"0":"post-179666","1":"product","2":"type-product","3":"status-publish","4":"has-post-thumbnail","6":"product_cat-tablewares","8":"first","9":"instock","10":"taxable","11":"shipping-taxable","12":"purchasable","13":"product-type-simple"},"_links":{"self":[{"href":"https:\/\/nexgendecors.com\/fr\/wp-json\/wp\/v2\/product\/179666","targetHints":{"allow":["GET"]}}],"collection":[{"href":"https:\/\/nexgendecors.com\/fr\/wp-json\/wp\/v2\/product"}],"about":[{"href":"https:\/\/nexgendecors.com\/fr\/wp-json\/wp\/v2\/types\/product"}],"replies":[{"embeddable":true,"href":"https:\/\/nexgendecors.com\/fr\/wp-json\/wp\/v2\/comments?post=179666"}],"version-history":[{"count":0,"href":"https:\/\/nexgendecors.com\/fr\/wp-json\/wp\/v2\/product\/179666\/revisions"}],"wp:featuredmedia":[{"embeddable":true,"href":"https:\/\/nexgendecors.com\/fr\/wp-json\/wp\/v2\/media\/179665"}],"wp:attachment":[{"href":"https:\/\/nexgendecors.com\/fr\/wp-json\/wp\/v2\/media?parent=179666"}],"wp:term":[{"taxonomy":"product_brand","embeddable":true,"href":"https:\/\/nexgendecors.com\/fr\/wp-json\/wp\/v2\/product_brand?post=179666"},{"taxonomy":"product_cat","embeddable":true,"href":"https:\/\/nexgendecors.com\/fr\/wp-json\/wp\/v2\/product_cat?post=179666"},{"taxonomy":"product_tag","embeddable":true,"href":"https:\/\/nexgendecors.com\/fr\/wp-json\/wp\/v2\/product_tag?post=179666"}],"curies":[{"name":"wp","href":"https:\/\/api.w.org\/{rel}","templated":true}]}}