{"id":17967,"date":"2025-01-13T14:23:21","date_gmt":"2025-01-13T14:23:21","guid":{"rendered":"https:\/\/nexgendecors.com\/product\/langzi-floor-standing-suspended-bathtub-hotel-homestay-beauty-salon-net-celebrity-suspended-home-acrylic-independent-bathtub\/"},"modified":"2025-04-06T07:41:05","modified_gmt":"2025-04-06T07:41:05","slug":"langzi-floor-standing-suspended-bathtub-hotel-homestay-beauty-salon-net-celebrity-suspended-home-acrylic-independent-bathtub","status":"publish","type":"product","link":"https:\/\/nexgendecors.com\/fr\/product\/langzi-floor-standing-suspended-bathtub-hotel-homestay-beauty-salon-net-celebrity-suspended-home-acrylic-independent-bathtub\/","title":{"rendered":"Baignoire en acrylique Langzi\u00a0: un indispensable pour la maison et le salon"},"content":{"rendered":"<ul>\n<li>\n<strong>marque<\/strong>:Langzi<\/li>\n<li>\n<strong>mod\u00e8le<\/strong>:Starry02<\/li>\n<li>\n<strong>forme<\/strong>:D\u00e9tach\u00e9<\/li>\n<li>\n<strong>Origine<\/strong>:Chine continentale<\/li>\n<li>\n<strong>province<\/strong>:Province du Guangdong<\/li>\n<li>\n<strong>Est-ce qu&#039;il contient un robinet ?<\/strong>:Non inclus<\/li>\n<li>\n<strong>Mat\u00e9riel<\/strong>:Acrylique<\/li>\n<li>\n<strong>Y a-t-il des mains courantes ?<\/strong>:Non<\/li>\n<li>\n<strong>Service en ville<\/strong>:Livraison porte-\u00e0-porte logistique intra-urbaine<\/li>\n<li>\n<strong>trier par couleur<\/strong>:Pre-sale: 1.6m glossy white Pre-sale: 1.6m matte white Pre-sale: 1.6m matte black Pre-sale: 1.8m glossy white Pre-sale: 1.8m matte white Pre-sale: 1.8m matte black Pre-sale: 2.1m glossy white Pre-sale: 2.1m matte white Pre-sale: 2.1m matte black<\/li>\n<\/ul>\n<p><img><\/p>","protected":false},"excerpt":{"rendered":"<p>Marque : Langzi Mod\u00e8le : Starry02 Forme : D\u00e9tach\u00e9e Origine : Chine continentale Province : Province du Guangdong Contient-il un robinet ? : Non inclus Mat\u00e9riau : Acrylique Y a-t-il des mains courantes ? : Non Service en ville : Logistique intra-urbaine<\/p>","protected":false},"featured_media":19069,"comment_status":"open","ping_status":"closed","template":"","meta":[],"product_brand":[],"product_cat":[30971,869],"product_tag":[],"class_list":{"0":"post-17967","1":"product","2":"type-product","3":"status-publish","4":"has-post-thumbnail","6":"product_cat-hp","7":"product_cat-wholesale-bathtub","9":"first","10":"instock","11":"taxable","12":"shipping-taxable","13":"purchasable","14":"product-type-variable"},"_links":{"self":[{"href":"https:\/\/nexgendecors.com\/fr\/wp-json\/wp\/v2\/product\/17967","targetHints":{"allow":["GET"]}}],"collection":[{"href":"https:\/\/nexgendecors.com\/fr\/wp-json\/wp\/v2\/product"}],"about":[{"href":"https:\/\/nexgendecors.com\/fr\/wp-json\/wp\/v2\/types\/product"}],"replies":[{"embeddable":true,"href":"https:\/\/nexgendecors.com\/fr\/wp-json\/wp\/v2\/comments?post=17967"}],"version-history":[{"count":0,"href":"https:\/\/nexgendecors.com\/fr\/wp-json\/wp\/v2\/product\/17967\/revisions"}],"wp:featuredmedia":[{"embeddable":true,"href":"https:\/\/nexgendecors.com\/fr\/wp-json\/wp\/v2\/media\/19069"}],"wp:attachment":[{"href":"https:\/\/nexgendecors.com\/fr\/wp-json\/wp\/v2\/media?parent=17967"}],"wp:term":[{"taxonomy":"product_brand","embeddable":true,"href":"https:\/\/nexgendecors.com\/fr\/wp-json\/wp\/v2\/product_brand?post=17967"},{"taxonomy":"product_cat","embeddable":true,"href":"https:\/\/nexgendecors.com\/fr\/wp-json\/wp\/v2\/product_cat?post=17967"},{"taxonomy":"product_tag","embeddable":true,"href":"https:\/\/nexgendecors.com\/fr\/wp-json\/wp\/v2\/product_tag?post=17967"}],"curies":[{"name":"wp","href":"https:\/\/api.w.org\/{rel}","templated":true}]}}