{"id":179673,"date":"2025-02-27T03:43:23","date_gmt":"2025-02-27T03:43:23","guid":{"rendered":"https:\/\/nexgendecors.com\/en\/product\/wholesale-cheap-banqueting-gold-silver-stainless-steel-party-banquet-wed-wedding-hotel-chairs-for-events\/"},"modified":"2025-04-06T11:10:56","modified_gmt":"2025-04-06T11:10:56","slug":"wholesale-cheap-banqueting-gold-silver-stainless-steel-party-banquet-wed-wedding-hotel-chairs-for-events","status":"publish","type":"product","link":"https:\/\/nexgendecors.com\/fr\/product\/wholesale-cheap-banqueting-gold-silver-stainless-steel-party-banquet-wed-wedding-hotel-chairs-for-events\/","title":{"rendered":"Chaises de banquet bon march\u00e9 en acier inoxydable, couleur or et argent, pour f\u00eate, mariage, h\u00f4tel, \u00e9v\u00e9nements"},"content":{"rendered":"<ul>\n<li><strong>utilisation sp\u00e9cifique : <\/strong> Chaise d&#039;h\u00f4tel<\/li>\n<li><strong>usage g\u00e9n\u00e9ral : <\/strong> Mobilier commercial<\/li>\n<li><strong>taper : <\/strong> Mobilier d&#039;h\u00f4tel<\/li>\n<li><strong>emballage du courrier : <\/strong> Oui<\/li>\n<li><strong>application : <\/strong> Apartment, Basement, Bedroom, Courtyard, Dining, Entry, Farmhouse, Garage &amp; Shed, Gym, Hall, Home Bar, Home Office, Hospital, Hotel, Laundry, Leisure Facilities, Living Room, Mall, Office Building, outdoor, Park, School, Sports Venues, Storage &amp; Closet, supermarket, Villa, Warehouse, Workshop, Other<\/li>\n<li><strong>style de conception : <\/strong> Moderne<\/li>\n<li><strong>mat\u00e9riel : <\/strong> m\u00e9tal<\/li>\n<li><strong>apparence : <\/strong> Moderne<\/li>\n<li><strong>pli\u00e9 : <\/strong> NON<\/li>\n<li><strong>type de m\u00e9tal : <\/strong> Acier inoxydable<\/li>\n<li><strong>lieu d&#039;origine : <\/strong> Guangdong, Chine<\/li>\n<li><strong>nom de marque : <\/strong> Brobriyo<\/li>\n<li><strong>num\u00e9ro de mod\u00e8le : <\/strong> U12<\/li>\n<li><strong>Fonctionnalit\u00e9 : <\/strong> PORTABLE, Foldable, Adjustable, Sustainable, Durable, water proof, STABLE, handmade, stackable, knock-down, easy carrying, Recliner<\/li>\n<li><strong>Wood Type : <\/strong> wood<\/li>\n<li><strong>Panel Type : <\/strong> wood<\/li>\n<li><strong>Liner Material : <\/strong> Coton<\/li>\n<li><strong>Cushion : <\/strong> Sponge<\/li>\n<li><strong>OEM et ODM : <\/strong> Oui<\/li>\n<li><strong>Nom du produit : <\/strong> Gold Round Back Stainless steel Wedding Chair<\/li>\n<li><strong>Couleur : <\/strong> Couleur personnalis\u00e9e<\/li>\n<li><strong>Utilisation : <\/strong> Chaises pour \u00e9v\u00e9nements et f\u00eates de mariage<\/li>\n<li><strong>Emballage : <\/strong> 6pcs\/carton<\/li>\n<li><strong>Conception : <\/strong> Design moderne<\/li>\n<li><strong>Garantie : <\/strong> 5 ans<\/li>\n<li><strong>Si\u00e8ge : <\/strong> Coussin de si\u00e8ge rembourr\u00e9<\/li>\n<li><strong>Fonction : <\/strong> Restaurant de banquet de l&#039;h\u00f4tel<\/li>\n<li><strong>Style : <\/strong> Modern Wedding Chair<\/li>\n<\/ul>","protected":false},"excerpt":{"rendered":"<p>usage sp\u00e9cifique : Chaise d'h\u00f4tel usage g\u00e9n\u00e9ral : Meuble commercial type : Meuble d'h\u00f4tel emballage postal : Y application :<\/p>","protected":false},"featured_media":179672,"comment_status":"open","ping_status":"closed","template":"","meta":[],"product_brand":[],"product_cat":[30964],"product_tag":[],"class_list":{"0":"post-179673","1":"product","2":"type-product","3":"status-publish","4":"has-post-thumbnail","6":"product_cat-weeding-furniture","8":"first","9":"instock","10":"taxable","11":"shipping-taxable","12":"purchasable","13":"product-type-variable"},"_links":{"self":[{"href":"https:\/\/nexgendecors.com\/fr\/wp-json\/wp\/v2\/product\/179673","targetHints":{"allow":["GET"]}}],"collection":[{"href":"https:\/\/nexgendecors.com\/fr\/wp-json\/wp\/v2\/product"}],"about":[{"href":"https:\/\/nexgendecors.com\/fr\/wp-json\/wp\/v2\/types\/product"}],"replies":[{"embeddable":true,"href":"https:\/\/nexgendecors.com\/fr\/wp-json\/wp\/v2\/comments?post=179673"}],"version-history":[{"count":0,"href":"https:\/\/nexgendecors.com\/fr\/wp-json\/wp\/v2\/product\/179673\/revisions"}],"wp:featuredmedia":[{"embeddable":true,"href":"https:\/\/nexgendecors.com\/fr\/wp-json\/wp\/v2\/media\/179672"}],"wp:attachment":[{"href":"https:\/\/nexgendecors.com\/fr\/wp-json\/wp\/v2\/media?parent=179673"}],"wp:term":[{"taxonomy":"product_brand","embeddable":true,"href":"https:\/\/nexgendecors.com\/fr\/wp-json\/wp\/v2\/product_brand?post=179673"},{"taxonomy":"product_cat","embeddable":true,"href":"https:\/\/nexgendecors.com\/fr\/wp-json\/wp\/v2\/product_cat?post=179673"},{"taxonomy":"product_tag","embeddable":true,"href":"https:\/\/nexgendecors.com\/fr\/wp-json\/wp\/v2\/product_tag?post=179673"}],"curies":[{"name":"wp","href":"https:\/\/api.w.org\/{rel}","templated":true}]}}