{"id":179773,"date":"2025-02-27T03:47:50","date_gmt":"2025-02-27T03:47:50","guid":{"rendered":"https:\/\/nexgendecors.com\/en\/product\/new-style-event-banquet-dining-table-round-shape-white-steel-legs-dinner-room-wedding-table\/"},"modified":"2025-04-06T11:11:51","modified_gmt":"2025-04-06T11:11:51","slug":"new-style-event-banquet-dining-table-round-shape-white-steel-legs-dinner-room-wedding-table","status":"publish","type":"product","link":"https:\/\/nexgendecors.com\/fr\/product\/new-style-event-banquet-dining-table-round-shape-white-steel-legs-dinner-room-wedding-table\/","title":{"rendered":"New Style Event Banquet Dining Table Round Shape White Steel Legs Dinner Room Wedding Table"},"content":{"rendered":"<ul>\n<li><strong>taper : <\/strong> Mobilier d&#039;h\u00f4tel<\/li>\n<li><strong>emballage du courrier : <\/strong> Oui<\/li>\n<li><strong>application : <\/strong> Home Office, Living Room, Bedroom, Dining, outdoor, Hotel, Apartment, Office Building, Hospital, School, Mall, Sports Venues, Leisure Facilities, supermarket, Warehouse, Workshop, Park, Farmhouse, Courtyard, Other, Storage &amp; Closet, Wine Cellar, Entry, Hall, Home Bar, Staircase, Basement, Garage &amp; Shed, Gym, Laundry, Villa<\/li>\n<li><strong>style de conception : <\/strong> Moderne<\/li>\n<li><strong>lieu d&#039;origine : <\/strong> Guangdong, Chine<\/li>\n<li><strong>nom de marque : <\/strong> cnsanwenyu<\/li>\n<li><strong>num\u00e9ro de mod\u00e8le : <\/strong> R18<\/li>\n<li><strong>mat\u00e9riel : <\/strong> Acier inoxydable<\/li>\n<li><strong>pli\u00e9 : <\/strong> Oui<\/li>\n<li><strong>apparence : <\/strong> Moderne<\/li>\n<li><strong>Fonctionnalit\u00e9 : <\/strong> PORTABLE, Sustainable, Durable, Easy Clean, Corrosion Resistant<\/li>\n<li><strong>\u6846\u67b6\u6750\u8d28 : <\/strong> Acier inoxydable<\/li>\n<li><strong>table top : <\/strong> marble top<\/li>\n<li><strong>Nom du produit : <\/strong> Wedding Banquet dining room tables<\/li>\n<li><strong>Application : <\/strong> Dining, Outdoor, Hotel, Office Building, Hospital, Park<\/li>\n<li><strong>Utilisation : <\/strong> Wedding event\/restaurant\/picnic<\/li>\n<li><strong>Taper : <\/strong> Dining Room Furniture, Gargen Furniture<\/li>\n<li><strong>Style : <\/strong> Modern Furniture<\/li>\n<li><strong>Couleur : <\/strong> Or<\/li>\n<li><strong>Fonction : <\/strong> Hotel .restaurant .banquet. Home Dining  Table<\/li>\n<li><strong>Forme : <\/strong> Forme ronde<\/li>\n<li><strong>Emballage : <\/strong> Carton<\/li>\n<li><strong>Mat\u00e9riel : <\/strong> 201# Stainless Steel+glass\/marble\/MDF<\/li>\n<\/ul>","protected":false},"excerpt":{"rendered":"<p>type : Meubles d'h\u00f4tel emballage : Y application : Bureau \u00e0 domicile, Salon, Chambre \u00e0 coucher, Salle \u00e0 manger, ext\u00e9rieur, H\u00f4tel, Appartement, Bureau<\/p>","protected":false},"featured_media":179772,"comment_status":"open","ping_status":"closed","template":"","meta":[],"product_brand":[],"product_cat":[30964],"product_tag":[],"class_list":{"0":"post-179773","1":"product","2":"type-product","3":"status-publish","4":"has-post-thumbnail","6":"product_cat-weeding-furniture","8":"first","9":"instock","10":"taxable","11":"shipping-taxable","12":"purchasable","13":"product-type-variable"},"_links":{"self":[{"href":"https:\/\/nexgendecors.com\/fr\/wp-json\/wp\/v2\/product\/179773","targetHints":{"allow":["GET"]}}],"collection":[{"href":"https:\/\/nexgendecors.com\/fr\/wp-json\/wp\/v2\/product"}],"about":[{"href":"https:\/\/nexgendecors.com\/fr\/wp-json\/wp\/v2\/types\/product"}],"replies":[{"embeddable":true,"href":"https:\/\/nexgendecors.com\/fr\/wp-json\/wp\/v2\/comments?post=179773"}],"version-history":[{"count":0,"href":"https:\/\/nexgendecors.com\/fr\/wp-json\/wp\/v2\/product\/179773\/revisions"}],"wp:featuredmedia":[{"embeddable":true,"href":"https:\/\/nexgendecors.com\/fr\/wp-json\/wp\/v2\/media\/179772"}],"wp:attachment":[{"href":"https:\/\/nexgendecors.com\/fr\/wp-json\/wp\/v2\/media?parent=179773"}],"wp:term":[{"taxonomy":"product_brand","embeddable":true,"href":"https:\/\/nexgendecors.com\/fr\/wp-json\/wp\/v2\/product_brand?post=179773"},{"taxonomy":"product_cat","embeddable":true,"href":"https:\/\/nexgendecors.com\/fr\/wp-json\/wp\/v2\/product_cat?post=179773"},{"taxonomy":"product_tag","embeddable":true,"href":"https:\/\/nexgendecors.com\/fr\/wp-json\/wp\/v2\/product_tag?post=179773"}],"curies":[{"name":"wp","href":"https:\/\/api.w.org\/{rel}","templated":true}]}}