{"id":179789,"date":"2025-02-27T03:51:37","date_gmt":"2025-02-27T03:51:37","guid":{"rendered":"https:\/\/nexgendecors.com\/en\/product\/modern-luxury-elegant-hotel-chair-wedding-furniture-metal-iron-gold-stackable-wedding-chairs-for-event\/"},"modified":"2025-02-27T03:51:53","modified_gmt":"2025-02-27T03:51:53","slug":"modern-luxury-elegant-hotel-chair-wedding-furniture-metal-iron-gold-stackable-wedding-chairs-for-event","status":"publish","type":"product","link":"https:\/\/nexgendecors.com\/fr\/product\/modern-luxury-elegant-hotel-chair-wedding-furniture-metal-iron-gold-stackable-wedding-chairs-for-event\/","title":{"rendered":"Chaise d&#039;h\u00f4tel de luxe moderne et \u00e9l\u00e9gante, mobilier de mariage, chaises de mariage empilables en m\u00e9tal et fer dor\u00e9 pour \u00e9v\u00e9nement"},"content":{"rendered":"<ul>\n<li><strong>utilisation sp\u00e9cifique : <\/strong> Chaise d&#039;h\u00f4tel<\/li>\n<li><strong>usage g\u00e9n\u00e9ral : <\/strong> Mobilier commercial<\/li>\n<li><strong>taper : <\/strong> Mobilier d&#039;h\u00f4tel<\/li>\n<li><strong>emballage du courrier : <\/strong> N<\/li>\n<li><strong>application : <\/strong> Dining, Hotel, Mall, Park, outdoor<\/li>\n<li><strong>style de conception : <\/strong> Moderne<\/li>\n<li><strong>mat\u00e9riel : <\/strong> m\u00e9tal<\/li>\n<li><strong>apparence : <\/strong> Moderne<\/li>\n<li><strong>pli\u00e9 : <\/strong> NON<\/li>\n<li><strong>type de m\u00e9tal : <\/strong> iron<\/li>\n<li><strong>lieu d&#039;origine : <\/strong> Guangdong, Chine<\/li>\n<li><strong>nom de marque : <\/strong> JINXINRAN<\/li>\n<li><strong>num\u00e9ro de mod\u00e8le : <\/strong> CY-0<\/li>\n<li><strong>Fonctionnalit\u00e9 : <\/strong> Sustainable, Durable, water proof, STABLE, stackable<\/li>\n<li><strong>Mat\u00e9riel : <\/strong> Iron\/steel frame,fabric\/pu leather seat<\/li>\n<li><strong>Fonction : <\/strong> Hotel .restaurant .banquet. home chairs<\/li>\n<li><strong>Busniess type : <\/strong> Fabricant<\/li>\n<li><strong>Main product : <\/strong> Wedding Chairs ,Wedding Table<\/li>\n<li><strong>OEM : <\/strong> Accept\u00e9<\/li>\n<li><strong>Factory City : <\/strong> Foshan,China<\/li>\n<\/ul>","protected":false},"excerpt":{"rendered":"<p>utilisation sp\u00e9cifique : chaise d'h\u00f4tel utilisation g\u00e9n\u00e9rale : mobilier commercial type : mobilier d'h\u00f4tel emballage postal : N application :<\/p>","protected":false},"featured_media":179788,"comment_status":"open","ping_status":"closed","template":"","meta":[],"product_brand":[],"product_cat":[30964],"product_tag":[],"class_list":{"0":"post-179789","1":"product","2":"type-product","3":"status-publish","4":"has-post-thumbnail","6":"product_cat-weeding-furniture","8":"first","9":"instock","10":"taxable","11":"shipping-taxable","12":"purchasable","13":"product-type-variable"},"_links":{"self":[{"href":"https:\/\/nexgendecors.com\/fr\/wp-json\/wp\/v2\/product\/179789","targetHints":{"allow":["GET"]}}],"collection":[{"href":"https:\/\/nexgendecors.com\/fr\/wp-json\/wp\/v2\/product"}],"about":[{"href":"https:\/\/nexgendecors.com\/fr\/wp-json\/wp\/v2\/types\/product"}],"replies":[{"embeddable":true,"href":"https:\/\/nexgendecors.com\/fr\/wp-json\/wp\/v2\/comments?post=179789"}],"version-history":[{"count":0,"href":"https:\/\/nexgendecors.com\/fr\/wp-json\/wp\/v2\/product\/179789\/revisions"}],"wp:featuredmedia":[{"embeddable":true,"href":"https:\/\/nexgendecors.com\/fr\/wp-json\/wp\/v2\/media\/179788"}],"wp:attachment":[{"href":"https:\/\/nexgendecors.com\/fr\/wp-json\/wp\/v2\/media?parent=179789"}],"wp:term":[{"taxonomy":"product_brand","embeddable":true,"href":"https:\/\/nexgendecors.com\/fr\/wp-json\/wp\/v2\/product_brand?post=179789"},{"taxonomy":"product_cat","embeddable":true,"href":"https:\/\/nexgendecors.com\/fr\/wp-json\/wp\/v2\/product_cat?post=179789"},{"taxonomy":"product_tag","embeddable":true,"href":"https:\/\/nexgendecors.com\/fr\/wp-json\/wp\/v2\/product_tag?post=179789"}],"curies":[{"name":"wp","href":"https:\/\/api.w.org\/{rel}","templated":true}]}}