{"id":179823,"date":"2025-02-27T03:54:06","date_gmt":"2025-02-27T03:54:06","guid":{"rendered":"https:\/\/nexgendecors.com\/en\/product\/modern-luxury-gold-stainless-steel-banquet-rectangle-shape-glass-top-wedding-table-for-event\/"},"modified":"2025-04-06T11:12:21","modified_gmt":"2025-04-06T11:12:21","slug":"modern-luxury-gold-stainless-steel-banquet-rectangle-shape-glass-top-wedding-table-for-event","status":"publish","type":"product","link":"https:\/\/nexgendecors.com\/fr\/product\/modern-luxury-gold-stainless-steel-banquet-rectangle-shape-glass-top-wedding-table-for-event\/","title":{"rendered":"Table de banquet rectangulaire en acier inoxydable dor\u00e9, de luxe et moderne, avec plateau en verre, pour mariage, \u00e9v\u00e9nement"},"content":{"rendered":"<ul>\n<li><strong>fonctionnalit\u00e9 : <\/strong> Waterproof, Sustainable, Durable, STABLE, MULTIPURPOSE<\/li>\n<li><strong>utilisation sp\u00e9cifique : <\/strong> DINING TABLE<\/li>\n<li><strong>usage g\u00e9n\u00e9ral : <\/strong> Home Furniture<\/li>\n<li><strong>taper : <\/strong> Dining Room Furniture<\/li>\n<li><strong>emballage du courrier : <\/strong> N<\/li>\n<li><strong>application : <\/strong> Dining, Hotel<\/li>\n<li><strong>style de conception : <\/strong> Moderne<\/li>\n<li><strong>mat\u00e9riel : <\/strong> m\u00e9tal<\/li>\n<li><strong>apparence : <\/strong> Moderne<\/li>\n<li><strong>pli\u00e9 : <\/strong> NON<\/li>\n<li><strong>type de m\u00e9tal : <\/strong> Acier inoxydable<\/li>\n<li><strong>lieu d&#039;origine : <\/strong> Guangdong, Chine<\/li>\n<li><strong>nom de marque : <\/strong> JXR<\/li>\n<li><strong>num\u00e9ro de mod\u00e8le : <\/strong> T26-q1<\/li>\n<li><strong>Frame Material : <\/strong> Steel<\/li>\n<li><strong>Forme : <\/strong> Rectangle<\/li>\n<li><strong>table top : <\/strong> Tempered Glass<\/li>\n<li><strong>Couleur : <\/strong> Sample or customize<\/li>\n<li><strong>Mat\u00e9riel : <\/strong> Acier inoxydable<\/li>\n<li><strong>Quantit\u00e9 minimale de commande : <\/strong> 1 pcs<\/li>\n<li><strong>OEM : <\/strong> Accept\u00e9<\/li>\n<li><strong>Business type : <\/strong> Fabricant<\/li>\n<li><strong>Appearance : <\/strong> modern<\/li>\n<li><strong>Factory : <\/strong> Foshan,China<\/li>\n<li><strong>Main product : <\/strong> Chairs,tables<\/li>\n<li><strong>Fonction : <\/strong> Wedding table<\/li>\n<\/ul>","protected":false},"excerpt":{"rendered":"<p>caract\u00e9ristique : Imperm\u00e9able, Durable, R\u00e9sistant, STABLE, POLYVALENT utilisation sp\u00e9cifique : TABLE \u00c0 MANGER utilisation g\u00e9n\u00e9rale : Meubles de maison type : Salle \u00e0 manger<\/p>","protected":false},"featured_media":179822,"comment_status":"open","ping_status":"closed","template":"","meta":[],"product_brand":[],"product_cat":[30964],"product_tag":[],"class_list":{"0":"post-179823","1":"product","2":"type-product","3":"status-publish","4":"has-post-thumbnail","6":"product_cat-weeding-furniture","8":"first","9":"instock","10":"taxable","11":"shipping-taxable","12":"purchasable","13":"product-type-variable"},"_links":{"self":[{"href":"https:\/\/nexgendecors.com\/fr\/wp-json\/wp\/v2\/product\/179823","targetHints":{"allow":["GET"]}}],"collection":[{"href":"https:\/\/nexgendecors.com\/fr\/wp-json\/wp\/v2\/product"}],"about":[{"href":"https:\/\/nexgendecors.com\/fr\/wp-json\/wp\/v2\/types\/product"}],"replies":[{"embeddable":true,"href":"https:\/\/nexgendecors.com\/fr\/wp-json\/wp\/v2\/comments?post=179823"}],"version-history":[{"count":0,"href":"https:\/\/nexgendecors.com\/fr\/wp-json\/wp\/v2\/product\/179823\/revisions"}],"wp:featuredmedia":[{"embeddable":true,"href":"https:\/\/nexgendecors.com\/fr\/wp-json\/wp\/v2\/media\/179822"}],"wp:attachment":[{"href":"https:\/\/nexgendecors.com\/fr\/wp-json\/wp\/v2\/media?parent=179823"}],"wp:term":[{"taxonomy":"product_brand","embeddable":true,"href":"https:\/\/nexgendecors.com\/fr\/wp-json\/wp\/v2\/product_brand?post=179823"},{"taxonomy":"product_cat","embeddable":true,"href":"https:\/\/nexgendecors.com\/fr\/wp-json\/wp\/v2\/product_cat?post=179823"},{"taxonomy":"product_tag","embeddable":true,"href":"https:\/\/nexgendecors.com\/fr\/wp-json\/wp\/v2\/product_tag?post=179823"}],"curies":[{"name":"wp","href":"https:\/\/api.w.org\/{rel}","templated":true}]}}