{"id":179855,"date":"2025-02-27T04:28:25","date_gmt":"2025-02-27T04:28:25","guid":{"rendered":"https:\/\/nexgendecors.com\/en\/product\/new-high-quality-elasticity-elegant-wedding-rosette-spandex-wedding-chair-covers\/"},"modified":"2025-04-06T11:12:53","modified_gmt":"2025-04-06T11:12:53","slug":"new-high-quality-elasticity-elegant-wedding-rosette-spandex-wedding-chair-covers","status":"publish","type":"product","link":"https:\/\/nexgendecors.com\/fr\/product\/new-high-quality-elasticity-elegant-wedding-rosette-spandex-wedding-chair-covers\/","title":{"rendered":"Housses de chaise de mariage \u00e9l\u00e9gantes et \u00e9lastiques en \u00e9lasthanne de haute qualit\u00e9"},"content":{"rendered":"<ul>\n<li><strong>mat\u00e9riel : <\/strong> \u00c9lasthanne \/ Polyester<\/li>\n<li><strong>style : <\/strong> Plaine<\/li>\n<li><strong>mod\u00e8le : <\/strong> Teint uni<\/li>\n<li><strong>application : <\/strong> Hotel Chair, Wedding Chair, Banquet Chair, Party<\/li>\n<li><strong>taille : <\/strong> personnaliser<\/li>\n<li><strong>num\u00e9ro de mod\u00e8le : <\/strong> jm-29<\/li>\n<li><strong>lieu d&#039;origine : <\/strong> Zhejiang, Chine<\/li>\n<li><strong>nom de marque : <\/strong> JM<\/li>\n<li><strong>fonctionnalit\u00e9 : <\/strong> washable<\/li>\n<li><strong>Nom du produit : <\/strong> Chair Covers<\/li>\n<li><strong>Utilisation : <\/strong> Wedding Party Banquet Hotel Chair<\/li>\n<li><strong>Couleur : <\/strong> Couleur personnalis\u00e9e<\/li>\n<li><strong>Taille : <\/strong> Standard Size<\/li>\n<li><strong>Quantit\u00e9 minimale de commande : <\/strong> 100 pi\u00e8ces<\/li>\n<li><strong>Tissu : <\/strong> Spandex Fabric<\/li>\n<li><strong>Style : <\/strong> Plain\/Luxury<\/li>\n<li><strong>Nom de marque : <\/strong> JIEMA<\/li>\n<li><strong>Emballage : <\/strong> 1pcs\/polybag,200pcs\/ctn<\/li>\n<li><strong>Discount : <\/strong> If you want more discount, please feel free to contact us !<\/li>\n<\/ul>","protected":false},"excerpt":{"rendered":"<p>mati\u00e8re : Spandex \/ Polyester style : uni motif : teint\u00e9 uni application : chaise d'h\u00f4tel, chaise de mariage, chaise de banquet,<\/p>","protected":false},"featured_media":179854,"comment_status":"open","ping_status":"closed","template":"","meta":[],"product_brand":[],"product_cat":[30961],"product_tag":[],"class_list":{"0":"post-179855","1":"product","2":"type-product","3":"status-publish","4":"has-post-thumbnail","6":"product_cat-napkins-dining-covers","8":"first","9":"instock","10":"taxable","11":"shipping-taxable","12":"purchasable","13":"product-type-variable"},"_links":{"self":[{"href":"https:\/\/nexgendecors.com\/fr\/wp-json\/wp\/v2\/product\/179855","targetHints":{"allow":["GET"]}}],"collection":[{"href":"https:\/\/nexgendecors.com\/fr\/wp-json\/wp\/v2\/product"}],"about":[{"href":"https:\/\/nexgendecors.com\/fr\/wp-json\/wp\/v2\/types\/product"}],"replies":[{"embeddable":true,"href":"https:\/\/nexgendecors.com\/fr\/wp-json\/wp\/v2\/comments?post=179855"}],"version-history":[{"count":0,"href":"https:\/\/nexgendecors.com\/fr\/wp-json\/wp\/v2\/product\/179855\/revisions"}],"wp:featuredmedia":[{"embeddable":true,"href":"https:\/\/nexgendecors.com\/fr\/wp-json\/wp\/v2\/media\/179854"}],"wp:attachment":[{"href":"https:\/\/nexgendecors.com\/fr\/wp-json\/wp\/v2\/media?parent=179855"}],"wp:term":[{"taxonomy":"product_brand","embeddable":true,"href":"https:\/\/nexgendecors.com\/fr\/wp-json\/wp\/v2\/product_brand?post=179855"},{"taxonomy":"product_cat","embeddable":true,"href":"https:\/\/nexgendecors.com\/fr\/wp-json\/wp\/v2\/product_cat?post=179855"},{"taxonomy":"product_tag","embeddable":true,"href":"https:\/\/nexgendecors.com\/fr\/wp-json\/wp\/v2\/product_tag?post=179855"}],"curies":[{"name":"wp","href":"https:\/\/api.w.org\/{rel}","templated":true}]}}