{"id":179869,"date":"2025-02-27T04:28:42","date_gmt":"2025-02-27T04:28:42","guid":{"rendered":"https:\/\/nexgendecors.com\/en\/product\/universal-chair-cover-back-tie-supplies-burgundy-spandex-chair-sashes-bows-for-wedding-banquet-party-hotel-decoration\/"},"modified":"2025-04-06T11:12:55","modified_gmt":"2025-04-06T11:12:55","slug":"universal-chair-cover-back-tie-supplies-burgundy-spandex-chair-sashes-bows-for-wedding-banquet-party-hotel-decoration","status":"publish","type":"product","link":"https:\/\/nexgendecors.com\/fr\/product\/universal-chair-cover-back-tie-supplies-burgundy-spandex-chair-sashes-bows-for-wedding-banquet-party-hotel-decoration\/","title":{"rendered":"Housse de chaise universelle, n\u0153uds et n\u0153uds en \u00e9lasthanne bordeaux pour d\u00e9coration de mariage, banquet, f\u00eate, h\u00f4tel"},"content":{"rendered":"<ul>\n<li><strong>mat\u00e9riel : <\/strong> spandex Polyester<\/li>\n<li><strong>style : <\/strong> Plaine<\/li>\n<li><strong>mod\u00e8le : <\/strong> Teint uni<\/li>\n<li><strong>taille : <\/strong> Personnalis\u00e9<\/li>\n<li><strong>utiliser : <\/strong> Home, Hotel, Wedding, Banquet<\/li>\n<li><strong>lieu d&#039;origine : <\/strong> Guangdong, Chine<\/li>\n<li><strong>nom de marque : <\/strong> JIEMA<\/li>\n<li><strong>num\u00e9ro de mod\u00e8le : <\/strong> wedding chair sash-03<\/li>\n<li><strong>Nom du produit : <\/strong> Solid Color Bows Decoration Tie Chair Cover Sashes<\/li>\n<li><strong>Couleur : <\/strong> Couleur personnalis\u00e9e<\/li>\n<li><strong>Tissu : <\/strong> Polyester Fabric<\/li>\n<li><strong>Quantit\u00e9 minimale de commande : <\/strong> 100 pi\u00e8ces<\/li>\n<li><strong>Utilisation : <\/strong> Wedding Party Banquet Hotel Chair<\/li>\n<li><strong>\u00c9chantillon : <\/strong> Fourni<\/li>\n<li><strong>PAIEMENT : <\/strong> Bank TT.Paypal.Western Uinon<\/li>\n<li><strong>OEM : <\/strong> Weclome<\/li>\n<li><strong>Chair sashes  MOQ : <\/strong> 100 pi\u00e8ces<\/li>\n<li><strong>Mots cl\u00e9s : <\/strong> Wedding Party Decor Chair Sash<\/li>\n<\/ul>","protected":false},"excerpt":{"rendered":"<p>mati\u00e8re : spandex polyester style : uni motif : uni teint taille : personnalis\u00e9 utilisation : maison, h\u00f4tel, mariage, banquet<\/p>","protected":false},"featured_media":179868,"comment_status":"open","ping_status":"closed","template":"","meta":[],"product_brand":[],"product_cat":[30961],"product_tag":[],"class_list":{"0":"post-179869","1":"product","2":"type-product","3":"status-publish","4":"has-post-thumbnail","6":"product_cat-napkins-dining-covers","8":"first","9":"instock","10":"taxable","11":"shipping-taxable","12":"purchasable","13":"product-type-simple"},"_links":{"self":[{"href":"https:\/\/nexgendecors.com\/fr\/wp-json\/wp\/v2\/product\/179869","targetHints":{"allow":["GET"]}}],"collection":[{"href":"https:\/\/nexgendecors.com\/fr\/wp-json\/wp\/v2\/product"}],"about":[{"href":"https:\/\/nexgendecors.com\/fr\/wp-json\/wp\/v2\/types\/product"}],"replies":[{"embeddable":true,"href":"https:\/\/nexgendecors.com\/fr\/wp-json\/wp\/v2\/comments?post=179869"}],"version-history":[{"count":0,"href":"https:\/\/nexgendecors.com\/fr\/wp-json\/wp\/v2\/product\/179869\/revisions"}],"wp:featuredmedia":[{"embeddable":true,"href":"https:\/\/nexgendecors.com\/fr\/wp-json\/wp\/v2\/media\/179868"}],"wp:attachment":[{"href":"https:\/\/nexgendecors.com\/fr\/wp-json\/wp\/v2\/media?parent=179869"}],"wp:term":[{"taxonomy":"product_brand","embeddable":true,"href":"https:\/\/nexgendecors.com\/fr\/wp-json\/wp\/v2\/product_brand?post=179869"},{"taxonomy":"product_cat","embeddable":true,"href":"https:\/\/nexgendecors.com\/fr\/wp-json\/wp\/v2\/product_cat?post=179869"},{"taxonomy":"product_tag","embeddable":true,"href":"https:\/\/nexgendecors.com\/fr\/wp-json\/wp\/v2\/product_tag?post=179869"}],"curies":[{"name":"wp","href":"https:\/\/api.w.org\/{rel}","templated":true}]}}