{"id":179885,"date":"2025-02-27T04:29:02","date_gmt":"2025-02-27T04:29:02","guid":{"rendered":"https:\/\/nexgendecors.com\/en\/product\/wholesale-beautiful-rose-embroidery-organza-flower-chair-sashes-for-wedding-hotel-dining-party-christmas-decoration\/"},"modified":"2025-04-06T11:12:58","modified_gmt":"2025-04-06T11:12:58","slug":"wholesale-beautiful-rose-embroidery-organza-flower-chair-sashes-for-wedding-hotel-dining-party-christmas-decoration","status":"publish","type":"product","link":"https:\/\/nexgendecors.com\/fr\/product\/wholesale-beautiful-rose-embroidery-organza-flower-chair-sashes-for-wedding-hotel-dining-party-christmas-decoration\/","title":{"rendered":"Vente en gros de magnifiques ceintures de chaise en organza brod\u00e9es de roses pour mariage, h\u00f4tel, d\u00eener, f\u00eate, d\u00e9coration de No\u00ebl"},"content":{"rendered":"<ul>\n<li><strong>mat\u00e9riel : <\/strong> Organza Fabric<\/li>\n<li><strong>style : <\/strong> Plaine<\/li>\n<li><strong>mod\u00e8le : <\/strong> Teint uni<\/li>\n<li><strong>taille : <\/strong> standard size<\/li>\n<li><strong>utiliser : <\/strong> Maison, H\u00f4tel, Mariage, Banquet, F\u00eate<\/li>\n<li><strong>lieu d&#039;origine : <\/strong> Guangdong, Chine<\/li>\n<li><strong>nom de marque : <\/strong> JIEMA<\/li>\n<li><strong>num\u00e9ro de mod\u00e8le : <\/strong> organza floral chair sash-02<\/li>\n<li><strong>Couleur : <\/strong> Couleur personnalis\u00e9e<\/li>\n<li><strong>Utilisation : <\/strong> Wedding Party Banquet  Hotel Outdoor Chair<\/li>\n<li><strong>Tissu : <\/strong> Organza Chair Sash<\/li>\n<li><strong>Logo : <\/strong> Accepter le logo personnalis\u00e9<\/li>\n<li><strong>Quantit\u00e9 minimale de commande : <\/strong> 100 pi\u00e8ces<\/li>\n<li><strong>Taille : <\/strong> Standard Size<\/li>\n<li><strong>Conception : <\/strong> Accepter les conceptions personnalis\u00e9es<\/li>\n<li><strong>\u00c9chantillon : <\/strong> Fourni<\/li>\n<li><strong>PAIEMENT : <\/strong> Banque TT.Paypal.Western Union Trade Assurance<\/li>\n<li><strong>Qualit\u00e9 : <\/strong> Haute qualit\u00e9<\/li>\n<\/ul>","protected":false},"excerpt":{"rendered":"<p>mati\u00e8re : Organza style de tissu : Uni motif : Teint uni taille : taille standard utilisation : Maison, H\u00f4tel, Mariage,<\/p>","protected":false},"featured_media":179884,"comment_status":"open","ping_status":"closed","template":"","meta":[],"product_brand":[],"product_cat":[30961],"product_tag":[],"class_list":{"0":"post-179885","1":"product","2":"type-product","3":"status-publish","4":"has-post-thumbnail","6":"product_cat-napkins-dining-covers","8":"first","9":"instock","10":"taxable","11":"shipping-taxable","12":"purchasable","13":"product-type-simple"},"_links":{"self":[{"href":"https:\/\/nexgendecors.com\/fr\/wp-json\/wp\/v2\/product\/179885","targetHints":{"allow":["GET"]}}],"collection":[{"href":"https:\/\/nexgendecors.com\/fr\/wp-json\/wp\/v2\/product"}],"about":[{"href":"https:\/\/nexgendecors.com\/fr\/wp-json\/wp\/v2\/types\/product"}],"replies":[{"embeddable":true,"href":"https:\/\/nexgendecors.com\/fr\/wp-json\/wp\/v2\/comments?post=179885"}],"version-history":[{"count":0,"href":"https:\/\/nexgendecors.com\/fr\/wp-json\/wp\/v2\/product\/179885\/revisions"}],"wp:featuredmedia":[{"embeddable":true,"href":"https:\/\/nexgendecors.com\/fr\/wp-json\/wp\/v2\/media\/179884"}],"wp:attachment":[{"href":"https:\/\/nexgendecors.com\/fr\/wp-json\/wp\/v2\/media?parent=179885"}],"wp:term":[{"taxonomy":"product_brand","embeddable":true,"href":"https:\/\/nexgendecors.com\/fr\/wp-json\/wp\/v2\/product_brand?post=179885"},{"taxonomy":"product_cat","embeddable":true,"href":"https:\/\/nexgendecors.com\/fr\/wp-json\/wp\/v2\/product_cat?post=179885"},{"taxonomy":"product_tag","embeddable":true,"href":"https:\/\/nexgendecors.com\/fr\/wp-json\/wp\/v2\/product_tag?post=179885"}],"curies":[{"name":"wp","href":"https:\/\/api.w.org\/{rel}","templated":true}]}}