{"id":179894,"date":"2025-02-27T04:29:20","date_gmt":"2025-02-27T04:29:20","guid":{"rendered":"https:\/\/nexgendecors.com\/en\/product\/wholesale-wedding-ivory-chair-covers-bands-chiffon-organza-chair-sashes-riffled-for-party-banquet-decorative\/"},"modified":"2025-04-06T11:13:00","modified_gmt":"2025-04-06T11:13:00","slug":"housses-de-chaise-de-mariage-en-ivoire-bandes-de-mousseline-de-soie-ceintures-de-chaise-en-organza-a-volants-pour-decoration-de-banquet-de-fete","status":"publish","type":"product","link":"https:\/\/nexgendecors.com\/fr\/product\/housses-de-chaise-de-mariage-en-ivoire-bandes-de-mousseline-de-soie-ceintures-de-chaise-en-organza-a-volants-pour-decoration-de-banquet-de-fete\/","title":{"rendered":"Housses de chaise de mariage ivoire en gros, bandes de mousseline de soie et organza, ceintures de chaise \u00e0 volants pour d\u00e9coration de banquet de f\u00eate"},"content":{"rendered":"<ul>\n<li><strong>mat\u00e9riel : <\/strong> Tissu en mousseline de soie<\/li>\n<li><strong>style : <\/strong> Plaine<\/li>\n<li><strong>mod\u00e8le : <\/strong> Teint uni<\/li>\n<li><strong>taille : <\/strong> personnaliser<\/li>\n<li><strong>utiliser : <\/strong> Maison, H\u00f4tel, Mariage, Banquet, F\u00eate<\/li>\n<li><strong>lieu d&#039;origine : <\/strong> Guangdong, Chine<\/li>\n<li><strong>nom de marque : <\/strong> JIEMA<\/li>\n<li><strong>num\u00e9ro de mod\u00e8le : <\/strong> jm-s007<\/li>\n<li><strong>Nom du produit : <\/strong> ceintures de chaise en mousseline<\/li>\n<li><strong>Quantit\u00e9 minimale de commande : <\/strong> 100 pi\u00e8ces<\/li>\n<li><strong>Couleur : <\/strong> Couleur personnalis\u00e9e<\/li>\n<li><strong>Utilisation : <\/strong> Mariage H\u00f4tel Restaurant Banquet Maison<\/li>\n<li><strong>Tissu : <\/strong> Tissu en mousseline de soie<\/li>\n<li><strong>Mots cl\u00e9s : <\/strong> Ruban de chaise de mariage en organza<\/li>\n<li><strong>\u00c9chantillon : <\/strong> Fourni<\/li>\n<li><strong>Conception : <\/strong> Accepter les conceptions personnalis\u00e9es<\/li>\n<li><strong>PAIEMENT : <\/strong> Banque TT.Paypal.Western Union Trade Assurance<\/li>\n<li><strong>Qualit\u00e9 : <\/strong> Haute qualit\u00e9<\/li>\n<\/ul>","protected":false},"excerpt":{"rendered":"<p>mati\u00e8re : mousseline style de tissu : uni motif : uni teint taille : personnaliser utilisation : maison, h\u00f4tel, mariage, banquet,<\/p>","protected":false},"featured_media":179893,"comment_status":"open","ping_status":"closed","template":"","meta":[],"product_brand":[],"product_cat":[30961],"product_tag":[],"class_list":{"0":"post-179894","1":"product","2":"type-product","3":"status-publish","4":"has-post-thumbnail","6":"product_cat-napkins-dining-covers","8":"first","9":"instock","10":"taxable","11":"shipping-taxable","12":"purchasable","13":"product-type-simple"},"_links":{"self":[{"href":"https:\/\/nexgendecors.com\/fr\/wp-json\/wp\/v2\/product\/179894","targetHints":{"allow":["GET"]}}],"collection":[{"href":"https:\/\/nexgendecors.com\/fr\/wp-json\/wp\/v2\/product"}],"about":[{"href":"https:\/\/nexgendecors.com\/fr\/wp-json\/wp\/v2\/types\/product"}],"replies":[{"embeddable":true,"href":"https:\/\/nexgendecors.com\/fr\/wp-json\/wp\/v2\/comments?post=179894"}],"version-history":[{"count":0,"href":"https:\/\/nexgendecors.com\/fr\/wp-json\/wp\/v2\/product\/179894\/revisions"}],"wp:featuredmedia":[{"embeddable":true,"href":"https:\/\/nexgendecors.com\/fr\/wp-json\/wp\/v2\/media\/179893"}],"wp:attachment":[{"href":"https:\/\/nexgendecors.com\/fr\/wp-json\/wp\/v2\/media?parent=179894"}],"wp:term":[{"taxonomy":"product_brand","embeddable":true,"href":"https:\/\/nexgendecors.com\/fr\/wp-json\/wp\/v2\/product_brand?post=179894"},{"taxonomy":"product_cat","embeddable":true,"href":"https:\/\/nexgendecors.com\/fr\/wp-json\/wp\/v2\/product_cat?post=179894"},{"taxonomy":"product_tag","embeddable":true,"href":"https:\/\/nexgendecors.com\/fr\/wp-json\/wp\/v2\/product_tag?post=179894"}],"curies":[{"name":"wp","href":"https:\/\/api.w.org\/{rel}","templated":true}]}}