{"id":179901,"date":"2025-02-27T04:29:52","date_gmt":"2025-02-27T04:29:52","guid":{"rendered":"https:\/\/nexgendecors.com\/en\/product\/hot-sale-red-black-elastic-pleated-skirt-white-cheap-wedding-banquet-chair-cover-for-wedding-hotel-wedding-spandex-chair\/"},"modified":"2025-04-06T11:13:12","modified_gmt":"2025-04-06T11:13:12","slug":"hot-sale-red-black-elastic-pleated-skirt-white-cheap-wedding-banquet-chair-cover-for-wedding-hotel-wedding-spandex-chair","status":"publish","type":"product","link":"https:\/\/nexgendecors.com\/fr\/product\/hot-sale-red-black-elastic-pleated-skirt-white-cheap-wedding-banquet-chair-cover-for-wedding-hotel-wedding-spandex-chair\/","title":{"rendered":"Vente chaude ROUGE NOIR \u00c9lastique Jupe Pliss\u00e9e Blanc Pas Cher Mariage Banquet Housse de Chaise pour Mariage H\u00f4tel Mariage Spandex Chaise"},"content":{"rendered":"<ul>\n<li><strong>lieu d&#039;origine : <\/strong> Anhui, China<\/li>\n<li><strong>nom de marque : <\/strong> JIEMA<\/li>\n<li><strong>num\u00e9ro de mod\u00e8le : <\/strong> JM8898<\/li>\n<li><strong>mat\u00e9riel : <\/strong> Polyester<\/li>\n<li><strong>Nom du produit : <\/strong> Wedding Banquet Chair Cover<\/li>\n<li><strong>Couleur : <\/strong> coutume<\/li>\n<li><strong>Utilisation : <\/strong> Spandex chair cover<\/li>\n<li><strong>Features : <\/strong> Durable, Washable<\/li>\n<li><strong>Fonction : <\/strong> Wedding, Banquet, Restaurant, Hotel<\/li>\n<li><strong>Taille : <\/strong> Universal or customized<\/li>\n<li><strong>Nom de l&#039;article : <\/strong> Wedding Banquet Chair Cover<\/li>\n<li><strong>Quantit\u00e9 minimale de commande : <\/strong> 1pc sample order is welcomed<\/li>\n<li><strong>Tissu : <\/strong> Spandex fabric<\/li>\n<li><strong>Application : <\/strong> Hotel, Dining room, Wedding, Conference, Party<\/li>\n<\/ul>","protected":false},"excerpt":{"rendered":"<p>Lieu d&#039;origine : Anhui, Chine Nom de marque : JIEMA Num\u00e9ro de mod\u00e8le : JM8898 Mat\u00e9riau : Polyester Nom du produit :<\/p>","protected":false},"featured_media":179900,"comment_status":"open","ping_status":"closed","template":"","meta":[],"product_brand":[],"product_cat":[30961],"product_tag":[],"class_list":{"0":"post-179901","1":"product","2":"type-product","3":"status-publish","4":"has-post-thumbnail","6":"product_cat-napkins-dining-covers","8":"first","9":"instock","10":"taxable","11":"shipping-taxable","12":"purchasable","13":"product-type-variable"},"_links":{"self":[{"href":"https:\/\/nexgendecors.com\/fr\/wp-json\/wp\/v2\/product\/179901","targetHints":{"allow":["GET"]}}],"collection":[{"href":"https:\/\/nexgendecors.com\/fr\/wp-json\/wp\/v2\/product"}],"about":[{"href":"https:\/\/nexgendecors.com\/fr\/wp-json\/wp\/v2\/types\/product"}],"replies":[{"embeddable":true,"href":"https:\/\/nexgendecors.com\/fr\/wp-json\/wp\/v2\/comments?post=179901"}],"version-history":[{"count":0,"href":"https:\/\/nexgendecors.com\/fr\/wp-json\/wp\/v2\/product\/179901\/revisions"}],"wp:featuredmedia":[{"embeddable":true,"href":"https:\/\/nexgendecors.com\/fr\/wp-json\/wp\/v2\/media\/179900"}],"wp:attachment":[{"href":"https:\/\/nexgendecors.com\/fr\/wp-json\/wp\/v2\/media?parent=179901"}],"wp:term":[{"taxonomy":"product_brand","embeddable":true,"href":"https:\/\/nexgendecors.com\/fr\/wp-json\/wp\/v2\/product_brand?post=179901"},{"taxonomy":"product_cat","embeddable":true,"href":"https:\/\/nexgendecors.com\/fr\/wp-json\/wp\/v2\/product_cat?post=179901"},{"taxonomy":"product_tag","embeddable":true,"href":"https:\/\/nexgendecors.com\/fr\/wp-json\/wp\/v2\/product_tag?post=179901"}],"curies":[{"name":"wp","href":"https:\/\/api.w.org\/{rel}","templated":true}]}}