{"id":179928,"date":"2025-02-27T04:30:24","date_gmt":"2025-02-27T04:30:24","guid":{"rendered":"https:\/\/nexgendecors.com\/en\/product\/luxury-satin-covering-stretch-blue-white-chair-covers-dinner-church-events-banquet-wedding-party-hotel-decoration\/"},"modified":"2025-04-06T11:13:23","modified_gmt":"2025-04-06T11:13:23","slug":"luxury-satin-covering-stretch-blue-white-chair-covers-dinner-church-events-banquet-wedding-party-hotel-decoration","status":"publish","type":"product","link":"https:\/\/nexgendecors.com\/fr\/product\/luxury-satin-covering-stretch-blue-white-chair-covers-dinner-church-events-banquet-wedding-party-hotel-decoration\/","title":{"rendered":"Housses de chaise extensibles en satin de luxe bleu et blanc pour d\u00eener, \u00e9glise, \u00e9v\u00e9nements, banquet, mariage, f\u00eate, d\u00e9coration d&#039;h\u00f4tel"},"content":{"rendered":"<ul>\n<li><strong>mat\u00e9riel : <\/strong> Satin Fabric<\/li>\n<li><strong>style : <\/strong> jacquard<\/li>\n<li><strong>mod\u00e8le : <\/strong> Teint uni<\/li>\n<li><strong>application : <\/strong> Hotel Chair, Wedding Chair, Banquet Chair, dinning chair<\/li>\n<li><strong>taille : <\/strong> Personnalis\u00e9<\/li>\n<li><strong>num\u00e9ro de mod\u00e8le : <\/strong> Modern Printed<\/li>\n<li><strong>lieu d&#039;origine : <\/strong> Guangdong, Chine<\/li>\n<li><strong>nom de marque : <\/strong> JIEMA<\/li>\n<li><strong>fonctionnalit\u00e9 : <\/strong> Luxe moderne<\/li>\n<li><strong>Nom du produit : <\/strong> Chair Covers<\/li>\n<li><strong>Couleur : <\/strong> Couleur personnalis\u00e9e<\/li>\n<li><strong>Quantit\u00e9 minimale de commande : <\/strong> 50pcs<\/li>\n<li><strong>Tissu : <\/strong> Polyester \u00e9lasthanne<\/li>\n<li><strong>Fonction : <\/strong> Party .wedding .event .banquet  Elastic Outdoor Chair Covers<\/li>\n<li><strong>OEM : <\/strong> Accept OEM Service<\/li>\n<li><strong>Utilisation : <\/strong> Wedding Party Banquet  Hotel Outdoor Chair<\/li>\n<li><strong>Logo : <\/strong> Accepter le logo personnalis\u00e9<\/li>\n<li><strong>Qualit\u00e9 : <\/strong> Haute qualit\u00e9<\/li>\n<li><strong>\u00c9chantillon : <\/strong> Avaiable<\/li>\n<\/ul>","protected":false},"excerpt":{"rendered":"<p>Mati\u00e8re : Tissu satin\u00e9 Style : Jacquard Motif : Teint uni Application : Chaise d&#039;h\u00f4tel, Chaise de mariage, Chaise de banquet, Salle \u00e0 manger<\/p>","protected":false},"featured_media":179927,"comment_status":"open","ping_status":"closed","template":"","meta":[],"product_brand":[],"product_cat":[30961],"product_tag":[],"class_list":{"0":"post-179928","1":"product","2":"type-product","3":"status-publish","4":"has-post-thumbnail","6":"product_cat-napkins-dining-covers","8":"first","9":"instock","10":"taxable","11":"shipping-taxable","12":"purchasable","13":"product-type-variable"},"_links":{"self":[{"href":"https:\/\/nexgendecors.com\/fr\/wp-json\/wp\/v2\/product\/179928","targetHints":{"allow":["GET"]}}],"collection":[{"href":"https:\/\/nexgendecors.com\/fr\/wp-json\/wp\/v2\/product"}],"about":[{"href":"https:\/\/nexgendecors.com\/fr\/wp-json\/wp\/v2\/types\/product"}],"replies":[{"embeddable":true,"href":"https:\/\/nexgendecors.com\/fr\/wp-json\/wp\/v2\/comments?post=179928"}],"version-history":[{"count":0,"href":"https:\/\/nexgendecors.com\/fr\/wp-json\/wp\/v2\/product\/179928\/revisions"}],"wp:featuredmedia":[{"embeddable":true,"href":"https:\/\/nexgendecors.com\/fr\/wp-json\/wp\/v2\/media\/179927"}],"wp:attachment":[{"href":"https:\/\/nexgendecors.com\/fr\/wp-json\/wp\/v2\/media?parent=179928"}],"wp:term":[{"taxonomy":"product_brand","embeddable":true,"href":"https:\/\/nexgendecors.com\/fr\/wp-json\/wp\/v2\/product_brand?post=179928"},{"taxonomy":"product_cat","embeddable":true,"href":"https:\/\/nexgendecors.com\/fr\/wp-json\/wp\/v2\/product_cat?post=179928"},{"taxonomy":"product_tag","embeddable":true,"href":"https:\/\/nexgendecors.com\/fr\/wp-json\/wp\/v2\/product_tag?post=179928"}],"curies":[{"name":"wp","href":"https:\/\/api.w.org\/{rel}","templated":true}]}}