{"id":180057,"date":"2025-02-27T04:32:20","date_gmt":"2025-02-27T04:32:20","guid":{"rendered":"https:\/\/nexgendecors.com\/en\/product\/new-style-cheapest-removable-chair-cover-full-cover-spandex-washable-ivory-chair-cover-decorative-for-banquet-party\/"},"modified":"2025-02-27T04:33:02","modified_gmt":"2025-02-27T04:33:02","slug":"new-style-cheapest-removable-chair-cover-full-cover-spandex-washable-ivory-chair-cover-decorative-for-banquet-party","status":"publish","type":"product","link":"https:\/\/nexgendecors.com\/fr\/product\/new-style-cheapest-removable-chair-cover-full-cover-spandex-washable-ivory-chair-cover-decorative-for-banquet-party\/","title":{"rendered":"Housse de chaise amovible, nouveau style, housse compl\u00e8te en \u00e9lasthanne, lavable, ivoire, d\u00e9corative, pour banquet et f\u00eate"},"content":{"rendered":"<ul>\n<li><strong>mat\u00e9riel : <\/strong> \u00c9lasthanne \/ Polyester<\/li>\n<li><strong>style : <\/strong> Plaine<\/li>\n<li><strong>mod\u00e8le : <\/strong> Teint uni<\/li>\n<li><strong>application : <\/strong> Hotel Chair, Wedding Chair, Banquet Chair, Household chair<\/li>\n<li><strong>taille : <\/strong> 38*45*52cm<\/li>\n<li><strong>num\u00e9ro de mod\u00e8le : <\/strong> JM0066<\/li>\n<li><strong>lieu d&#039;origine : <\/strong> Guangdong, Chine<\/li>\n<li><strong>nom de marque : <\/strong> Jiema<\/li>\n<li><strong>fonctionnalit\u00e9 : <\/strong> chair covers<\/li>\n<li><strong>Nom du produit : <\/strong> Chair Cover<\/li>\n<li><strong>Utilisation : <\/strong> Home Textile<\/li>\n<li><strong>Couleur : <\/strong> Couleur personnalis\u00e9e<\/li>\n<li><strong>Tissu : <\/strong> polyester<\/li>\n<li><strong>Quantit\u00e9 minimale de commande : <\/strong> 200 Pcs<\/li>\n<li><strong>Qualit\u00e9 : <\/strong> Excellent<\/li>\n<li><strong>Fonction : <\/strong> Mariage.banquet.restaurant.h\u00f4tel<\/li>\n<li><strong>Mots cl\u00e9s : <\/strong> Chair Sashes Wedding Party<\/li>\n<li><strong>Style : <\/strong> modern<\/li>\n<li><strong>\u00c9chantillon : <\/strong> Fourni<\/li>\n<\/ul>","protected":false},"excerpt":{"rendered":"<p>mati\u00e8re : Spandex \/ Polyester style : uni motif : teint\u00e9 uni application : chaise d'h\u00f4tel, chaise de mariage, chaise de banquet,<\/p>","protected":false},"featured_media":180056,"comment_status":"open","ping_status":"closed","template":"","meta":[],"product_brand":[],"product_cat":[30961],"product_tag":[],"class_list":{"0":"post-180057","1":"product","2":"type-product","3":"status-publish","4":"has-post-thumbnail","6":"product_cat-napkins-dining-covers","8":"first","9":"instock","10":"taxable","11":"shipping-taxable","12":"purchasable","13":"product-type-variable"},"_links":{"self":[{"href":"https:\/\/nexgendecors.com\/fr\/wp-json\/wp\/v2\/product\/180057","targetHints":{"allow":["GET"]}}],"collection":[{"href":"https:\/\/nexgendecors.com\/fr\/wp-json\/wp\/v2\/product"}],"about":[{"href":"https:\/\/nexgendecors.com\/fr\/wp-json\/wp\/v2\/types\/product"}],"replies":[{"embeddable":true,"href":"https:\/\/nexgendecors.com\/fr\/wp-json\/wp\/v2\/comments?post=180057"}],"version-history":[{"count":0,"href":"https:\/\/nexgendecors.com\/fr\/wp-json\/wp\/v2\/product\/180057\/revisions"}],"wp:featuredmedia":[{"embeddable":true,"href":"https:\/\/nexgendecors.com\/fr\/wp-json\/wp\/v2\/media\/180056"}],"wp:attachment":[{"href":"https:\/\/nexgendecors.com\/fr\/wp-json\/wp\/v2\/media?parent=180057"}],"wp:term":[{"taxonomy":"product_brand","embeddable":true,"href":"https:\/\/nexgendecors.com\/fr\/wp-json\/wp\/v2\/product_brand?post=180057"},{"taxonomy":"product_cat","embeddable":true,"href":"https:\/\/nexgendecors.com\/fr\/wp-json\/wp\/v2\/product_cat?post=180057"},{"taxonomy":"product_tag","embeddable":true,"href":"https:\/\/nexgendecors.com\/fr\/wp-json\/wp\/v2\/product_tag?post=180057"}],"curies":[{"name":"wp","href":"https:\/\/api.w.org\/{rel}","templated":true}]}}