{"id":180073,"date":"2025-02-27T04:32:38","date_gmt":"2025-02-27T04:32:38","guid":{"rendered":"https:\/\/nexgendecors.com\/en\/product\/wholesale-satin-fabric-custom-sashes-chair-cover-wedding-meeting-home-decoration-ribbons-for-wedding-chairs-decor\/"},"modified":"2025-04-06T11:13:55","modified_gmt":"2025-04-06T11:13:55","slug":"wholesale-satin-fabric-custom-sashes-chair-cover-wedding-meeting-home-decoration-ribbons-for-wedding-chairs-decor","status":"publish","type":"product","link":"https:\/\/nexgendecors.com\/fr\/product\/wholesale-satin-fabric-custom-sashes-chair-cover-wedding-meeting-home-decoration-ribbons-for-wedding-chairs-decor\/","title":{"rendered":"Vente en gros de tissu satin\u00e9, ceintures personnalis\u00e9es, housse de chaise, rubans de d\u00e9coration pour mariage, r\u00e9union, maison, chaises de mariage"},"content":{"rendered":"<ul>\n<li><strong>mat\u00e9riel : <\/strong> 100% Polyester<\/li>\n<li><strong>style : <\/strong> Plaine<\/li>\n<li><strong>mod\u00e8le : <\/strong> Teint uni<\/li>\n<li><strong>taille : <\/strong> Personnalis\u00e9<\/li>\n<li><strong>fonctionnalit\u00e9 : <\/strong> Jetable<\/li>\n<li><strong>utiliser : <\/strong> Maison, H\u00f4tel, Mariage, Banquet, F\u00eate<\/li>\n<li><strong>lieu d&#039;origine : <\/strong> Guangdong, Chine<\/li>\n<li><strong>nom de marque : <\/strong> JIEMA<\/li>\n<li><strong>num\u00e9ro de mod\u00e8le : <\/strong> crown buckle chair sash-03<\/li>\n<li><strong>Nom du produit : <\/strong> Chair Sashes<\/li>\n<li><strong>Couleur : <\/strong> Couleur personnalis\u00e9e<\/li>\n<li><strong>Taille : <\/strong> Customiszed<\/li>\n<li><strong>Quantit\u00e9 minimale de commande : <\/strong> 100 pi\u00e8ces<\/li>\n<li><strong>Utilisation : <\/strong> Wedding Party Banquet Hotel Chair<\/li>\n<li><strong>Taper : <\/strong> Wedding Party Theme<\/li>\n<li><strong>\u00c9chantillon : <\/strong> Fourni<\/li>\n<li><strong>Key words : <\/strong> Spandex Chair Covers Stretch Sashes<\/li>\n<li><strong>Service : <\/strong> OEM\/ODM\/24 Hours<\/li>\n<li><strong>Saison : <\/strong> Tous les jours<\/li>\n<\/ul>","protected":false},"excerpt":{"rendered":"<p>mati\u00e8re : 100% Polyester style : Uni motif : Uni teint taille : Personnalis\u00e9 caract\u00e9ristique : Jetable utilisation : Maison,<\/p>","protected":false},"featured_media":180072,"comment_status":"open","ping_status":"closed","template":"","meta":[],"product_brand":[],"product_cat":[30961],"product_tag":[],"class_list":{"0":"post-180073","1":"product","2":"type-product","3":"status-publish","4":"has-post-thumbnail","6":"product_cat-napkins-dining-covers","8":"first","9":"instock","10":"taxable","11":"shipping-taxable","12":"purchasable","13":"product-type-simple"},"_links":{"self":[{"href":"https:\/\/nexgendecors.com\/fr\/wp-json\/wp\/v2\/product\/180073","targetHints":{"allow":["GET"]}}],"collection":[{"href":"https:\/\/nexgendecors.com\/fr\/wp-json\/wp\/v2\/product"}],"about":[{"href":"https:\/\/nexgendecors.com\/fr\/wp-json\/wp\/v2\/types\/product"}],"replies":[{"embeddable":true,"href":"https:\/\/nexgendecors.com\/fr\/wp-json\/wp\/v2\/comments?post=180073"}],"version-history":[{"count":0,"href":"https:\/\/nexgendecors.com\/fr\/wp-json\/wp\/v2\/product\/180073\/revisions"}],"wp:featuredmedia":[{"embeddable":true,"href":"https:\/\/nexgendecors.com\/fr\/wp-json\/wp\/v2\/media\/180072"}],"wp:attachment":[{"href":"https:\/\/nexgendecors.com\/fr\/wp-json\/wp\/v2\/media?parent=180073"}],"wp:term":[{"taxonomy":"product_brand","embeddable":true,"href":"https:\/\/nexgendecors.com\/fr\/wp-json\/wp\/v2\/product_brand?post=180073"},{"taxonomy":"product_cat","embeddable":true,"href":"https:\/\/nexgendecors.com\/fr\/wp-json\/wp\/v2\/product_cat?post=180073"},{"taxonomy":"product_tag","embeddable":true,"href":"https:\/\/nexgendecors.com\/fr\/wp-json\/wp\/v2\/product_tag?post=180073"}],"curies":[{"name":"wp","href":"https:\/\/api.w.org\/{rel}","templated":true}]}}