{"id":180172,"date":"2025-02-27T08:33:26","date_gmt":"2025-02-27T08:33:26","guid":{"rendered":"https:\/\/nexgendecors.com\/en\/product\/thickened-304-stainless-steel-table-spoon-western-tableware-set-steak-knife-fork-hotel-supplies-coffee-spoon-dessert-ice-spoon\/"},"modified":"2025-04-06T11:14:08","modified_gmt":"2025-04-06T11:14:08","slug":"thickened-304-stainless-steel-table-spoon-western-tableware-set-steak-knife-fork-hotel-supplies-coffee-spoon-dessert-ice-spoon","status":"publish","type":"product","link":"https:\/\/nexgendecors.com\/fr\/product\/thickened-304-stainless-steel-table-spoon-western-tableware-set-steak-knife-fork-hotel-supplies-coffee-spoon-dessert-ice-spoon\/","title":{"rendered":"Cuill\u00e8re de table en acier inoxydable 304 \u00e9paissie ensemble de vaisselle occidentale couteau \u00e0 steak fourchette fournitures d'h\u00f4tel cuill\u00e8re \u00e0 caf\u00e9 cuill\u00e8re \u00e0 glace \u00e0 dessert"},"content":{"rendered":"","protected":false},"excerpt":{"rendered":"","protected":false},"featured_media":180171,"comment_status":"open","ping_status":"closed","template":"","meta":[],"product_brand":[],"product_cat":[30965],"product_tag":[],"class_list":{"0":"post-180172","1":"product","2":"type-product","3":"status-publish","4":"has-post-thumbnail","6":"product_cat-tablewares","8":"first","9":"instock","10":"taxable","11":"shipping-taxable","12":"purchasable","13":"product-type-simple"},"_links":{"self":[{"href":"https:\/\/nexgendecors.com\/fr\/wp-json\/wp\/v2\/product\/180172","targetHints":{"allow":["GET"]}}],"collection":[{"href":"https:\/\/nexgendecors.com\/fr\/wp-json\/wp\/v2\/product"}],"about":[{"href":"https:\/\/nexgendecors.com\/fr\/wp-json\/wp\/v2\/types\/product"}],"replies":[{"embeddable":true,"href":"https:\/\/nexgendecors.com\/fr\/wp-json\/wp\/v2\/comments?post=180172"}],"version-history":[{"count":0,"href":"https:\/\/nexgendecors.com\/fr\/wp-json\/wp\/v2\/product\/180172\/revisions"}],"wp:featuredmedia":[{"embeddable":true,"href":"https:\/\/nexgendecors.com\/fr\/wp-json\/wp\/v2\/media\/180171"}],"wp:attachment":[{"href":"https:\/\/nexgendecors.com\/fr\/wp-json\/wp\/v2\/media?parent=180172"}],"wp:term":[{"taxonomy":"product_brand","embeddable":true,"href":"https:\/\/nexgendecors.com\/fr\/wp-json\/wp\/v2\/product_brand?post=180172"},{"taxonomy":"product_cat","embeddable":true,"href":"https:\/\/nexgendecors.com\/fr\/wp-json\/wp\/v2\/product_cat?post=180172"},{"taxonomy":"product_tag","embeddable":true,"href":"https:\/\/nexgendecors.com\/fr\/wp-json\/wp\/v2\/product_tag?post=180172"}],"curies":[{"name":"wp","href":"https:\/\/api.w.org\/{rel}","templated":true}]}}