{"id":180202,"date":"2025-02-27T08:34:14","date_gmt":"2025-02-27T08:34:14","guid":{"rendered":"https:\/\/nexgendecors.com\/en\/product\/light-luxury-dining-chair-home-modern-simple-designer-dining-table-and-chair-combination-stainless-steel-high-end-dining-table-dining-chair\/"},"modified":"2025-04-06T11:14:10","modified_gmt":"2025-04-06T11:14:10","slug":"light-luxury-dining-chair-home-modern-simple-designer-dining-table-and-chair-combination-stainless-steel-high-end-dining-table-dining-chair","status":"publish","type":"product","link":"https:\/\/nexgendecors.com\/fr\/product\/light-luxury-dining-chair-home-modern-simple-designer-dining-table-and-chair-combination-stainless-steel-high-end-dining-table-dining-chair\/","title":{"rendered":"Chaise de salle \u00e0 manger de luxe l\u00e9g\u00e8re, combinaison de table et de chaise de designer simple et moderne, table \u00e0 manger haut de gamme en acier inoxydable, chaise de salle \u00e0 manger"},"content":{"rendered":"","protected":false},"excerpt":{"rendered":"","protected":false},"featured_media":180201,"comment_status":"open","ping_status":"closed","template":"","meta":[],"product_brand":[],"product_cat":[30964],"product_tag":[],"class_list":{"0":"post-180202","1":"product","2":"type-product","3":"status-publish","4":"has-post-thumbnail","6":"product_cat-weeding-furniture","8":"first","9":"instock","10":"taxable","11":"shipping-taxable","12":"purchasable","13":"product-type-simple"},"_links":{"self":[{"href":"https:\/\/nexgendecors.com\/fr\/wp-json\/wp\/v2\/product\/180202","targetHints":{"allow":["GET"]}}],"collection":[{"href":"https:\/\/nexgendecors.com\/fr\/wp-json\/wp\/v2\/product"}],"about":[{"href":"https:\/\/nexgendecors.com\/fr\/wp-json\/wp\/v2\/types\/product"}],"replies":[{"embeddable":true,"href":"https:\/\/nexgendecors.com\/fr\/wp-json\/wp\/v2\/comments?post=180202"}],"version-history":[{"count":0,"href":"https:\/\/nexgendecors.com\/fr\/wp-json\/wp\/v2\/product\/180202\/revisions"}],"wp:featuredmedia":[{"embeddable":true,"href":"https:\/\/nexgendecors.com\/fr\/wp-json\/wp\/v2\/media\/180201"}],"wp:attachment":[{"href":"https:\/\/nexgendecors.com\/fr\/wp-json\/wp\/v2\/media?parent=180202"}],"wp:term":[{"taxonomy":"product_brand","embeddable":true,"href":"https:\/\/nexgendecors.com\/fr\/wp-json\/wp\/v2\/product_brand?post=180202"},{"taxonomy":"product_cat","embeddable":true,"href":"https:\/\/nexgendecors.com\/fr\/wp-json\/wp\/v2\/product_cat?post=180202"},{"taxonomy":"product_tag","embeddable":true,"href":"https:\/\/nexgendecors.com\/fr\/wp-json\/wp\/v2\/product_tag?post=180202"}],"curies":[{"name":"wp","href":"https:\/\/api.w.org\/{rel}","templated":true}]}}