{"id":180313,"date":"2025-02-27T08:37:44","date_gmt":"2025-02-27T08:37:44","guid":{"rendered":"https:\/\/nexgendecors.com\/en\/product\/wedding-decorations-satin-ribbons-ribbons-red-chair-backs-flower-elastic-chair-covers-bows\/"},"modified":"2025-04-06T11:14:26","modified_gmt":"2025-04-06T11:14:26","slug":"wedding-decorations-satin-ribbons-ribbons-red-chair-backs-flower-elastic-chair-covers-bows","status":"publish","type":"product","link":"https:\/\/nexgendecors.com\/fr\/product\/wedding-decorations-satin-ribbons-ribbons-red-chair-backs-flower-elastic-chair-covers-bows\/","title":{"rendered":"D\u00e9corations de mariage, rubans de satin, rubans, dossiers de chaise rouges, housses de chaise \u00e9lastiques \u00e0 fleurs, n\u0153uds"},"content":{"rendered":"","protected":false},"excerpt":{"rendered":"","protected":false},"featured_media":180312,"comment_status":"open","ping_status":"closed","template":"","meta":[],"product_brand":[],"product_cat":[30961],"product_tag":[],"class_list":{"0":"post-180313","1":"product","2":"type-product","3":"status-publish","4":"has-post-thumbnail","6":"product_cat-napkins-dining-covers","8":"first","9":"instock","10":"taxable","11":"shipping-taxable","12":"purchasable","13":"product-type-simple"},"_links":{"self":[{"href":"https:\/\/nexgendecors.com\/fr\/wp-json\/wp\/v2\/product\/180313","targetHints":{"allow":["GET"]}}],"collection":[{"href":"https:\/\/nexgendecors.com\/fr\/wp-json\/wp\/v2\/product"}],"about":[{"href":"https:\/\/nexgendecors.com\/fr\/wp-json\/wp\/v2\/types\/product"}],"replies":[{"embeddable":true,"href":"https:\/\/nexgendecors.com\/fr\/wp-json\/wp\/v2\/comments?post=180313"}],"version-history":[{"count":0,"href":"https:\/\/nexgendecors.com\/fr\/wp-json\/wp\/v2\/product\/180313\/revisions"}],"wp:featuredmedia":[{"embeddable":true,"href":"https:\/\/nexgendecors.com\/fr\/wp-json\/wp\/v2\/media\/180312"}],"wp:attachment":[{"href":"https:\/\/nexgendecors.com\/fr\/wp-json\/wp\/v2\/media?parent=180313"}],"wp:term":[{"taxonomy":"product_brand","embeddable":true,"href":"https:\/\/nexgendecors.com\/fr\/wp-json\/wp\/v2\/product_brand?post=180313"},{"taxonomy":"product_cat","embeddable":true,"href":"https:\/\/nexgendecors.com\/fr\/wp-json\/wp\/v2\/product_cat?post=180313"},{"taxonomy":"product_tag","embeddable":true,"href":"https:\/\/nexgendecors.com\/fr\/wp-json\/wp\/v2\/product_tag?post=180313"}],"curies":[{"name":"wp","href":"https:\/\/api.w.org\/{rel}","templated":true}]}}