{"id":180461,"date":"2025-02-27T08:52:21","date_gmt":"2025-02-27T08:52:21","guid":{"rendered":"https:\/\/nexgendecors.com\/en\/product\/beauty-salon-special-towel-headband-bath-towel-bath-skirt-with-hole-bed-towel-towel-set-custom-logo-wholesale\/"},"modified":"2025-04-06T11:14:39","modified_gmt":"2025-04-06T11:14:39","slug":"beauty-salon-special-towel-headband-bath-towel-bath-skirt-with-hole-bed-towel-towel-set-custom-logo-wholesale","status":"publish","type":"product","link":"https:\/\/nexgendecors.com\/fr\/product\/beauty-salon-special-towel-headband-bath-towel-bath-skirt-with-hole-bed-towel-towel-set-custom-logo-wholesale\/","title":{"rendered":"Serviette sp\u00e9ciale pour salon de beaut\u00e9, bandeau, serviette de bain, jupe de bain avec trou, serviette de lit, ensemble de serviettes, LOGO personnalis\u00e9 en gros"},"content":{"rendered":"","protected":false},"excerpt":{"rendered":"","protected":false},"featured_media":180460,"comment_status":"open","ping_status":"closed","template":"","meta":[],"product_brand":[],"product_cat":[30960],"product_tag":[],"class_list":{"0":"post-180461","1":"product","2":"type-product","3":"status-publish","4":"has-post-thumbnail","6":"product_cat-spa-supplies","8":"first","9":"instock","10":"taxable","11":"shipping-taxable","12":"purchasable","13":"product-type-simple"},"_links":{"self":[{"href":"https:\/\/nexgendecors.com\/fr\/wp-json\/wp\/v2\/product\/180461","targetHints":{"allow":["GET"]}}],"collection":[{"href":"https:\/\/nexgendecors.com\/fr\/wp-json\/wp\/v2\/product"}],"about":[{"href":"https:\/\/nexgendecors.com\/fr\/wp-json\/wp\/v2\/types\/product"}],"replies":[{"embeddable":true,"href":"https:\/\/nexgendecors.com\/fr\/wp-json\/wp\/v2\/comments?post=180461"}],"version-history":[{"count":0,"href":"https:\/\/nexgendecors.com\/fr\/wp-json\/wp\/v2\/product\/180461\/revisions"}],"wp:featuredmedia":[{"embeddable":true,"href":"https:\/\/nexgendecors.com\/fr\/wp-json\/wp\/v2\/media\/180460"}],"wp:attachment":[{"href":"https:\/\/nexgendecors.com\/fr\/wp-json\/wp\/v2\/media?parent=180461"}],"wp:term":[{"taxonomy":"product_brand","embeddable":true,"href":"https:\/\/nexgendecors.com\/fr\/wp-json\/wp\/v2\/product_brand?post=180461"},{"taxonomy":"product_cat","embeddable":true,"href":"https:\/\/nexgendecors.com\/fr\/wp-json\/wp\/v2\/product_cat?post=180461"},{"taxonomy":"product_tag","embeddable":true,"href":"https:\/\/nexgendecors.com\/fr\/wp-json\/wp\/v2\/product_tag?post=180461"}],"curies":[{"name":"wp","href":"https:\/\/api.w.org\/{rel}","templated":true}]}}