{"id":180479,"date":"2025-02-27T08:52:32","date_gmt":"2025-02-27T08:52:32","guid":{"rendered":"https:\/\/nexgendecors.com\/en\/product\/new-beauty-bed-cover-four-piece-set-high-end-beauty-salon-health-center-physiotherapy-massage-ear-cleaning-shampoo-therapy-bed-sheet-bed-cover\/"},"modified":"2025-04-06T11:14:41","modified_gmt":"2025-04-06T11:14:41","slug":"new-beauty-bed-cover-four-piece-set-high-end-beauty-salon-health-center-physiotherapy-massage-ear-cleaning-shampoo-therapy-bed-sheet-bed-cover","status":"publish","type":"product","link":"https:\/\/nexgendecors.com\/fr\/product\/new-beauty-bed-cover-four-piece-set-high-end-beauty-salon-health-center-physiotherapy-massage-ear-cleaning-shampoo-therapy-bed-sheet-bed-cover\/","title":{"rendered":"Ensemble de quatre pi\u00e8ces de couvre-lit de beaut\u00e9 haut de gamme pour salon de beaut\u00e9, centre de sant\u00e9, physioth\u00e9rapie, massage, nettoyage des oreilles, shampooing, th\u00e9rapie, drap de lit"},"content":{"rendered":"","protected":false},"excerpt":{"rendered":"","protected":false},"featured_media":180477,"comment_status":"open","ping_status":"closed","template":"","meta":[],"product_brand":[],"product_cat":[30960],"product_tag":[],"class_list":{"0":"post-180479","1":"product","2":"type-product","3":"status-publish","4":"has-post-thumbnail","6":"product_cat-spa-supplies","8":"first","9":"instock","10":"taxable","11":"shipping-taxable","12":"purchasable","13":"product-type-simple"},"_links":{"self":[{"href":"https:\/\/nexgendecors.com\/fr\/wp-json\/wp\/v2\/product\/180479","targetHints":{"allow":["GET"]}}],"collection":[{"href":"https:\/\/nexgendecors.com\/fr\/wp-json\/wp\/v2\/product"}],"about":[{"href":"https:\/\/nexgendecors.com\/fr\/wp-json\/wp\/v2\/types\/product"}],"replies":[{"embeddable":true,"href":"https:\/\/nexgendecors.com\/fr\/wp-json\/wp\/v2\/comments?post=180479"}],"version-history":[{"count":0,"href":"https:\/\/nexgendecors.com\/fr\/wp-json\/wp\/v2\/product\/180479\/revisions"}],"wp:featuredmedia":[{"embeddable":true,"href":"https:\/\/nexgendecors.com\/fr\/wp-json\/wp\/v2\/media\/180477"}],"wp:attachment":[{"href":"https:\/\/nexgendecors.com\/fr\/wp-json\/wp\/v2\/media?parent=180479"}],"wp:term":[{"taxonomy":"product_brand","embeddable":true,"href":"https:\/\/nexgendecors.com\/fr\/wp-json\/wp\/v2\/product_brand?post=180479"},{"taxonomy":"product_cat","embeddable":true,"href":"https:\/\/nexgendecors.com\/fr\/wp-json\/wp\/v2\/product_cat?post=180479"},{"taxonomy":"product_tag","embeddable":true,"href":"https:\/\/nexgendecors.com\/fr\/wp-json\/wp\/v2\/product_tag?post=180479"}],"curies":[{"name":"wp","href":"https:\/\/api.w.org\/{rel}","templated":true}]}}