{"id":180643,"date":"2025-02-27T09:14:41","date_gmt":"2025-02-27T09:14:41","guid":{"rendered":"https:\/\/nexgendecors.com\/en\/product\/compostable-kraft-brown-double-wall-paper-coffee-cups-disposable-for-hot-to-go-out\/"},"modified":"2025-03-31T17:12:13","modified_gmt":"2025-03-31T17:12:13","slug":"compostable-kraft-brown-double-wall-paper-coffee-cups-disposable-for-hot-to-go-out","status":"publish","type":"product","link":"https:\/\/nexgendecors.com\/fr\/product\/compostable-kraft-brown-double-wall-paper-coffee-cups-disposable-for-hot-to-go-out\/","title":{"rendered":"Gobelets \u00e0 caf\u00e9 jetables en papier kraft brun compostable \u00e0 double paroi pour boissons chaudes \u00e0 emporter"},"content":{"rendered":"<ul>\n<li><strong>Utilisation industrielle : <\/strong> Beverage, Food Packing<\/li>\n<li><strong>Utiliser : <\/strong> Juice, Mineral Water, Coffee, Tea, Juice, Coffee, Tea,Beer<\/li>\n<li><strong>Type de papier : <\/strong> Craft Paper, Craft Paper<\/li>\n<li><strong>Style : <\/strong> Single Wall, single\/double wall<\/li>\n<li><strong>Lieu d&#039;origine : <\/strong> Fujian, Chine<\/li>\n<li><strong>Nom de marque : <\/strong> Lvsheng, Lvsheng<\/li>\n<li><strong>Num\u00e9ro de mod\u00e8le : <\/strong> 0059<\/li>\n<li><strong>Fonctionnalit\u00e9 : <\/strong> Bio-degradable, Disposable, Recyclable<\/li>\n<li><strong>Commande personnalis\u00e9e : <\/strong> Accept, accept<\/li>\n<li><strong>Impression : <\/strong> Flexo Printing or Offset Printing<\/li>\n<li><strong>Couleur : <\/strong> white\/craft<\/li>\n<li><strong>Gestion de l&#039;impression : <\/strong> Embossing,UV Coating,Varnishing<\/li>\n<\/ul>","protected":false},"excerpt":{"rendered":"<p>Utilisation industrielle : Boisson, emballage alimentaire Utilisation : Jus, eau min\u00e9rale, caf\u00e9, th\u00e9, jus, caf\u00e9, th\u00e9, bi\u00e8re Type de papier : Artisanat<\/p>","protected":false},"featured_media":180642,"comment_status":"open","ping_status":"closed","template":"","meta":[],"product_brand":[],"product_cat":[30935],"product_tag":[],"class_list":{"0":"post-180643","1":"product","2":"type-product","3":"status-publish","4":"has-post-thumbnail","6":"product_cat-coffee-supplies","8":"first","9":"instock","10":"taxable","11":"shipping-taxable","12":"purchasable","13":"product-type-variable"},"_links":{"self":[{"href":"https:\/\/nexgendecors.com\/fr\/wp-json\/wp\/v2\/product\/180643","targetHints":{"allow":["GET"]}}],"collection":[{"href":"https:\/\/nexgendecors.com\/fr\/wp-json\/wp\/v2\/product"}],"about":[{"href":"https:\/\/nexgendecors.com\/fr\/wp-json\/wp\/v2\/types\/product"}],"replies":[{"embeddable":true,"href":"https:\/\/nexgendecors.com\/fr\/wp-json\/wp\/v2\/comments?post=180643"}],"version-history":[{"count":0,"href":"https:\/\/nexgendecors.com\/fr\/wp-json\/wp\/v2\/product\/180643\/revisions"}],"wp:featuredmedia":[{"embeddable":true,"href":"https:\/\/nexgendecors.com\/fr\/wp-json\/wp\/v2\/media\/180642"}],"wp:attachment":[{"href":"https:\/\/nexgendecors.com\/fr\/wp-json\/wp\/v2\/media?parent=180643"}],"wp:term":[{"taxonomy":"product_brand","embeddable":true,"href":"https:\/\/nexgendecors.com\/fr\/wp-json\/wp\/v2\/product_brand?post=180643"},{"taxonomy":"product_cat","embeddable":true,"href":"https:\/\/nexgendecors.com\/fr\/wp-json\/wp\/v2\/product_cat?post=180643"},{"taxonomy":"product_tag","embeddable":true,"href":"https:\/\/nexgendecors.com\/fr\/wp-json\/wp\/v2\/product_tag?post=180643"}],"curies":[{"name":"wp","href":"https:\/\/api.w.org\/{rel}","templated":true}]}}