{"id":180706,"date":"2025-02-27T09:24:10","date_gmt":"2025-02-27T09:24:10","guid":{"rendered":"https:\/\/nexgendecors.com\/en\/product\/20l-black-home-stand-electric-digital-microwave-microwave-oven\/"},"modified":"2025-04-10T12:30:53","modified_gmt":"2025-04-10T12:30:53","slug":"four-a-micro-ondes-electrique-numerique-noir-de-20-litres","status":"publish","type":"product","link":"https:\/\/nexgendecors.com\/fr\/product\/four-a-micro-ondes-electrique-numerique-noir-de-20-litres\/","title":{"rendered":"Four \u00e0 micro-ondes \u00e9lectrique num\u00e9rique sur pied 20L noir pour la maison"},"content":{"rendered":"<ul>\n<li><strong>service apr\u00e8s-vente assur\u00e9 : <\/strong> Pi\u00e8ces de rechange gratuites<\/li>\n<li><strong>garantie : <\/strong> 1 an<\/li>\n<li><strong>application : <\/strong> M\u00e9nage<\/li>\n<li><strong>source d&#039;\u00e9nergie : <\/strong> \u00c9lectrique<\/li>\n<li><strong>contr\u00f4l\u00e9 par l&#039;application : <\/strong> NON<\/li>\n<li><strong>moule priv\u00e9 : <\/strong> NON<\/li>\n<li><strong>taper : <\/strong> Four \u00e0 micro-ondes<\/li>\n<li><strong>installation : <\/strong> Comptoir<\/li>\n<li><strong>mode de contr\u00f4le : <\/strong> Contr\u00f4le de minuterie m\u00e9canique<\/li>\n<li><strong>mat\u00e9riau du bo\u00eetier : <\/strong> t\u00f4le de fer<\/li>\n<li><strong>fonction : <\/strong> Grillades, cuisson par capteur, cuisson rapide \/ avec ampoule halog\u00e8ne \u00e0 quartz, v\u00e9ritable micro-ondes<\/li>\n<li><strong>puissance w : <\/strong> 800<\/li>\n<li><strong>tension v : <\/strong> 220<\/li>\n<li><strong>num\u00e9ro de mod\u00e8le : <\/strong> R.8009<\/li>\n<li><strong>nom de marque : <\/strong> RAF, RAF<\/li>\n<li><strong>lieu d&#039;origine : <\/strong> Zhejiang, Chine<\/li>\n<li><strong>Nom du produit : <\/strong> Four \u00e0 micro-ondes \u00e9lectrique num\u00e9rique Home Stand 20 L noir<\/li>\n<li><strong>Capacit\u00e9 : <\/strong> 20L<\/li>\n<li><strong>Couleur : <\/strong> NOIR<\/li>\n<li><strong>Quantit\u00e9 minimale de commande : <\/strong> 10 pi\u00e8ces<\/li>\n<li><strong>Puissance du micro-ondes : <\/strong> 800 W<\/li>\n<li><strong>Mat\u00e9riel : <\/strong> t\u00f4le de fer<\/li>\n<li><strong>Qt\u00e9\/cartons : <\/strong> 1 pi\u00e8ce\/carton<\/li>\n<li><strong>taille du paquet : <\/strong> 50,6*39*29,8 cm<\/li>\n<li><strong>poids du colis : <\/strong> 10 kg\/carton<\/li>\n<\/ul>","protected":false},"excerpt":{"rendered":"<p>service apr\u00e8s-vente assur\u00e9 : Garantie gratuite des pi\u00e8ces de rechange : 1 an Application : Source d'\u00e9nergie domestique : Commande par application \u00e9lectrique :<\/p>","protected":false},"featured_media":180705,"comment_status":"open","ping_status":"closed","template":"","meta":[],"product_brand":[],"product_cat":[30933,30984],"product_tag":[],"class_list":{"0":"post-180706","1":"product","2":"type-product","3":"status-publish","4":"has-post-thumbnail","6":"product_cat-fridge-microwave","7":"product_cat-hotel-appliances","9":"first","10":"instock","11":"taxable","12":"shipping-taxable","13":"purchasable","14":"product-type-variable"},"_links":{"self":[{"href":"https:\/\/nexgendecors.com\/fr\/wp-json\/wp\/v2\/product\/180706","targetHints":{"allow":["GET"]}}],"collection":[{"href":"https:\/\/nexgendecors.com\/fr\/wp-json\/wp\/v2\/product"}],"about":[{"href":"https:\/\/nexgendecors.com\/fr\/wp-json\/wp\/v2\/types\/product"}],"replies":[{"embeddable":true,"href":"https:\/\/nexgendecors.com\/fr\/wp-json\/wp\/v2\/comments?post=180706"}],"version-history":[{"count":0,"href":"https:\/\/nexgendecors.com\/fr\/wp-json\/wp\/v2\/product\/180706\/revisions"}],"wp:featuredmedia":[{"embeddable":true,"href":"https:\/\/nexgendecors.com\/fr\/wp-json\/wp\/v2\/media\/180705"}],"wp:attachment":[{"href":"https:\/\/nexgendecors.com\/fr\/wp-json\/wp\/v2\/media?parent=180706"}],"wp:term":[{"taxonomy":"product_brand","embeddable":true,"href":"https:\/\/nexgendecors.com\/fr\/wp-json\/wp\/v2\/product_brand?post=180706"},{"taxonomy":"product_cat","embeddable":true,"href":"https:\/\/nexgendecors.com\/fr\/wp-json\/wp\/v2\/product_cat?post=180706"},{"taxonomy":"product_tag","embeddable":true,"href":"https:\/\/nexgendecors.com\/fr\/wp-json\/wp\/v2\/product_tag?post=180706"}],"curies":[{"name":"wp","href":"https:\/\/api.w.org\/{rel}","templated":true}]}}