{"id":180760,"date":"2025-02-27T13:39:04","date_gmt":"2025-02-27T13:39:04","guid":{"rendered":"https:\/\/nexgendecors.com\/en\/product\/2023-new-style-orthopaedic-support-bread-bamboo-memory-foam-pillow-with-washable-cover\/"},"modified":"2025-04-06T11:16:37","modified_gmt":"2025-04-06T11:16:37","slug":"2023-new-style-orthopaedic-support-bread-bamboo-memory-foam-pillow-with-washable-cover","status":"publish","type":"product","link":"https:\/\/nexgendecors.com\/fr\/product\/2023-new-style-orthopaedic-support-bread-bamboo-memory-foam-pillow-with-washable-cover\/","title":{"rendered":"2023 New Style Orthopaedic Support Bread Bamboo Memory Foam Pillow With Washable Cover (Oreiller en mousse \u00e0 m\u00e9moire de forme en bambou avec housse lavable)"},"content":{"rendered":"<ul>\n<li><strong>lieu d&#039;origine : <\/strong> Zhejiang, Chine<\/li>\n<li><strong>nom de marque : <\/strong> OEM\/ODM<\/li>\n<li><strong>num\u00e9ro de mod\u00e8le : <\/strong> F013<\/li>\n<li><strong>cover material : <\/strong> 100% Polyester<\/li>\n<li><strong>fonctionnalit\u00e9 : <\/strong> Anti-static, Anti Dust Mite, Anti-Bacteria, Memory<\/li>\n<li><strong>mat\u00e9riau de remplissage : <\/strong> Memory foam<\/li>\n<li><strong>forme : <\/strong> Rectangle<\/li>\n<li><strong>mod\u00e8le : <\/strong> simple home<\/li>\n<li><strong>part : <\/strong> NECK<\/li>\n<li><strong>est_personnalis\u00e9 : <\/strong> Oui<\/li>\n<li><strong>Nom du produit : <\/strong> Bread Pillow Memory Foam Pilloe<\/li>\n<li><strong>Fonction : <\/strong> Healthy Sleep Deep Sleep<\/li>\n<li><strong>Filling Material : <\/strong> Foam Memory<\/li>\n<li><strong>Mot-cl\u00e9 : <\/strong> bread pillow<\/li>\n<li><strong>Cover Fabric : <\/strong> velours<\/li>\n<li><strong>Couleur : <\/strong> Couleur personnalis\u00e9e<\/li>\n<li><strong>Quantit\u00e9 minimale de commande : <\/strong> 200<\/li>\n<li><strong>Emballage : <\/strong> PE Bag<\/li>\n<li><strong>Logo : <\/strong> Custom Logo Accepted<\/li>\n<\/ul>","protected":false},"excerpt":{"rendered":"<p>lieu d'origine : Zhejiang, Chine marque : OEM\/ODM num\u00e9ro de mod\u00e8le : F013 mat\u00e9riau du couvercle : 100% Polyester caract\u00e9ristiques<\/p>","protected":false},"featured_media":180759,"comment_status":"open","ping_status":"closed","template":"","meta":[],"product_brand":[],"product_cat":[30960],"product_tag":[],"class_list":{"0":"post-180760","1":"product","2":"type-product","3":"status-publish","4":"has-post-thumbnail","6":"product_cat-spa-supplies","8":"first","9":"instock","10":"taxable","11":"shipping-taxable","12":"purchasable","13":"product-type-variable"},"_links":{"self":[{"href":"https:\/\/nexgendecors.com\/fr\/wp-json\/wp\/v2\/product\/180760","targetHints":{"allow":["GET"]}}],"collection":[{"href":"https:\/\/nexgendecors.com\/fr\/wp-json\/wp\/v2\/product"}],"about":[{"href":"https:\/\/nexgendecors.com\/fr\/wp-json\/wp\/v2\/types\/product"}],"replies":[{"embeddable":true,"href":"https:\/\/nexgendecors.com\/fr\/wp-json\/wp\/v2\/comments?post=180760"}],"version-history":[{"count":0,"href":"https:\/\/nexgendecors.com\/fr\/wp-json\/wp\/v2\/product\/180760\/revisions"}],"wp:featuredmedia":[{"embeddable":true,"href":"https:\/\/nexgendecors.com\/fr\/wp-json\/wp\/v2\/media\/180759"}],"wp:attachment":[{"href":"https:\/\/nexgendecors.com\/fr\/wp-json\/wp\/v2\/media?parent=180760"}],"wp:term":[{"taxonomy":"product_brand","embeddable":true,"href":"https:\/\/nexgendecors.com\/fr\/wp-json\/wp\/v2\/product_brand?post=180760"},{"taxonomy":"product_cat","embeddable":true,"href":"https:\/\/nexgendecors.com\/fr\/wp-json\/wp\/v2\/product_cat?post=180760"},{"taxonomy":"product_tag","embeddable":true,"href":"https:\/\/nexgendecors.com\/fr\/wp-json\/wp\/v2\/product_tag?post=180760"}],"curies":[{"name":"wp","href":"https:\/\/api.w.org\/{rel}","templated":true}]}}