{"id":180803,"date":"2025-02-28T03:44:46","date_gmt":"2025-02-28T03:44:46","guid":{"rendered":"https:\/\/nexgendecors.com\/en\/product\/factory-high-quality-multi-functional-soap-removes-yellow-stains-deep-clean-clothes-collar-and-cuffs-cleaner-for-clothes-washing\/"},"modified":"2025-04-06T11:17:19","modified_gmt":"2025-04-06T11:17:19","slug":"factory-high-quality-multi-functional-soap-removes-yellow-stains-deep-clean-clothes-collar-and-cuffs-cleaner-for-clothes-washing","status":"publish","type":"product","link":"https:\/\/nexgendecors.com\/fr\/product\/factory-high-quality-multi-functional-soap-removes-yellow-stains-deep-clean-clothes-collar-and-cuffs-cleaner-for-clothes-washing\/","title":{"rendered":"Savon multifonctionnel de haute qualit\u00e9 d&#039;usine \u00e9limine les taches jaunes, nettoie en profondeur les v\u00eatements, les cols et les poignets, nettoyant pour le lavage des v\u00eatements"},"content":{"rendered":"<ul>\n<li><strong>lieu d&#039;origine : <\/strong> Guangdong, Chine<\/li>\n<li><strong>Nom de marque : <\/strong> Welson<\/li>\n<li><strong>num\u00e9ro de mod\u00e8le : <\/strong> AREST<\/li>\n<li><strong>fonctionnalit\u00e9 : <\/strong> Jetable, durable, stock\u00e9<\/li>\n<li><strong>utilisation du d\u00e9tergent : <\/strong> Laundry<\/li>\n<li><strong>taper : <\/strong> D\u00e9tergent<\/li>\n<li><strong>Forme : <\/strong> Liquide<\/li>\n<li><strong>teneur en principe actif : <\/strong> 20%Include-50%<\/li>\n<li><strong>Conditions de paiement : <\/strong> 30\/70 TT<\/li>\n<li><strong>Certificat : <\/strong> ISO, FDS, TDS, COA<\/li>\n<li><strong>Couleur : <\/strong> Colorless<\/li>\n<li><strong>Odeur : <\/strong> Odourless<\/li>\n<li><strong>PH : <\/strong> 6.0 ~ 8.5<\/li>\n<li><strong>Emballer : <\/strong> 4*5L\/carton<\/li>\n<li><strong>Saison : <\/strong> Toutes saisons<\/li>\n<li><strong>S\u00e9lection de l&#039;espace de la pi\u00e8ce : <\/strong> Pas de support<\/li>\n<li><strong>S\u00e9lection d&#039;occasion : <\/strong> Pas de support<\/li>\n<li><strong>Type de d\u00e9tergent : <\/strong> Nettoyeur<\/li>\n<\/ul>","protected":false},"excerpt":{"rendered":"<p>Lieu d&#039;origine : Guangdong, Chine Nom de marque : Welson Num\u00e9ro de mod\u00e8le : AREST Caract\u00e9ristique : D\u00e9tergent jetable, durable et stock\u00e9<\/p>","protected":false},"featured_media":180802,"comment_status":"open","ping_status":"closed","template":"","meta":[],"product_brand":[],"product_cat":[30966],"product_tag":[],"class_list":{"0":"post-180803","1":"product","2":"type-product","3":"status-publish","4":"has-post-thumbnail","6":"product_cat-cleaning-chemicals","8":"first","9":"instock","10":"taxable","11":"shipping-taxable","12":"purchasable","13":"product-type-variable"},"_links":{"self":[{"href":"https:\/\/nexgendecors.com\/fr\/wp-json\/wp\/v2\/product\/180803","targetHints":{"allow":["GET"]}}],"collection":[{"href":"https:\/\/nexgendecors.com\/fr\/wp-json\/wp\/v2\/product"}],"about":[{"href":"https:\/\/nexgendecors.com\/fr\/wp-json\/wp\/v2\/types\/product"}],"replies":[{"embeddable":true,"href":"https:\/\/nexgendecors.com\/fr\/wp-json\/wp\/v2\/comments?post=180803"}],"version-history":[{"count":0,"href":"https:\/\/nexgendecors.com\/fr\/wp-json\/wp\/v2\/product\/180803\/revisions"}],"wp:featuredmedia":[{"embeddable":true,"href":"https:\/\/nexgendecors.com\/fr\/wp-json\/wp\/v2\/media\/180802"}],"wp:attachment":[{"href":"https:\/\/nexgendecors.com\/fr\/wp-json\/wp\/v2\/media?parent=180803"}],"wp:term":[{"taxonomy":"product_brand","embeddable":true,"href":"https:\/\/nexgendecors.com\/fr\/wp-json\/wp\/v2\/product_brand?post=180803"},{"taxonomy":"product_cat","embeddable":true,"href":"https:\/\/nexgendecors.com\/fr\/wp-json\/wp\/v2\/product_cat?post=180803"},{"taxonomy":"product_tag","embeddable":true,"href":"https:\/\/nexgendecors.com\/fr\/wp-json\/wp\/v2\/product_tag?post=180803"}],"curies":[{"name":"wp","href":"https:\/\/api.w.org\/{rel}","templated":true}]}}