{"id":180814,"date":"2025-02-28T03:45:08","date_gmt":"2025-02-28T03:45:08","guid":{"rendered":"https:\/\/nexgendecors.com\/en\/product\/bulk-manufacture-hotel-hospital-laundry-detergent-powder-washing-powder-for-commercial-industrial-laundry-only\/"},"modified":"2025-04-06T11:17:28","modified_gmt":"2025-04-06T11:17:28","slug":"fabrication-en-vrac-de-detergent-a-lessive-en-poudre-pour-hotel-et-hopital-poudre-a-laver-pour-blanchisserie-commerciale-et-industrielle-uniquement","status":"publish","type":"product","link":"https:\/\/nexgendecors.com\/fr\/product\/fabrication-en-vrac-de-detergent-a-lessive-en-poudre-pour-hotel-et-hopital-poudre-a-laver-pour-blanchisserie-commerciale-et-industrielle-uniquement\/","title":{"rendered":"Bulk Manufacture Hotel Hospital Laundry Detergent Powder Washing Powder for Commercial Industrial Laundry Only"},"content":{"rendered":"<ul>\n<li><strong>lieu d&#039;origine : <\/strong> Guangdong, Chine<\/li>\n<li><strong>Nom de marque : <\/strong> Welson<\/li>\n<li><strong>num\u00e9ro de mod\u00e8le : <\/strong> M\u00c9LANGE 92<\/li>\n<li><strong>fonctionnalit\u00e9 : <\/strong> Jetable, durable, stock\u00e9<\/li>\n<li><strong>utilisation du d\u00e9tergent : <\/strong> V\u00caTEMENTS<\/li>\n<li><strong>taper : <\/strong> D\u00e9tergent<\/li>\n<li><strong>Forme : <\/strong> Poudre<\/li>\n<li><strong>teneur en principe actif : <\/strong> 5% (Inclure) -15%<\/li>\n<li><strong>\u00c9chantillon : <\/strong> 500g offerts gratuitement<\/li>\n<li><strong>Conditions de paiement : <\/strong> 30\/70 TT<\/li>\n<li><strong>Certificat : <\/strong> ISO, FDS, TDS, COA<\/li>\n<li><strong>Couleur : <\/strong> Blanc<\/li>\n<li><strong>Mousse : <\/strong> faible mousse<\/li>\n<li><strong>PH : <\/strong> 11.0~13.0 \u00e0 1%<\/li>\n<li><strong>Emballer : <\/strong> Sac tiss\u00e9 de 20 kg<\/li>\n<li><strong>Type de d\u00e9tergent : <\/strong> Nettoyeur<\/li>\n<\/ul>","protected":false},"excerpt":{"rendered":"<p>Lieu d'origine : Guangdong, Chine Marque : Welson Num\u00e9ro de mod\u00e8le : BLEND 92 Caract\u00e9ristiques : jetable, durable, stock\u00e9<\/p>","protected":false},"featured_media":180813,"comment_status":"open","ping_status":"closed","template":"","meta":[],"product_brand":[],"product_cat":[30966],"product_tag":[],"class_list":{"0":"post-180814","1":"product","2":"type-product","3":"status-publish","4":"has-post-thumbnail","6":"product_cat-cleaning-chemicals","8":"first","9":"instock","10":"taxable","11":"shipping-taxable","12":"purchasable","13":"product-type-variable"},"_links":{"self":[{"href":"https:\/\/nexgendecors.com\/fr\/wp-json\/wp\/v2\/product\/180814","targetHints":{"allow":["GET"]}}],"collection":[{"href":"https:\/\/nexgendecors.com\/fr\/wp-json\/wp\/v2\/product"}],"about":[{"href":"https:\/\/nexgendecors.com\/fr\/wp-json\/wp\/v2\/types\/product"}],"replies":[{"embeddable":true,"href":"https:\/\/nexgendecors.com\/fr\/wp-json\/wp\/v2\/comments?post=180814"}],"version-history":[{"count":0,"href":"https:\/\/nexgendecors.com\/fr\/wp-json\/wp\/v2\/product\/180814\/revisions"}],"wp:featuredmedia":[{"embeddable":true,"href":"https:\/\/nexgendecors.com\/fr\/wp-json\/wp\/v2\/media\/180813"}],"wp:attachment":[{"href":"https:\/\/nexgendecors.com\/fr\/wp-json\/wp\/v2\/media?parent=180814"}],"wp:term":[{"taxonomy":"product_brand","embeddable":true,"href":"https:\/\/nexgendecors.com\/fr\/wp-json\/wp\/v2\/product_brand?post=180814"},{"taxonomy":"product_cat","embeddable":true,"href":"https:\/\/nexgendecors.com\/fr\/wp-json\/wp\/v2\/product_cat?post=180814"},{"taxonomy":"product_tag","embeddable":true,"href":"https:\/\/nexgendecors.com\/fr\/wp-json\/wp\/v2\/product_tag?post=180814"}],"curies":[{"name":"wp","href":"https:\/\/api.w.org\/{rel}","templated":true}]}}