{"id":180823,"date":"2025-02-28T03:45:36","date_gmt":"2025-02-28T03:45:36","guid":{"rendered":"https:\/\/nexgendecors.com\/en\/product\/20l-clothes-cleaner-detergent-industrial-liquid-laundry-washing-concentrated-surfactant-booster\/"},"modified":"2025-04-06T11:17:39","modified_gmt":"2025-04-06T11:17:39","slug":"20l-clothes-cleaner-detergent-industrial-liquid-laundry-washing-concentrated-surfactant-booster","status":"publish","type":"product","link":"https:\/\/nexgendecors.com\/fr\/product\/20l-clothes-cleaner-detergent-industrial-liquid-laundry-washing-concentrated-surfactant-booster\/","title":{"rendered":"D\u00e9tergent pour v\u00eatements, d\u00e9tergent liquide industriel, d\u00e9tergent concentr\u00e9 pour le lavage du linge, booster de tensioactifs, 20 L"},"content":{"rendered":"<ul>\n<li><strong>lieu d&#039;origine : <\/strong> Guangdong, Chine<\/li>\n<li><strong>Nom de marque : <\/strong> Welson<\/li>\n<li><strong>num\u00e9ro de mod\u00e8le : <\/strong> DET I<\/li>\n<li><strong>fonctionnalit\u00e9 : <\/strong> Jetable, durable, stock\u00e9<\/li>\n<li><strong>utilisation du d\u00e9tergent : <\/strong> V\u00caTEMENTS<\/li>\n<li><strong>taper : <\/strong> D\u00e9tergent<\/li>\n<li><strong>Forme : <\/strong> Liquide<\/li>\n<li><strong>teneur en principe actif : <\/strong>  15%\uff08Include\uff09-30%<\/li>\n<li><strong>Conditions de paiement : <\/strong> 30\/70 TT<\/li>\n<li><strong>Couleur : <\/strong> Colourless<\/li>\n<li><strong>Odeur : <\/strong> Inodore<\/li>\n<li><strong>PH : <\/strong> 6.0 ~ 8.5<\/li>\n<li><strong>Emballer : <\/strong> 60L\/barrel<\/li>\n<li><strong>Acheteur commercial : <\/strong> H\u00f4tels<\/li>\n<li><strong>Saison : <\/strong> Toutes saisons<\/li>\n<li><strong>S\u00e9lection de l&#039;espace de la pi\u00e8ce : <\/strong> Pas de support<\/li>\n<li><strong>S\u00e9lection d&#039;occasion : <\/strong> Pas de support<\/li>\n<li><strong>S\u00e9lection de vacances : <\/strong> Pas de support<\/li>\n<\/ul>","protected":false},"excerpt":{"rendered":"<p>Lieu d&#039;origine : Guangdong, Chine Nom de marque : Welson Num\u00e9ro de mod\u00e8le : DET I Caract\u00e9ristique : Jetable, Durable, Stock\u00e9<\/p>","protected":false},"featured_media":180822,"comment_status":"open","ping_status":"closed","template":"","meta":[],"product_brand":[],"product_cat":[30966],"product_tag":[],"class_list":{"0":"post-180823","1":"product","2":"type-product","3":"status-publish","4":"has-post-thumbnail","6":"product_cat-cleaning-chemicals","8":"first","9":"instock","10":"taxable","11":"shipping-taxable","12":"purchasable","13":"product-type-variable"},"_links":{"self":[{"href":"https:\/\/nexgendecors.com\/fr\/wp-json\/wp\/v2\/product\/180823","targetHints":{"allow":["GET"]}}],"collection":[{"href":"https:\/\/nexgendecors.com\/fr\/wp-json\/wp\/v2\/product"}],"about":[{"href":"https:\/\/nexgendecors.com\/fr\/wp-json\/wp\/v2\/types\/product"}],"replies":[{"embeddable":true,"href":"https:\/\/nexgendecors.com\/fr\/wp-json\/wp\/v2\/comments?post=180823"}],"version-history":[{"count":0,"href":"https:\/\/nexgendecors.com\/fr\/wp-json\/wp\/v2\/product\/180823\/revisions"}],"wp:featuredmedia":[{"embeddable":true,"href":"https:\/\/nexgendecors.com\/fr\/wp-json\/wp\/v2\/media\/180822"}],"wp:attachment":[{"href":"https:\/\/nexgendecors.com\/fr\/wp-json\/wp\/v2\/media?parent=180823"}],"wp:term":[{"taxonomy":"product_brand","embeddable":true,"href":"https:\/\/nexgendecors.com\/fr\/wp-json\/wp\/v2\/product_brand?post=180823"},{"taxonomy":"product_cat","embeddable":true,"href":"https:\/\/nexgendecors.com\/fr\/wp-json\/wp\/v2\/product_cat?post=180823"},{"taxonomy":"product_tag","embeddable":true,"href":"https:\/\/nexgendecors.com\/fr\/wp-json\/wp\/v2\/product_tag?post=180823"}],"curies":[{"name":"wp","href":"https:\/\/api.w.org\/{rel}","templated":true}]}}