{"id":180869,"date":"2025-02-28T03:49:58","date_gmt":"2025-02-28T03:49:58","guid":{"rendered":"https:\/\/nexgendecors.com\/en\/product\/liquid-detergent-for-hospital-laundry-cleaning-solution-liquid-oxygen-oxi-bleach-detergent\/"},"modified":"2025-02-28T03:50:11","modified_gmt":"2025-02-28T03:50:11","slug":"liquid-detergent-for-hospital-laundry-cleaning-solution-liquid-oxygen-oxi-bleach-detergent","status":"publish","type":"product","link":"https:\/\/nexgendecors.com\/fr\/product\/liquid-detergent-for-hospital-laundry-cleaning-solution-liquid-oxygen-oxi-bleach-detergent\/","title":{"rendered":"D\u00e9tergent liquide pour solution de nettoyage du linge d&#039;h\u00f4pital D\u00e9tergent \u00e0 l&#039;eau de Javel \u00e0 l&#039;oxyg\u00e8ne liquide Oxi"},"content":{"rendered":"<ul>\n<li><strong>lieu d&#039;origine : <\/strong> Guangdong, Chine<\/li>\n<li><strong>nom de marque : <\/strong> Welson<\/li>\n<li><strong>num\u00e9ro de mod\u00e8le : <\/strong> OXY<\/li>\n<li><strong>fonctionnalit\u00e9 : <\/strong> Jetable, durable, stock\u00e9<\/li>\n<li><strong>utilisation du d\u00e9tergent : <\/strong> Laundry<\/li>\n<li><strong>taper : <\/strong> D\u00e9tergent<\/li>\n<li><strong>Forme : <\/strong> Liquide<\/li>\n<li><strong>teneur en principe actif : <\/strong> 20%Include-50%<\/li>\n<li><strong>\u00c9chantillon : <\/strong> 500 ml fournis gratuitement<\/li>\n<li><strong>Conditions de paiement : <\/strong> 30\/70 TT<\/li>\n<li><strong>Certificat : <\/strong> ISO, FDS, TDS, COA<\/li>\n<li><strong>Couleur : <\/strong> Colorless<\/li>\n<li><strong>Odeur : <\/strong> pungent<\/li>\n<li><strong>PH : <\/strong> 5.5~ 8.0<\/li>\n<li><strong>Emballer : <\/strong> 20L\/baril<\/li>\n<li><strong>Type de d\u00e9tergent : <\/strong> Bleach<\/li>\n<\/ul>","protected":false},"excerpt":{"rendered":"<p>lieu d&#039;origine : Guangdong, Chine nom de marque : Welson num\u00e9ro de mod\u00e8le : OXY caract\u00e9ristique : d\u00e9tergent jetable, durable et stock\u00e9<\/p>","protected":false},"featured_media":180868,"comment_status":"open","ping_status":"closed","template":"","meta":[],"product_brand":[],"product_cat":[30966],"product_tag":[],"class_list":{"0":"post-180869","1":"product","2":"type-product","3":"status-publish","4":"has-post-thumbnail","6":"product_cat-cleaning-chemicals","8":"first","9":"instock","10":"taxable","11":"shipping-taxable","12":"purchasable","13":"product-type-variable"},"_links":{"self":[{"href":"https:\/\/nexgendecors.com\/fr\/wp-json\/wp\/v2\/product\/180869","targetHints":{"allow":["GET"]}}],"collection":[{"href":"https:\/\/nexgendecors.com\/fr\/wp-json\/wp\/v2\/product"}],"about":[{"href":"https:\/\/nexgendecors.com\/fr\/wp-json\/wp\/v2\/types\/product"}],"replies":[{"embeddable":true,"href":"https:\/\/nexgendecors.com\/fr\/wp-json\/wp\/v2\/comments?post=180869"}],"version-history":[{"count":0,"href":"https:\/\/nexgendecors.com\/fr\/wp-json\/wp\/v2\/product\/180869\/revisions"}],"wp:featuredmedia":[{"embeddable":true,"href":"https:\/\/nexgendecors.com\/fr\/wp-json\/wp\/v2\/media\/180868"}],"wp:attachment":[{"href":"https:\/\/nexgendecors.com\/fr\/wp-json\/wp\/v2\/media?parent=180869"}],"wp:term":[{"taxonomy":"product_brand","embeddable":true,"href":"https:\/\/nexgendecors.com\/fr\/wp-json\/wp\/v2\/product_brand?post=180869"},{"taxonomy":"product_cat","embeddable":true,"href":"https:\/\/nexgendecors.com\/fr\/wp-json\/wp\/v2\/product_cat?post=180869"},{"taxonomy":"product_tag","embeddable":true,"href":"https:\/\/nexgendecors.com\/fr\/wp-json\/wp\/v2\/product_tag?post=180869"}],"curies":[{"name":"wp","href":"https:\/\/api.w.org\/{rel}","templated":true}]}}