{"id":180885,"date":"2025-02-28T03:51:25","date_gmt":"2025-02-28T03:51:25","guid":{"rendered":"https:\/\/nexgendecors.com\/en\/product\/factory-wholesale-oem-bulk-dishwashing-liquid-manual-dishwashing-liquid-pot-and-pan-cleaner-dishwashing-liquid-kitchen\/"},"modified":"2025-04-06T11:18:31","modified_gmt":"2025-04-06T11:18:31","slug":"usine-en-gros-oem-en-vrac-liquide-vaisselle-manuel-liquide-vaisselle-pot-et-poele-nettoyant-liquide-vaisselle-cuisine","status":"publish","type":"product","link":"https:\/\/nexgendecors.com\/fr\/product\/usine-en-gros-oem-en-vrac-liquide-vaisselle-manuel-liquide-vaisselle-pot-et-poele-nettoyant-liquide-vaisselle-cuisine\/","title":{"rendered":"Factory Wholesale OEM Bulk Dishwashing Liquid Manual Dishwashing Liquid Pot and Pan Cleaner Dishwashing Liquid Kitchen"},"content":{"rendered":"<ul>\n<li><strong>lieu d&#039;origine : <\/strong> Guangdong, Chine<\/li>\n<li><strong>nom de marque : <\/strong> Welson<\/li>\n<li><strong>num\u00e9ro de mod\u00e8le : <\/strong> PANPAL<\/li>\n<li><strong>fonctionnalit\u00e9 : <\/strong> Durable, stock\u00e9, jetable<\/li>\n<li><strong>utilisation du d\u00e9tergent : <\/strong> Vaisselle<\/li>\n<li><strong>taper : <\/strong> D\u00e9tergent<\/li>\n<li><strong>forme : <\/strong> Gel<\/li>\n<li><strong>teneur en principe actif : <\/strong> 5% (Inclure) -15%<\/li>\n<li><strong>\u00c9chantillon : <\/strong> 500 ml fournis gratuitement<\/li>\n<li><strong>Conditions de paiement : <\/strong> 30\/70 TT<\/li>\n<li><strong>Certificat : <\/strong> ISO, FDS, TDS, COA<\/li>\n<li><strong>Couleur : <\/strong> Transparent<\/li>\n<li><strong>Parfum : <\/strong> Citron<\/li>\n<li><strong>PH : <\/strong> 6.0 -8.5<\/li>\n<li><strong>Emballer : <\/strong> 20L\/baril<\/li>\n<\/ul>","protected":false},"excerpt":{"rendered":"<p>lieu d'origine : Guangdong, Chine marque : Welson num\u00e9ro de mod\u00e8le : PANPAL caract\u00e9ristique : durable, stock\u00e9, d\u00e9tergent jetable<\/p>","protected":false},"featured_media":180884,"comment_status":"open","ping_status":"closed","template":"","meta":[],"product_brand":[],"product_cat":[30966],"product_tag":[],"class_list":{"0":"post-180885","1":"product","2":"type-product","3":"status-publish","4":"has-post-thumbnail","6":"product_cat-cleaning-chemicals","8":"first","9":"instock","10":"taxable","11":"shipping-taxable","12":"purchasable","13":"product-type-variable"},"_links":{"self":[{"href":"https:\/\/nexgendecors.com\/fr\/wp-json\/wp\/v2\/product\/180885","targetHints":{"allow":["GET"]}}],"collection":[{"href":"https:\/\/nexgendecors.com\/fr\/wp-json\/wp\/v2\/product"}],"about":[{"href":"https:\/\/nexgendecors.com\/fr\/wp-json\/wp\/v2\/types\/product"}],"replies":[{"embeddable":true,"href":"https:\/\/nexgendecors.com\/fr\/wp-json\/wp\/v2\/comments?post=180885"}],"version-history":[{"count":0,"href":"https:\/\/nexgendecors.com\/fr\/wp-json\/wp\/v2\/product\/180885\/revisions"}],"wp:featuredmedia":[{"embeddable":true,"href":"https:\/\/nexgendecors.com\/fr\/wp-json\/wp\/v2\/media\/180884"}],"wp:attachment":[{"href":"https:\/\/nexgendecors.com\/fr\/wp-json\/wp\/v2\/media?parent=180885"}],"wp:term":[{"taxonomy":"product_brand","embeddable":true,"href":"https:\/\/nexgendecors.com\/fr\/wp-json\/wp\/v2\/product_brand?post=180885"},{"taxonomy":"product_cat","embeddable":true,"href":"https:\/\/nexgendecors.com\/fr\/wp-json\/wp\/v2\/product_cat?post=180885"},{"taxonomy":"product_tag","embeddable":true,"href":"https:\/\/nexgendecors.com\/fr\/wp-json\/wp\/v2\/product_tag?post=180885"}],"curies":[{"name":"wp","href":"https:\/\/api.w.org\/{rel}","templated":true}]}}