{"id":180904,"date":"2025-02-28T03:52:30","date_gmt":"2025-02-28T03:52:30","guid":{"rendered":"https:\/\/nexgendecors.com\/en\/product\/kitchen-heavy-oil-stain-and-grease-remover-500ml-heavy-duty-food-grade-liquid-kitchen-oven-degreaser-spray\/"},"modified":"2025-04-06T11:18:41","modified_gmt":"2025-04-06T11:18:41","slug":"kitchen-heavy-oil-stain-and-grease-remover-500ml-heavy-duty-food-grade-liquid-kitchen-oven-degreaser-spray","status":"publish","type":"product","link":"https:\/\/nexgendecors.com\/fr\/product\/kitchen-heavy-oil-stain-and-grease-remover-500ml-heavy-duty-food-grade-liquid-kitchen-oven-degreaser-spray\/","title":{"rendered":"D\u00e9tachant d&#039;huile et de graisse pour cuisine, 500 ml, liquide de qualit\u00e9 alimentaire, d\u00e9graissant puissant pour four de cuisine."},"content":{"rendered":"<ul>\n<li><strong>lieu d&#039;origine : <\/strong> Guangdong, Chine<\/li>\n<li><strong>nom de marque : <\/strong> Welson<\/li>\n<li><strong>num\u00e9ro de mod\u00e8le : <\/strong> GO DW<\/li>\n<li><strong>fonctionnalit\u00e9 : <\/strong> Durable, stock\u00e9, jetable<\/li>\n<li><strong>taper : <\/strong> D\u00e9tergent<\/li>\n<li><strong>forme : <\/strong> Liquide<\/li>\n<li><strong>teneur en principe actif : <\/strong> 5% (Inclure) -15%<\/li>\n<li><strong>\u00c9chantillon : <\/strong> 500 ml fournis gratuitement<\/li>\n<li><strong>Conditions de paiement : <\/strong> 30\/70 TT<\/li>\n<li><strong>Certificat : <\/strong> ISO, FDS, TDS, COA<\/li>\n<li><strong>Couleur : <\/strong> Colourless or slight yellow<\/li>\n<li><strong>Odeur : <\/strong> \u00c2cre<\/li>\n<li><strong>PH : <\/strong> 12.0~13.0<\/li>\n<li><strong>Emballer : <\/strong> 500ml spray<\/li>\n<\/ul>","protected":false},"excerpt":{"rendered":"<p>Lieu d&#039;origine : Guangdong, Chine Nom de marque : Welson Num\u00e9ro de mod\u00e8le : GO DW Caract\u00e9ristique : Durable, Stock\u00e9, Jetable<\/p>","protected":false},"featured_media":180903,"comment_status":"open","ping_status":"closed","template":"","meta":[],"product_brand":[],"product_cat":[30966],"product_tag":[],"class_list":{"0":"post-180904","1":"product","2":"type-product","3":"status-publish","4":"has-post-thumbnail","6":"product_cat-cleaning-chemicals","8":"first","9":"instock","10":"taxable","11":"shipping-taxable","12":"purchasable","13":"product-type-variable"},"_links":{"self":[{"href":"https:\/\/nexgendecors.com\/fr\/wp-json\/wp\/v2\/product\/180904","targetHints":{"allow":["GET"]}}],"collection":[{"href":"https:\/\/nexgendecors.com\/fr\/wp-json\/wp\/v2\/product"}],"about":[{"href":"https:\/\/nexgendecors.com\/fr\/wp-json\/wp\/v2\/types\/product"}],"replies":[{"embeddable":true,"href":"https:\/\/nexgendecors.com\/fr\/wp-json\/wp\/v2\/comments?post=180904"}],"version-history":[{"count":0,"href":"https:\/\/nexgendecors.com\/fr\/wp-json\/wp\/v2\/product\/180904\/revisions"}],"wp:featuredmedia":[{"embeddable":true,"href":"https:\/\/nexgendecors.com\/fr\/wp-json\/wp\/v2\/media\/180903"}],"wp:attachment":[{"href":"https:\/\/nexgendecors.com\/fr\/wp-json\/wp\/v2\/media?parent=180904"}],"wp:term":[{"taxonomy":"product_brand","embeddable":true,"href":"https:\/\/nexgendecors.com\/fr\/wp-json\/wp\/v2\/product_brand?post=180904"},{"taxonomy":"product_cat","embeddable":true,"href":"https:\/\/nexgendecors.com\/fr\/wp-json\/wp\/v2\/product_cat?post=180904"},{"taxonomy":"product_tag","embeddable":true,"href":"https:\/\/nexgendecors.com\/fr\/wp-json\/wp\/v2\/product_tag?post=180904"}],"curies":[{"name":"wp","href":"https:\/\/api.w.org\/{rel}","templated":true}]}}