{"id":180910,"date":"2025-02-28T03:52:54","date_gmt":"2025-02-28T03:52:54","guid":{"rendered":"https:\/\/nexgendecors.com\/en\/product\/all-purpose-kitchen-oven-degreaser-cleaner-liquid-detergent-one-step-cleaner-gas-stove-exhaust-fans-home-appliances\/"},"modified":"2025-04-06T11:18:51","modified_gmt":"2025-04-06T11:18:51","slug":"all-purpose-kitchen-oven-degreaser-cleaner-liquid-detergent-one-step-cleaner-gas-stove-exhaust-fans-home-appliances","status":"publish","type":"product","link":"https:\/\/nexgendecors.com\/fr\/product\/all-purpose-kitchen-oven-degreaser-cleaner-liquid-detergent-one-step-cleaner-gas-stove-exhaust-fans-home-appliances\/","title":{"rendered":"D\u00e9graissant tout usage pour four de cuisine, d\u00e9tergent liquide, nettoyant en une \u00e9tape, pour cuisini\u00e8re \u00e0 gaz, ventilateurs d&#039;extraction, appareils \u00e9lectrom\u00e9nagers"},"content":{"rendered":"<ul>\n<li><strong>lieu d&#039;origine : <\/strong> Guangdong, Chine<\/li>\n<li><strong>nom de marque : <\/strong> Welson<\/li>\n<li><strong>num\u00e9ro de mod\u00e8le : <\/strong> GO DW<\/li>\n<li><strong>fonctionnalit\u00e9 : <\/strong> Durable, stock\u00e9, jetable<\/li>\n<li><strong>taper : <\/strong> D\u00e9tergent<\/li>\n<li><strong>forme : <\/strong> Liquide<\/li>\n<li><strong>teneur en principe actif : <\/strong> 5% (Inclure) -15%<\/li>\n<li><strong>Conditions de paiement : <\/strong> 30\/70 TT<\/li>\n<li><strong>Certificat : <\/strong> ISO, FDS, TDS, COA<\/li>\n<li><strong>Couleur : <\/strong> Colourless<\/li>\n<li><strong>PH : <\/strong> 12.0 ~ 13.0<\/li>\n<li><strong>Emballer : <\/strong> 500g<\/li>\n<li><strong>Utilisation : <\/strong> air freshener spray<\/li>\n<li><strong>Service : <\/strong> OEM ODM Accept<\/li>\n<li><strong>Qualit\u00e9 : <\/strong> Excellent<\/li>\n<li><strong>Type de d\u00e9tergent : <\/strong> Nettoyeur<\/li>\n<\/ul>","protected":false},"excerpt":{"rendered":"<p>Lieu d&#039;origine : Guangdong, Chine Nom de marque : Welson Num\u00e9ro de mod\u00e8le : GO DW Caract\u00e9ristique : Durable, Stock\u00e9, Jetable<\/p>","protected":false},"featured_media":180908,"comment_status":"open","ping_status":"closed","template":"","meta":[],"product_brand":[],"product_cat":[30966],"product_tag":[],"class_list":{"0":"post-180910","1":"product","2":"type-product","3":"status-publish","4":"has-post-thumbnail","6":"product_cat-cleaning-chemicals","8":"first","9":"instock","10":"taxable","11":"shipping-taxable","12":"purchasable","13":"product-type-variable"},"_links":{"self":[{"href":"https:\/\/nexgendecors.com\/fr\/wp-json\/wp\/v2\/product\/180910","targetHints":{"allow":["GET"]}}],"collection":[{"href":"https:\/\/nexgendecors.com\/fr\/wp-json\/wp\/v2\/product"}],"about":[{"href":"https:\/\/nexgendecors.com\/fr\/wp-json\/wp\/v2\/types\/product"}],"replies":[{"embeddable":true,"href":"https:\/\/nexgendecors.com\/fr\/wp-json\/wp\/v2\/comments?post=180910"}],"version-history":[{"count":0,"href":"https:\/\/nexgendecors.com\/fr\/wp-json\/wp\/v2\/product\/180910\/revisions"}],"wp:featuredmedia":[{"embeddable":true,"href":"https:\/\/nexgendecors.com\/fr\/wp-json\/wp\/v2\/media\/180908"}],"wp:attachment":[{"href":"https:\/\/nexgendecors.com\/fr\/wp-json\/wp\/v2\/media?parent=180910"}],"wp:term":[{"taxonomy":"product_brand","embeddable":true,"href":"https:\/\/nexgendecors.com\/fr\/wp-json\/wp\/v2\/product_brand?post=180910"},{"taxonomy":"product_cat","embeddable":true,"href":"https:\/\/nexgendecors.com\/fr\/wp-json\/wp\/v2\/product_cat?post=180910"},{"taxonomy":"product_tag","embeddable":true,"href":"https:\/\/nexgendecors.com\/fr\/wp-json\/wp\/v2\/product_tag?post=180910"}],"curies":[{"name":"wp","href":"https:\/\/api.w.org\/{rel}","templated":true}]}}