{"id":180922,"date":"2025-02-28T03:58:36","date_gmt":"2025-02-28T03:58:36","guid":{"rendered":"https:\/\/nexgendecors.com\/en\/product\/high-performance-carpet-and-upholstery-stain-remover-carpet-spotting-agent-for-sofas-rugs-deep-clean-safe-for-all-fabrics\/"},"modified":"2025-04-06T11:19:01","modified_gmt":"2025-04-06T11:19:01","slug":"high-performance-carpet-and-upholstery-stain-remover-carpet-spotting-agent-for-sofas-rugs-deep-clean-safe-for-all-fabrics","status":"publish","type":"product","link":"https:\/\/nexgendecors.com\/fr\/product\/high-performance-carpet-and-upholstery-stain-remover-carpet-spotting-agent-for-sofas-rugs-deep-clean-safe-for-all-fabrics\/","title":{"rendered":"D\u00e9tachant haute performance pour tapis et tissus d&#039;ameublement Agent d\u00e9tachant pour tapis pour canap\u00e9s et tapis Nettoyage en profondeur Sans danger pour tous les tissus"},"content":{"rendered":"<ul>\n<li><strong>lieu d&#039;origine : <\/strong> Guangdong, Chine<\/li>\n<li><strong>nom de marque : <\/strong> Welson<\/li>\n<li><strong>num\u00e9ro de mod\u00e8le : <\/strong> SPOT<\/li>\n<li><strong>fonctionnalit\u00e9 : <\/strong> Durable, stock\u00e9, jetable<\/li>\n<li><strong>taper : <\/strong> D\u00e9tergent<\/li>\n<li><strong>forme : <\/strong> Liquide<\/li>\n<li><strong>Active Ingredient content : <\/strong> 5% (Inclure) -15%<\/li>\n<li><strong>\u00c9chantillon : <\/strong> 500 ml fournis gratuitement<\/li>\n<li><strong>Conditions de paiement : <\/strong> 30\/70 TT<\/li>\n<li><strong>Certificat : <\/strong> ISO, FDS, TDS, COA<\/li>\n<li><strong>Couleur : <\/strong> colourless to slight yellow<\/li>\n<li><strong>Odeur : <\/strong> solvent<\/li>\n<li><strong>PH : <\/strong> 11.0~13.0<\/li>\n<li><strong>Emballer : <\/strong> 5L\/PCS, 4PCS\/CARTON<\/li>\n<li><strong>Type de d\u00e9tergent : <\/strong> Nettoyeur<\/li>\n<\/ul>","protected":false},"excerpt":{"rendered":"<p>lieu d&#039;origine : Guangdong, Chine nom de marque : Welson num\u00e9ro de mod\u00e8le : SPOT caract\u00e9ristique : durable, stock\u00e9, type jetable<\/p>","protected":false},"featured_media":180921,"comment_status":"open","ping_status":"closed","template":"","meta":[],"product_brand":[],"product_cat":[30966],"product_tag":[],"class_list":{"0":"post-180922","1":"product","2":"type-product","3":"status-publish","4":"has-post-thumbnail","6":"product_cat-cleaning-chemicals","8":"first","9":"instock","10":"taxable","11":"shipping-taxable","12":"purchasable","13":"product-type-variable"},"_links":{"self":[{"href":"https:\/\/nexgendecors.com\/fr\/wp-json\/wp\/v2\/product\/180922","targetHints":{"allow":["GET"]}}],"collection":[{"href":"https:\/\/nexgendecors.com\/fr\/wp-json\/wp\/v2\/product"}],"about":[{"href":"https:\/\/nexgendecors.com\/fr\/wp-json\/wp\/v2\/types\/product"}],"replies":[{"embeddable":true,"href":"https:\/\/nexgendecors.com\/fr\/wp-json\/wp\/v2\/comments?post=180922"}],"version-history":[{"count":0,"href":"https:\/\/nexgendecors.com\/fr\/wp-json\/wp\/v2\/product\/180922\/revisions"}],"wp:featuredmedia":[{"embeddable":true,"href":"https:\/\/nexgendecors.com\/fr\/wp-json\/wp\/v2\/media\/180921"}],"wp:attachment":[{"href":"https:\/\/nexgendecors.com\/fr\/wp-json\/wp\/v2\/media?parent=180922"}],"wp:term":[{"taxonomy":"product_brand","embeddable":true,"href":"https:\/\/nexgendecors.com\/fr\/wp-json\/wp\/v2\/product_brand?post=180922"},{"taxonomy":"product_cat","embeddable":true,"href":"https:\/\/nexgendecors.com\/fr\/wp-json\/wp\/v2\/product_cat?post=180922"},{"taxonomy":"product_tag","embeddable":true,"href":"https:\/\/nexgendecors.com\/fr\/wp-json\/wp\/v2\/product_tag?post=180922"}],"curies":[{"name":"wp","href":"https:\/\/api.w.org\/{rel}","templated":true}]}}