{"id":180948,"date":"2025-02-28T04:00:58","date_gmt":"2025-02-28T04:00:58","guid":{"rendered":"https:\/\/nexgendecors.com\/en\/product\/air-freshener-for-automatic-air-dispenser-use-in-hotel-electric-air-freshener-300ml-ready-to-use-air-freshener\/"},"modified":"2025-04-06T11:19:21","modified_gmt":"2025-04-06T11:19:21","slug":"air-freshener-for-automatic-air-dispenser-use-in-hotel-electric-air-freshener-300ml-ready-to-use-air-freshener","status":"publish","type":"product","link":"https:\/\/nexgendecors.com\/fr\/product\/air-freshener-for-automatic-air-dispenser-use-in-hotel-electric-air-freshener-300ml-ready-to-use-air-freshener\/","title":{"rendered":"D\u00e9sodorisant pour distributeur automatique d&#039;air \u00e0 utiliser dans les h\u00f4tels, d\u00e9sodorisant \u00e9lectrique, d\u00e9sodorisant pr\u00eat \u00e0 l&#039;emploi 300 ml"},"content":{"rendered":"<ul>\n<li><strong>lieu d&#039;origine : <\/strong> Guangdong, Chine<\/li>\n<li><strong>nom de marque : <\/strong> Welson<\/li>\n<li><strong>num\u00e9ro de mod\u00e8le : <\/strong> ODNM<\/li>\n<li><strong>fonctionnalit\u00e9 : <\/strong> Disposable, Stocked<\/li>\n<li><strong>utilisation du d\u00e9tergent : <\/strong> Salle de bain<\/li>\n<li><strong>taper : <\/strong> D\u00e9tergent<\/li>\n<li><strong>forme : <\/strong> Spray<\/li>\n<li><strong>Teneur en principe actif : <\/strong>  15%\uff08Include\uff09-30%<\/li>\n<li><strong>Conditions de paiement : <\/strong> 30\/70 TT<\/li>\n<li><strong>Certificat : <\/strong> ISO, FDS, TDS, COA<\/li>\n<li><strong>Couleur : <\/strong> Colourless<\/li>\n<li><strong>Odeur : <\/strong> lemon<\/li>\n<li><strong>Emballer : <\/strong> 300ml\/bottle<\/li>\n<li><strong>Application : <\/strong> used by automatic air dispenser in hotel<\/li>\n<li><strong>Type de d\u00e9tergent : <\/strong> air freshener<\/li>\n<\/ul>","protected":false},"excerpt":{"rendered":"<p>lieu d&#039;origine : Guangdong, Chine nom de marque : Welson num\u00e9ro de mod\u00e8le : ODNM caract\u00e9ristique : jetable, d\u00e9tergent stock\u00e9 utilisation<\/p>","protected":false},"featured_media":180947,"comment_status":"open","ping_status":"closed","template":"","meta":[],"product_brand":[],"product_cat":[30966],"product_tag":[],"class_list":{"0":"post-180948","1":"product","2":"type-product","3":"status-publish","4":"has-post-thumbnail","6":"product_cat-cleaning-chemicals","8":"first","9":"instock","10":"taxable","11":"shipping-taxable","12":"purchasable","13":"product-type-variable"},"_links":{"self":[{"href":"https:\/\/nexgendecors.com\/fr\/wp-json\/wp\/v2\/product\/180948","targetHints":{"allow":["GET"]}}],"collection":[{"href":"https:\/\/nexgendecors.com\/fr\/wp-json\/wp\/v2\/product"}],"about":[{"href":"https:\/\/nexgendecors.com\/fr\/wp-json\/wp\/v2\/types\/product"}],"replies":[{"embeddable":true,"href":"https:\/\/nexgendecors.com\/fr\/wp-json\/wp\/v2\/comments?post=180948"}],"version-history":[{"count":0,"href":"https:\/\/nexgendecors.com\/fr\/wp-json\/wp\/v2\/product\/180948\/revisions"}],"wp:featuredmedia":[{"embeddable":true,"href":"https:\/\/nexgendecors.com\/fr\/wp-json\/wp\/v2\/media\/180947"}],"wp:attachment":[{"href":"https:\/\/nexgendecors.com\/fr\/wp-json\/wp\/v2\/media?parent=180948"}],"wp:term":[{"taxonomy":"product_brand","embeddable":true,"href":"https:\/\/nexgendecors.com\/fr\/wp-json\/wp\/v2\/product_brand?post=180948"},{"taxonomy":"product_cat","embeddable":true,"href":"https:\/\/nexgendecors.com\/fr\/wp-json\/wp\/v2\/product_cat?post=180948"},{"taxonomy":"product_tag","embeddable":true,"href":"https:\/\/nexgendecors.com\/fr\/wp-json\/wp\/v2\/product_tag?post=180948"}],"curies":[{"name":"wp","href":"https:\/\/api.w.org\/{rel}","templated":true}]}}