{"id":180966,"date":"2025-02-28T04:04:34","date_gmt":"2025-02-28T04:04:34","guid":{"rendered":"https:\/\/nexgendecors.com\/en\/product\/450g-powdered-oxygen-bleach-stain-remover-washing-powder-for-household-use\/"},"modified":"2025-04-06T11:19:37","modified_gmt":"2025-04-06T11:19:37","slug":"450g-powdered-oxygen-bleach-stain-remover-washing-powder-for-household-use","status":"publish","type":"product","link":"https:\/\/nexgendecors.com\/fr\/product\/450g-powdered-oxygen-bleach-stain-remover-washing-powder-for-household-use\/","title":{"rendered":"Poudre de lessive d\u00e9tachante \u00e0 l&#039;eau de Javel oxyg\u00e9n\u00e9e en poudre pour usage domestique, 450 g"},"content":{"rendered":"<ul>\n<li><strong>lieu d&#039;origine : <\/strong> Guangdong, Chine<\/li>\n<li><strong>Nom de marque : <\/strong> WELSON<\/li>\n<li><strong>num\u00e9ro de mod\u00e8le : <\/strong> OX<\/li>\n<li><strong>fonctionnalit\u00e9 : <\/strong> Jetable, durable, stock\u00e9<\/li>\n<li><strong>utilisation du d\u00e9tergent : <\/strong> All-purpose<\/li>\n<li><strong>taper : <\/strong> D\u00e9tergent<\/li>\n<li><strong>Forme : <\/strong> Poudre<\/li>\n<li><strong>teneur en principe actif : <\/strong> 20%Include-50%<\/li>\n<li><strong>\u00c9chantillon : <\/strong> 500 ml fournis gratuitement<\/li>\n<li><strong>Conditions de paiement : <\/strong> 30\/70 TT<\/li>\n<li><strong>Certificat : <\/strong> ISO,MSDS, TDS, COA<\/li>\n<li><strong>Couleur : <\/strong> blanc<\/li>\n<li><strong>PH : <\/strong> 11.5~13<\/li>\n<li><strong>Emballer : <\/strong> 450g<\/li>\n<li><strong>Type de d\u00e9tergent : <\/strong> Nettoyeur<\/li>\n<\/ul>","protected":false},"excerpt":{"rendered":"<p>Lieu d&#039;origine : Guangdong, Chine Nom de marque : WELSON Num\u00e9ro de mod\u00e8le : OX Caract\u00e9ristique : D\u00e9tergent jetable, durable et stock\u00e9<\/p>","protected":false},"featured_media":180965,"comment_status":"open","ping_status":"closed","template":"","meta":[],"product_brand":[],"product_cat":[30966],"product_tag":[],"class_list":{"0":"post-180966","1":"product","2":"type-product","3":"status-publish","4":"has-post-thumbnail","6":"product_cat-cleaning-chemicals","8":"first","9":"instock","10":"taxable","11":"shipping-taxable","12":"purchasable","13":"product-type-variable"},"_links":{"self":[{"href":"https:\/\/nexgendecors.com\/fr\/wp-json\/wp\/v2\/product\/180966","targetHints":{"allow":["GET"]}}],"collection":[{"href":"https:\/\/nexgendecors.com\/fr\/wp-json\/wp\/v2\/product"}],"about":[{"href":"https:\/\/nexgendecors.com\/fr\/wp-json\/wp\/v2\/types\/product"}],"replies":[{"embeddable":true,"href":"https:\/\/nexgendecors.com\/fr\/wp-json\/wp\/v2\/comments?post=180966"}],"version-history":[{"count":0,"href":"https:\/\/nexgendecors.com\/fr\/wp-json\/wp\/v2\/product\/180966\/revisions"}],"wp:featuredmedia":[{"embeddable":true,"href":"https:\/\/nexgendecors.com\/fr\/wp-json\/wp\/v2\/media\/180965"}],"wp:attachment":[{"href":"https:\/\/nexgendecors.com\/fr\/wp-json\/wp\/v2\/media?parent=180966"}],"wp:term":[{"taxonomy":"product_brand","embeddable":true,"href":"https:\/\/nexgendecors.com\/fr\/wp-json\/wp\/v2\/product_brand?post=180966"},{"taxonomy":"product_cat","embeddable":true,"href":"https:\/\/nexgendecors.com\/fr\/wp-json\/wp\/v2\/product_cat?post=180966"},{"taxonomy":"product_tag","embeddable":true,"href":"https:\/\/nexgendecors.com\/fr\/wp-json\/wp\/v2\/product_tag?post=180966"}],"curies":[{"name":"wp","href":"https:\/\/api.w.org\/{rel}","templated":true}]}}