{"id":180975,"date":"2025-02-28T04:05:27","date_gmt":"2025-02-28T04:05:27","guid":{"rendered":"https:\/\/nexgendecors.com\/en\/product\/450ml-oem-neutral-concentrated-universal-multi-purpose-liquid-cleaner-spray\/"},"modified":"2025-04-06T11:19:48","modified_gmt":"2025-04-06T11:19:48","slug":"450ml-oem-neutral-concentrated-universal-multi-purpose-liquid-cleaner-spray","status":"publish","type":"product","link":"https:\/\/nexgendecors.com\/fr\/product\/450ml-oem-neutral-concentrated-universal-multi-purpose-liquid-cleaner-spray\/","title":{"rendered":"Spray nettoyant liquide universel multi-usages concentr\u00e9 neutre OEM 450 ml"},"content":{"rendered":"<ul>\n<li><strong>lieu d&#039;origine : <\/strong> Guangdong, Chine<\/li>\n<li><strong>Nom de marque : <\/strong> Welson<\/li>\n<li><strong>num\u00e9ro de mod\u00e8le : <\/strong> GREEN<\/li>\n<li><strong>fonctionnalit\u00e9 : <\/strong> Jetable, durable, stock\u00e9<\/li>\n<li><strong>utilisation du d\u00e9tergent : <\/strong> Sofa, wall, floor, chair<\/li>\n<li><strong>taper : <\/strong> D\u00e9tergent<\/li>\n<li><strong>Forme : <\/strong> Liquide<\/li>\n<li><strong>teneur en principe actif : <\/strong> 5% (Inclure) -15%<\/li>\n<li><strong>\u00c9chantillon : <\/strong> 500 ml fournis gratuitement<\/li>\n<li><strong>Conditions de paiement : <\/strong> 30\/70 TT<\/li>\n<li><strong>Certificat : <\/strong> ISO, FDS, TDS, COA<\/li>\n<li><strong>Couleur : <\/strong> Vert<\/li>\n<li><strong>Odeur : <\/strong> white tea fragrance<\/li>\n<li><strong>PH : <\/strong> 6.5 ~ 8.5<\/li>\n<li><strong>Type de d\u00e9tergent : <\/strong> Nettoyeur<\/li>\n<\/ul>","protected":false},"excerpt":{"rendered":"<p>Lieu d&#039;origine : Guangdong, Chine Nom de marque : Welson Num\u00e9ro de mod\u00e8le : VERT Caract\u00e9ristique : D\u00e9tergent jetable, durable et stock\u00e9<\/p>","protected":false},"featured_media":180974,"comment_status":"open","ping_status":"closed","template":"","meta":[],"product_brand":[],"product_cat":[30966],"product_tag":[],"class_list":{"0":"post-180975","1":"product","2":"type-product","3":"status-publish","4":"has-post-thumbnail","6":"product_cat-cleaning-chemicals","8":"first","9":"instock","10":"taxable","11":"shipping-taxable","12":"purchasable","13":"product-type-variable"},"_links":{"self":[{"href":"https:\/\/nexgendecors.com\/fr\/wp-json\/wp\/v2\/product\/180975","targetHints":{"allow":["GET"]}}],"collection":[{"href":"https:\/\/nexgendecors.com\/fr\/wp-json\/wp\/v2\/product"}],"about":[{"href":"https:\/\/nexgendecors.com\/fr\/wp-json\/wp\/v2\/types\/product"}],"replies":[{"embeddable":true,"href":"https:\/\/nexgendecors.com\/fr\/wp-json\/wp\/v2\/comments?post=180975"}],"version-history":[{"count":0,"href":"https:\/\/nexgendecors.com\/fr\/wp-json\/wp\/v2\/product\/180975\/revisions"}],"wp:featuredmedia":[{"embeddable":true,"href":"https:\/\/nexgendecors.com\/fr\/wp-json\/wp\/v2\/media\/180974"}],"wp:attachment":[{"href":"https:\/\/nexgendecors.com\/fr\/wp-json\/wp\/v2\/media?parent=180975"}],"wp:term":[{"taxonomy":"product_brand","embeddable":true,"href":"https:\/\/nexgendecors.com\/fr\/wp-json\/wp\/v2\/product_brand?post=180975"},{"taxonomy":"product_cat","embeddable":true,"href":"https:\/\/nexgendecors.com\/fr\/wp-json\/wp\/v2\/product_cat?post=180975"},{"taxonomy":"product_tag","embeddable":true,"href":"https:\/\/nexgendecors.com\/fr\/wp-json\/wp\/v2\/product_tag?post=180975"}],"curies":[{"name":"wp","href":"https:\/\/api.w.org\/{rel}","templated":true}]}}