{"id":180984,"date":"2025-02-28T04:05:51","date_gmt":"2025-02-28T04:05:51","guid":{"rendered":"https:\/\/nexgendecors.com\/en\/product\/eco-friendly-household-450g-toilet-liquid-detergent-bathroom-cleaning-bathroom-cleaner\/"},"modified":"2025-02-28T04:06:03","modified_gmt":"2025-02-28T04:06:03","slug":"eco-friendly-household-450g-toilet-liquid-detergent-bathroom-cleaning-bathroom-cleaner","status":"publish","type":"product","link":"https:\/\/nexgendecors.com\/fr\/product\/eco-friendly-household-450g-toilet-liquid-detergent-bathroom-cleaning-bathroom-cleaner\/","title":{"rendered":"D\u00e9tergent liquide \u00e9cologique pour toilettes, 450 g, nettoyant pour salle de bain"},"content":{"rendered":"<ul>\n<li><strong>Taper : <\/strong> D\u00e9tergent<\/li>\n<li><strong>Type de d\u00e9tergent : <\/strong> Nettoyeur<\/li>\n<li><strong>Utilisation du d\u00e9tergent : <\/strong> Salle de bain<\/li>\n<li><strong>Forme : <\/strong> Liquide<\/li>\n<li><strong>Fonctionnalit\u00e9 : <\/strong> Jetable, durable, stock\u00e9<\/li>\n<li><strong>Lieu d&#039;origine : <\/strong> Guangdong, Chine<\/li>\n<li><strong>Nom de marque : <\/strong> WELSON<\/li>\n<li><strong>Num\u00e9ro de mod\u00e8le : <\/strong> BAIGNOIRE<\/li>\n<li><strong>Teneur en principe actif : <\/strong> 5% (Inclure) -15%<\/li>\n<li><strong>\u00c9chantillon : <\/strong> 500g offerts gratuitement<\/li>\n<li><strong>Conditions de paiement : <\/strong> 30\/70 TT<\/li>\n<li><strong>Certificat : <\/strong> ISO,MSDS, TDS, COA<\/li>\n<li><strong>Couleur : <\/strong> bleu<\/li>\n<li><strong>Odeur : <\/strong> Peach<\/li>\n<li><strong>PH : <\/strong> 1.5 ~ 2.0<\/li>\n<li><strong>Emballer : <\/strong> 450g<\/li>\n<\/ul>","protected":false},"excerpt":{"rendered":"<p>Type : D\u00e9tergent Type de d\u00e9tergent : D\u00e9tergent nettoyant Utilisation : Salle de bain Forme : Liquide Caract\u00e9ristique : Jetable, Durable, Lieu de stockage<\/p>","protected":false},"featured_media":180983,"comment_status":"open","ping_status":"closed","template":"","meta":[],"product_brand":[],"product_cat":[30966],"product_tag":[],"class_list":{"0":"post-180984","1":"product","2":"type-product","3":"status-publish","4":"has-post-thumbnail","6":"product_cat-cleaning-chemicals","8":"first","9":"instock","10":"taxable","11":"shipping-taxable","12":"purchasable","13":"product-type-variable"},"_links":{"self":[{"href":"https:\/\/nexgendecors.com\/fr\/wp-json\/wp\/v2\/product\/180984","targetHints":{"allow":["GET"]}}],"collection":[{"href":"https:\/\/nexgendecors.com\/fr\/wp-json\/wp\/v2\/product"}],"about":[{"href":"https:\/\/nexgendecors.com\/fr\/wp-json\/wp\/v2\/types\/product"}],"replies":[{"embeddable":true,"href":"https:\/\/nexgendecors.com\/fr\/wp-json\/wp\/v2\/comments?post=180984"}],"version-history":[{"count":0,"href":"https:\/\/nexgendecors.com\/fr\/wp-json\/wp\/v2\/product\/180984\/revisions"}],"wp:featuredmedia":[{"embeddable":true,"href":"https:\/\/nexgendecors.com\/fr\/wp-json\/wp\/v2\/media\/180983"}],"wp:attachment":[{"href":"https:\/\/nexgendecors.com\/fr\/wp-json\/wp\/v2\/media?parent=180984"}],"wp:term":[{"taxonomy":"product_brand","embeddable":true,"href":"https:\/\/nexgendecors.com\/fr\/wp-json\/wp\/v2\/product_brand?post=180984"},{"taxonomy":"product_cat","embeddable":true,"href":"https:\/\/nexgendecors.com\/fr\/wp-json\/wp\/v2\/product_cat?post=180984"},{"taxonomy":"product_tag","embeddable":true,"href":"https:\/\/nexgendecors.com\/fr\/wp-json\/wp\/v2\/product_tag?post=180984"}],"curies":[{"name":"wp","href":"https:\/\/api.w.org\/{rel}","templated":true}]}}