{"id":181002,"date":"2025-02-28T04:06:53","date_gmt":"2025-02-28T04:06:53","guid":{"rendered":"https:\/\/nexgendecors.com\/en\/product\/toilet-bowl-cleaner-with-oem-service-for-household-cleaning-or-hotel-use\/"},"modified":"2025-04-06T11:20:09","modified_gmt":"2025-04-06T11:20:09","slug":"nettoyant-pour-cuvette-de-toilettes-avec-service-oem-pour-le-nettoyage-domestique-ou-lutilisation-a-lhotel","status":"publish","type":"product","link":"https:\/\/nexgendecors.com\/fr\/product\/nettoyant-pour-cuvette-de-toilettes-avec-service-oem-pour-le-nettoyage-domestique-ou-lutilisation-a-lhotel\/","title":{"rendered":"Nettoyant pour cuvette de toilettes avec service OEM pour le nettoyage domestique ou h\u00f4telier"},"content":{"rendered":"<ul>\n<li><strong>Taper : <\/strong> D\u00e9tergent<\/li>\n<li><strong>Type de d\u00e9tergent : <\/strong> Nettoyeur<\/li>\n<li><strong>Utilisation du d\u00e9tergent : <\/strong> Salle de bain<\/li>\n<li><strong>Forme : <\/strong> Liquide<\/li>\n<li><strong>Fonctionnalit\u00e9 : <\/strong> Jetable, durable<\/li>\n<li><strong>Lieu d&#039;origine : <\/strong> Guangdong, Chine<\/li>\n<li><strong>Nom de marque : <\/strong> Welson ou OEM<\/li>\n<li><strong>Num\u00e9ro de mod\u00e8le : <\/strong> TC<\/li>\n<li><strong>Teneur en principe actif : <\/strong> 5% (Inclure) -15%<\/li>\n<li><strong>\u00c9chantillon : <\/strong> Disponible<\/li>\n<li><strong>Conditions de paiement : <\/strong> 30\/70 TT<\/li>\n<li><strong>Certificat : <\/strong> ISO, FDS, COA<\/li>\n<li><strong>Acheteur commercial : <\/strong> H\u00f4tels<\/li>\n<\/ul>","protected":false},"excerpt":{"rendered":"<p>Type : D\u00e9tergent Type de d\u00e9tergent : D\u00e9tergent nettoyant Utilisation : Salle de bain Forme : Liquide Caract\u00e9ristique : Jetable, Durable Lieu de<\/p>","protected":false},"featured_media":181001,"comment_status":"open","ping_status":"closed","template":"","meta":[],"product_brand":[],"product_cat":[30966],"product_tag":[],"class_list":{"0":"post-181002","1":"product","2":"type-product","3":"status-publish","4":"has-post-thumbnail","6":"product_cat-cleaning-chemicals","8":"first","9":"instock","10":"taxable","11":"shipping-taxable","12":"purchasable","13":"product-type-variable"},"_links":{"self":[{"href":"https:\/\/nexgendecors.com\/fr\/wp-json\/wp\/v2\/product\/181002","targetHints":{"allow":["GET"]}}],"collection":[{"href":"https:\/\/nexgendecors.com\/fr\/wp-json\/wp\/v2\/product"}],"about":[{"href":"https:\/\/nexgendecors.com\/fr\/wp-json\/wp\/v2\/types\/product"}],"replies":[{"embeddable":true,"href":"https:\/\/nexgendecors.com\/fr\/wp-json\/wp\/v2\/comments?post=181002"}],"version-history":[{"count":0,"href":"https:\/\/nexgendecors.com\/fr\/wp-json\/wp\/v2\/product\/181002\/revisions"}],"wp:featuredmedia":[{"embeddable":true,"href":"https:\/\/nexgendecors.com\/fr\/wp-json\/wp\/v2\/media\/181001"}],"wp:attachment":[{"href":"https:\/\/nexgendecors.com\/fr\/wp-json\/wp\/v2\/media?parent=181002"}],"wp:term":[{"taxonomy":"product_brand","embeddable":true,"href":"https:\/\/nexgendecors.com\/fr\/wp-json\/wp\/v2\/product_brand?post=181002"},{"taxonomy":"product_cat","embeddable":true,"href":"https:\/\/nexgendecors.com\/fr\/wp-json\/wp\/v2\/product_cat?post=181002"},{"taxonomy":"product_tag","embeddable":true,"href":"https:\/\/nexgendecors.com\/fr\/wp-json\/wp\/v2\/product_tag?post=181002"}],"curies":[{"name":"wp","href":"https:\/\/api.w.org\/{rel}","templated":true}]}}