{"id":181011,"date":"2025-02-28T04:07:19","date_gmt":"2025-02-28T04:07:19","guid":{"rendered":"https:\/\/nexgendecors.com\/en\/product\/liquid-toilet-bowl-cleaners-urinal-stain-remover-toilet-cleaner\/"},"modified":"2025-04-06T11:20:19","modified_gmt":"2025-04-06T11:20:19","slug":"liquid-toilet-bowl-cleaners-urinal-stain-remover-toilet-cleaner","status":"publish","type":"product","link":"https:\/\/nexgendecors.com\/fr\/product\/liquid-toilet-bowl-cleaners-urinal-stain-remover-toilet-cleaner\/","title":{"rendered":"Nettoyants liquides pour cuvettes de toilettes \u2013 D\u00e9tachants pour urinoirs \u2013 Nettoyant pour toilettes"},"content":{"rendered":"<ul>\n<li><strong>Taper : <\/strong> D\u00e9tergent<\/li>\n<li><strong>Type de d\u00e9tergent : <\/strong> Nettoyeur<\/li>\n<li><strong>Utilisation du d\u00e9tergent : <\/strong> Salle de bain<\/li>\n<li><strong>Forme : <\/strong> Liquide<\/li>\n<li><strong>Fonctionnalit\u00e9 : <\/strong> Jetable, durable, stock\u00e9<\/li>\n<li><strong>Lieu d&#039;origine : <\/strong> Guangdong, Chine<\/li>\n<li><strong>Nom de marque : <\/strong> Welson<\/li>\n<li><strong>Num\u00e9ro de mod\u00e8le : <\/strong> TC<\/li>\n<li><strong>Teneur en principe actif : <\/strong> 5% (Inclure) -15%<\/li>\n<li><strong>\u00c9chantillon : <\/strong> 500 ml fournis gratuitement<\/li>\n<li><strong>Conditions de paiement : <\/strong> 30\/70 TT<\/li>\n<li><strong>Certificat : <\/strong> ISO 9001, ISO 14001, MSDS<\/li>\n<li><strong>Couleur : <\/strong> Incolore ou jaune p\u00e2le<\/li>\n<li><strong>PH : <\/strong> 1.0 ~ 2.0<\/li>\n<li><strong>Emballer : <\/strong> 600ml<\/li>\n<\/ul>","protected":false},"excerpt":{"rendered":"<p>Type : D\u00e9tergent Type de d\u00e9tergent : D\u00e9tergent nettoyant Utilisation : Salle de bain Forme : Liquide Caract\u00e9ristique : Jetable, Durable, Lieu de stockage<\/p>","protected":false},"featured_media":181010,"comment_status":"open","ping_status":"closed","template":"","meta":[],"product_brand":[],"product_cat":[30966],"product_tag":[],"class_list":{"0":"post-181011","1":"product","2":"type-product","3":"status-publish","4":"has-post-thumbnail","6":"product_cat-cleaning-chemicals","8":"first","9":"instock","10":"taxable","11":"shipping-taxable","12":"purchasable","13":"product-type-variable"},"_links":{"self":[{"href":"https:\/\/nexgendecors.com\/fr\/wp-json\/wp\/v2\/product\/181011","targetHints":{"allow":["GET"]}}],"collection":[{"href":"https:\/\/nexgendecors.com\/fr\/wp-json\/wp\/v2\/product"}],"about":[{"href":"https:\/\/nexgendecors.com\/fr\/wp-json\/wp\/v2\/types\/product"}],"replies":[{"embeddable":true,"href":"https:\/\/nexgendecors.com\/fr\/wp-json\/wp\/v2\/comments?post=181011"}],"version-history":[{"count":0,"href":"https:\/\/nexgendecors.com\/fr\/wp-json\/wp\/v2\/product\/181011\/revisions"}],"wp:featuredmedia":[{"embeddable":true,"href":"https:\/\/nexgendecors.com\/fr\/wp-json\/wp\/v2\/media\/181010"}],"wp:attachment":[{"href":"https:\/\/nexgendecors.com\/fr\/wp-json\/wp\/v2\/media?parent=181011"}],"wp:term":[{"taxonomy":"product_brand","embeddable":true,"href":"https:\/\/nexgendecors.com\/fr\/wp-json\/wp\/v2\/product_brand?post=181011"},{"taxonomy":"product_cat","embeddable":true,"href":"https:\/\/nexgendecors.com\/fr\/wp-json\/wp\/v2\/product_cat?post=181011"},{"taxonomy":"product_tag","embeddable":true,"href":"https:\/\/nexgendecors.com\/fr\/wp-json\/wp\/v2\/product_tag?post=181011"}],"curies":[{"name":"wp","href":"https:\/\/api.w.org\/{rel}","templated":true}]}}