{"id":181037,"date":"2025-02-28T04:09:39","date_gmt":"2025-02-28T04:09:39","guid":{"rendered":"https:\/\/nexgendecors.com\/en\/product\/hotel-restaurant-kitchen-suitable-for-removing-the-scale-of-dishwasher-liquid-lime-scale-remover\/"},"modified":"2025-04-06T11:20:53","modified_gmt":"2025-04-06T11:20:53","slug":"hotel-restaurant-kitchen-suitable-for-removing-the-scale-of-dishwasher-liquid-lime-scale-remover","status":"publish","type":"product","link":"https:\/\/nexgendecors.com\/fr\/product\/hotel-restaurant-kitchen-suitable-for-removing-the-scale-of-dishwasher-liquid-lime-scale-remover\/","title":{"rendered":"Cuisine d&#039;h\u00f4tel restaurant adapt\u00e9e pour \u00e9liminer le tartre du d\u00e9tartrant liquide pour lave-vaisselle"},"content":{"rendered":"<ul>\n<li><strong>lieu d&#039;origine : <\/strong> Guangdong, Chine<\/li>\n<li><strong>nom de marque : <\/strong> Welson<\/li>\n<li><strong>num\u00e9ro de mod\u00e8le : <\/strong> EXCEL DESCALE<\/li>\n<li><strong>fonctionnalit\u00e9 : <\/strong> Durable, stock\u00e9, jetable<\/li>\n<li><strong>taper : <\/strong> D\u00e9tergent<\/li>\n<li><strong>forme : <\/strong> Liquide<\/li>\n<li><strong>teneur en principe actif : <\/strong> 30%\uff08Include\uff09-50%<\/li>\n<li><strong>\u00c9chantillon : <\/strong> 500 ml fournis gratuitement<\/li>\n<li><strong>Conditions de paiement : <\/strong> 30\/70 TT<\/li>\n<li><strong>Certificat : <\/strong> ISO, FDS, TDS, COA<\/li>\n<li><strong>Couleur : <\/strong> rouge<\/li>\n<li><strong>Odeur : <\/strong> \u00c2cre<\/li>\n<li><strong>PH : <\/strong> 1.5~2.5 at 100%<\/li>\n<li><strong>Emballer : <\/strong> 4*5L\/carton<\/li>\n<\/ul>","protected":false},"excerpt":{"rendered":"<p>Lieu d&#039;origine : Guangdong, Chine Nom de marque : Welson Num\u00e9ro de mod\u00e8le : EXCEL DESCALE Caract\u00e9ristique : Durable, Stock\u00e9, Jetable<\/p>","protected":false},"featured_media":181036,"comment_status":"open","ping_status":"closed","template":"","meta":[],"product_brand":[],"product_cat":[30966],"product_tag":[],"class_list":{"0":"post-181037","1":"product","2":"type-product","3":"status-publish","4":"has-post-thumbnail","6":"product_cat-cleaning-chemicals","8":"first","9":"instock","10":"taxable","11":"shipping-taxable","12":"purchasable","13":"product-type-variable"},"_links":{"self":[{"href":"https:\/\/nexgendecors.com\/fr\/wp-json\/wp\/v2\/product\/181037","targetHints":{"allow":["GET"]}}],"collection":[{"href":"https:\/\/nexgendecors.com\/fr\/wp-json\/wp\/v2\/product"}],"about":[{"href":"https:\/\/nexgendecors.com\/fr\/wp-json\/wp\/v2\/types\/product"}],"replies":[{"embeddable":true,"href":"https:\/\/nexgendecors.com\/fr\/wp-json\/wp\/v2\/comments?post=181037"}],"version-history":[{"count":0,"href":"https:\/\/nexgendecors.com\/fr\/wp-json\/wp\/v2\/product\/181037\/revisions"}],"wp:featuredmedia":[{"embeddable":true,"href":"https:\/\/nexgendecors.com\/fr\/wp-json\/wp\/v2\/media\/181036"}],"wp:attachment":[{"href":"https:\/\/nexgendecors.com\/fr\/wp-json\/wp\/v2\/media?parent=181037"}],"wp:term":[{"taxonomy":"product_brand","embeddable":true,"href":"https:\/\/nexgendecors.com\/fr\/wp-json\/wp\/v2\/product_brand?post=181037"},{"taxonomy":"product_cat","embeddable":true,"href":"https:\/\/nexgendecors.com\/fr\/wp-json\/wp\/v2\/product_cat?post=181037"},{"taxonomy":"product_tag","embeddable":true,"href":"https:\/\/nexgendecors.com\/fr\/wp-json\/wp\/v2\/product_tag?post=181037"}],"curies":[{"name":"wp","href":"https:\/\/api.w.org\/{rel}","templated":true}]}}