{"id":181051,"date":"2025-02-28T04:10:15","date_gmt":"2025-02-28T04:10:15","guid":{"rendered":"https:\/\/nexgendecors.com\/en\/product\/welson-super-concentrated-automatic-dishwasher-high-alkaline-liquid-detergent\/"},"modified":"2025-04-06T11:21:14","modified_gmt":"2025-04-06T11:21:14","slug":"welson-super-concentrated-automatic-dishwasher-high-alkaline-liquid-detergent","status":"publish","type":"product","link":"https:\/\/nexgendecors.com\/fr\/product\/welson-super-concentrated-automatic-dishwasher-high-alkaline-liquid-detergent\/","title":{"rendered":"D\u00e9tergent liquide hautement alcalin super concentr\u00e9 pour lave-vaisselle automatique Welson"},"content":{"rendered":"<ul>\n<li><strong>lieu d&#039;origine : <\/strong> Guangdong, Chine<\/li>\n<li><strong>nom de marque : <\/strong> WELSON<\/li>\n<li><strong>num\u00e9ro de mod\u00e8le : <\/strong> GLEAM<\/li>\n<li><strong>fonctionnalit\u00e9 : <\/strong> Durable, stock\u00e9, jetable<\/li>\n<li><strong>taper : <\/strong> D\u00e9tergent<\/li>\n<li><strong>forme : <\/strong> Liquide<\/li>\n<li><strong>teneur en principe actif : <\/strong> 5% (Inclure) -15%<\/li>\n<li><strong>\u00c9chantillon : <\/strong> 500 ml fournis gratuitement<\/li>\n<li><strong>Conditions de paiement : <\/strong> 30\/70 TT<\/li>\n<li><strong>Certificat : <\/strong> ISO, FDS, TDS, COA<\/li>\n<li><strong>pH Value : <\/strong> 12-13<\/li>\n<li><strong>Couleur : <\/strong> Colourless or slight yellow<\/li>\n<li><strong>Odeur : <\/strong> \u00c2cre<\/li>\n<li><strong>Delivery date : <\/strong> 3-7 days after payment<\/li>\n<\/ul>","protected":false},"excerpt":{"rendered":"<p>lieu d&#039;origine : Guangdong, Chine nom de marque : WELSON num\u00e9ro de mod\u00e8le : GLEAM caract\u00e9ristique : durable, stock\u00e9, type jetable<\/p>","protected":false},"featured_media":181050,"comment_status":"open","ping_status":"closed","template":"","meta":[],"product_brand":[],"product_cat":[30966],"product_tag":[],"class_list":{"0":"post-181051","1":"product","2":"type-product","3":"status-publish","4":"has-post-thumbnail","6":"product_cat-cleaning-chemicals","8":"first","9":"instock","10":"taxable","11":"shipping-taxable","12":"purchasable","13":"product-type-variable"},"_links":{"self":[{"href":"https:\/\/nexgendecors.com\/fr\/wp-json\/wp\/v2\/product\/181051","targetHints":{"allow":["GET"]}}],"collection":[{"href":"https:\/\/nexgendecors.com\/fr\/wp-json\/wp\/v2\/product"}],"about":[{"href":"https:\/\/nexgendecors.com\/fr\/wp-json\/wp\/v2\/types\/product"}],"replies":[{"embeddable":true,"href":"https:\/\/nexgendecors.com\/fr\/wp-json\/wp\/v2\/comments?post=181051"}],"version-history":[{"count":0,"href":"https:\/\/nexgendecors.com\/fr\/wp-json\/wp\/v2\/product\/181051\/revisions"}],"wp:featuredmedia":[{"embeddable":true,"href":"https:\/\/nexgendecors.com\/fr\/wp-json\/wp\/v2\/media\/181050"}],"wp:attachment":[{"href":"https:\/\/nexgendecors.com\/fr\/wp-json\/wp\/v2\/media?parent=181051"}],"wp:term":[{"taxonomy":"product_brand","embeddable":true,"href":"https:\/\/nexgendecors.com\/fr\/wp-json\/wp\/v2\/product_brand?post=181051"},{"taxonomy":"product_cat","embeddable":true,"href":"https:\/\/nexgendecors.com\/fr\/wp-json\/wp\/v2\/product_cat?post=181051"},{"taxonomy":"product_tag","embeddable":true,"href":"https:\/\/nexgendecors.com\/fr\/wp-json\/wp\/v2\/product_tag?post=181051"}],"curies":[{"name":"wp","href":"https:\/\/api.w.org\/{rel}","templated":true}]}}