{"id":181078,"date":"2025-02-28T04:18:19","date_gmt":"2025-02-28T04:18:19","guid":{"rendered":"https:\/\/nexgendecors.com\/en\/product\/custom-logo-117-14cm-eco-friendly-laundry-sheets-detergent-laundry-detergent-tablets\/"},"modified":"2025-04-06T11:21:33","modified_gmt":"2025-04-06T11:21:33","slug":"custom-logo-117-14cm-eco-friendly-laundry-sheets-detergent-laundry-detergent-tablets","status":"publish","type":"product","link":"https:\/\/nexgendecors.com\/fr\/product\/custom-logo-117-14cm-eco-friendly-laundry-sheets-detergent-laundry-detergent-tablets\/","title":{"rendered":"Feuilles de lessive \u00e9cologiques avec logo personnalis\u00e9 11 x 7\/14 cm, tablettes de lessive"},"content":{"rendered":"<ul>\n<li><strong>lieu d&#039;origine : <\/strong> Hebei, China<\/li>\n<li><strong>Nom de marque : <\/strong> OEM ODM<\/li>\n<li><strong>num\u00e9ro de mod\u00e8le : <\/strong> LDS-40822<\/li>\n<li><strong>fonctionnalit\u00e9 : <\/strong> Jetable, durable, stock\u00e9<\/li>\n<li><strong>utilisation du d\u00e9tergent : <\/strong> V\u00caTEMENTS<\/li>\n<li><strong>taper : <\/strong> D\u00e9tergent<\/li>\n<li><strong>Forme : <\/strong> Gel<\/li>\n<li><strong>teneur en principe actif : <\/strong> 50%\uff08Include\uff09-80%<\/li>\n<li><strong>Parfum : <\/strong> NATURAL, Floral, Lavender, ros\u00e9, jasmine, lemon, Flax, lavender, fresh flowers or customized<\/li>\n<li><strong>Nom du produit : <\/strong> Laundry Detergent Sheet Strips<\/li>\n<li><strong>Taille : <\/strong> 7*11cm\/11*14cm\/Custom<\/li>\n<li><strong>Poids : <\/strong> 3.3-3.5g<\/li>\n<li><strong>Fonctionnalit\u00e9 : <\/strong> Jetable, durable, stock\u00e9<\/li>\n<li><strong>Fonction : <\/strong> Remove Stains Deeply<\/li>\n<li><strong>Mousse : <\/strong> High Foam Low Foam<\/li>\n<li><strong>\u00c9chantillon : <\/strong> Provided<\/li>\n<li><strong>Utilisation : <\/strong> Apparel Cleaning<\/li>\n<li><strong>Applicable : <\/strong> Hand Wasing\/Automatic Machine Washing<\/li>\n<\/ul>","protected":false},"excerpt":{"rendered":"<p>Lieu d&#039;origine : Hebei, Chine Nom de marque : OEM ODM Num\u00e9ro de mod\u00e8le : LDS-40822 Caract\u00e9ristique : Jetable, Durable, Stock\u00e9<\/p>","protected":false},"featured_media":181077,"comment_status":"open","ping_status":"closed","template":"","meta":[],"product_brand":[],"product_cat":[30966],"product_tag":[],"class_list":{"0":"post-181078","1":"product","2":"type-product","3":"status-publish","4":"has-post-thumbnail","6":"product_cat-cleaning-chemicals","8":"first","9":"instock","10":"taxable","11":"shipping-taxable","12":"purchasable","13":"product-type-variable"},"_links":{"self":[{"href":"https:\/\/nexgendecors.com\/fr\/wp-json\/wp\/v2\/product\/181078","targetHints":{"allow":["GET"]}}],"collection":[{"href":"https:\/\/nexgendecors.com\/fr\/wp-json\/wp\/v2\/product"}],"about":[{"href":"https:\/\/nexgendecors.com\/fr\/wp-json\/wp\/v2\/types\/product"}],"replies":[{"embeddable":true,"href":"https:\/\/nexgendecors.com\/fr\/wp-json\/wp\/v2\/comments?post=181078"}],"version-history":[{"count":0,"href":"https:\/\/nexgendecors.com\/fr\/wp-json\/wp\/v2\/product\/181078\/revisions"}],"wp:featuredmedia":[{"embeddable":true,"href":"https:\/\/nexgendecors.com\/fr\/wp-json\/wp\/v2\/media\/181077"}],"wp:attachment":[{"href":"https:\/\/nexgendecors.com\/fr\/wp-json\/wp\/v2\/media?parent=181078"}],"wp:term":[{"taxonomy":"product_brand","embeddable":true,"href":"https:\/\/nexgendecors.com\/fr\/wp-json\/wp\/v2\/product_brand?post=181078"},{"taxonomy":"product_cat","embeddable":true,"href":"https:\/\/nexgendecors.com\/fr\/wp-json\/wp\/v2\/product_cat?post=181078"},{"taxonomy":"product_tag","embeddable":true,"href":"https:\/\/nexgendecors.com\/fr\/wp-json\/wp\/v2\/product_tag?post=181078"}],"curies":[{"name":"wp","href":"https:\/\/api.w.org\/{rel}","templated":true}]}}