{"id":181117,"date":"2025-02-28T04:23:01","date_gmt":"2025-02-28T04:23:01","guid":{"rendered":"https:\/\/nexgendecors.com\/en\/product\/wholesale-super-for-washing-clothes-concentrated-fresh-scent-liquid-laundry-detergent\/"},"modified":"2025-04-06T11:21:59","modified_gmt":"2025-04-06T11:21:59","slug":"wholesale-super-for-washing-clothes-concentrated-fresh-scent-liquid-laundry-detergent","status":"publish","type":"product","link":"https:\/\/nexgendecors.com\/fr\/product\/wholesale-super-for-washing-clothes-concentrated-fresh-scent-liquid-laundry-detergent\/","title":{"rendered":"Wholesale Super for Washing Clothes Concentrated Fresh Scent Liquid Laundry Detergent (d\u00e9tergent liquide pour le lavage du linge)"},"content":{"rendered":"<ul>\n<li><strong>lieu d&#039;origine : <\/strong> Guangdong, Chine<\/li>\n<li><strong>Nom de marque : <\/strong> AILINA<\/li>\n<li><strong>num\u00e9ro de mod\u00e8le : <\/strong> Washing Liquid<\/li>\n<li><strong>fonctionnalit\u00e9 : <\/strong> Durable<\/li>\n<li><strong>utilisation du d\u00e9tergent : <\/strong> V\u00caTEMENTS<\/li>\n<li><strong>taper : <\/strong> Other Household Chemicals<\/li>\n<li><strong>Forme : <\/strong> Liquide<\/li>\n<li><strong>teneur en principe actif : <\/strong> 5% (Inclure) -15%<\/li>\n<li><strong>Parfum : <\/strong> Lavender, lemon<\/li>\n<li><strong>Nom du produit : <\/strong> Detergent Liquid<\/li>\n<li><strong>Mot-cl\u00e9 : <\/strong> Washing Liquid<\/li>\n<li><strong>Fonction : <\/strong> Deep Cleaning Washing liquid Detergente<\/li>\n<li><strong>Utiliser : <\/strong> Daily Laundry Washing<\/li>\n<li><strong>Effect : <\/strong> Deep Cleaning and Freshing<\/li>\n<li><strong>Service : <\/strong> OEM ODM Private Label<\/li>\n<li><strong>Utilisation : <\/strong> Apparel Cleaning<\/li>\n<li><strong>Quantit\u00e9 minimale de commande : <\/strong> 50 pcs<\/li>\n<li><strong>Logo : <\/strong> Accepter le logo personnalis\u00e9<\/li>\n<li><strong>Marque : <\/strong> OEM Customized<\/li>\n<\/ul>","protected":false},"excerpt":{"rendered":"<p>Lieu d'origine : Guangdong, Chine Marque : AILINA Num\u00e9ro de mod\u00e8le : Liquide de lavage Caract\u00e9ristique : Utilisation durable de la lessive<\/p>","protected":false},"featured_media":181116,"comment_status":"open","ping_status":"closed","template":"","meta":[],"product_brand":[],"product_cat":[30966],"product_tag":[],"class_list":{"0":"post-181117","1":"product","2":"type-product","3":"status-publish","4":"has-post-thumbnail","6":"product_cat-cleaning-chemicals","8":"first","9":"instock","10":"taxable","11":"shipping-taxable","12":"purchasable","13":"product-type-variable"},"_links":{"self":[{"href":"https:\/\/nexgendecors.com\/fr\/wp-json\/wp\/v2\/product\/181117","targetHints":{"allow":["GET"]}}],"collection":[{"href":"https:\/\/nexgendecors.com\/fr\/wp-json\/wp\/v2\/product"}],"about":[{"href":"https:\/\/nexgendecors.com\/fr\/wp-json\/wp\/v2\/types\/product"}],"replies":[{"embeddable":true,"href":"https:\/\/nexgendecors.com\/fr\/wp-json\/wp\/v2\/comments?post=181117"}],"version-history":[{"count":0,"href":"https:\/\/nexgendecors.com\/fr\/wp-json\/wp\/v2\/product\/181117\/revisions"}],"wp:featuredmedia":[{"embeddable":true,"href":"https:\/\/nexgendecors.com\/fr\/wp-json\/wp\/v2\/media\/181116"}],"wp:attachment":[{"href":"https:\/\/nexgendecors.com\/fr\/wp-json\/wp\/v2\/media?parent=181117"}],"wp:term":[{"taxonomy":"product_brand","embeddable":true,"href":"https:\/\/nexgendecors.com\/fr\/wp-json\/wp\/v2\/product_brand?post=181117"},{"taxonomy":"product_cat","embeddable":true,"href":"https:\/\/nexgendecors.com\/fr\/wp-json\/wp\/v2\/product_cat?post=181117"},{"taxonomy":"product_tag","embeddable":true,"href":"https:\/\/nexgendecors.com\/fr\/wp-json\/wp\/v2\/product_tag?post=181117"}],"curies":[{"name":"wp","href":"https:\/\/api.w.org\/{rel}","templated":true}]}}