{"id":181135,"date":"2025-02-28T04:24:07","date_gmt":"2025-02-28T04:24:07","guid":{"rendered":"https:\/\/nexgendecors.com\/en\/product\/oem-cleaning-formula-laundry-detergent-liquid-use-for-home\/"},"modified":"2025-04-06T11:22:07","modified_gmt":"2025-04-06T11:22:07","slug":"oem-cleaning-formula-laundry-detergent-liquid-use-for-home","status":"publish","type":"product","link":"https:\/\/nexgendecors.com\/fr\/product\/oem-cleaning-formula-laundry-detergent-liquid-use-for-home\/","title":{"rendered":"Oem Cleaning Formula Laundry Detergent Liquid use for home"},"content":{"rendered":"<ul>\n<li><strong>lieu d&#039;origine : <\/strong> Guangdong, Chine<\/li>\n<li><strong>Nom de marque : <\/strong> AILINA<\/li>\n<li><strong>num\u00e9ro de mod\u00e8le : <\/strong> Washing Liquid<\/li>\n<li><strong>fonctionnalit\u00e9 : <\/strong> Durable<\/li>\n<li><strong>utilisation du d\u00e9tergent : <\/strong> V\u00caTEMENTS<\/li>\n<li><strong>taper : <\/strong> Other Household Chemicals<\/li>\n<li><strong>Forme : <\/strong> Liquide<\/li>\n<li><strong>teneur en principe actif : <\/strong> 5% (Inclure) -15%<\/li>\n<li><strong>Parfum : <\/strong> NATURAL<\/li>\n<li><strong>Nom du produit : <\/strong> Detergent Liquid<\/li>\n<li><strong>Mot-cl\u00e9 : <\/strong> Washing Liquid<\/li>\n<li><strong>Fonction : <\/strong> Deep Cleaning<\/li>\n<li><strong>Utiliser : <\/strong> Daily Laundry Washing<\/li>\n<li><strong>Effect : <\/strong> Deep Cleaning and Freshing<\/li>\n<li><strong>Service : <\/strong> OEM ODM Private Label<\/li>\n<li><strong>Utilisation : <\/strong> Apparel Cleaning<\/li>\n<li><strong>Quantit\u00e9 minimale de commande : <\/strong> 50 pcs<\/li>\n<li><strong>Logo : <\/strong> Accepter le logo personnalis\u00e9<\/li>\n<li><strong>Marque : <\/strong> OEM Customized<\/li>\n<\/ul>","protected":false},"excerpt":{"rendered":"<p>Lieu d'origine : Guangdong, Chine Marque : AILINA Num\u00e9ro de mod\u00e8le : Liquide de lavage Caract\u00e9ristique : Utilisation durable de la lessive<\/p>","protected":false},"featured_media":181134,"comment_status":"open","ping_status":"closed","template":"","meta":[],"product_brand":[],"product_cat":[30949,30850],"product_tag":[],"class_list":{"0":"post-181135","1":"product","2":"type-product","3":"status-publish","4":"has-post-thumbnail","6":"product_cat-hotel-supplies","7":"product_cat-wholesale-furniture","9":"first","10":"instock","11":"taxable","12":"shipping-taxable","13":"purchasable","14":"product-type-variable"},"_links":{"self":[{"href":"https:\/\/nexgendecors.com\/fr\/wp-json\/wp\/v2\/product\/181135","targetHints":{"allow":["GET"]}}],"collection":[{"href":"https:\/\/nexgendecors.com\/fr\/wp-json\/wp\/v2\/product"}],"about":[{"href":"https:\/\/nexgendecors.com\/fr\/wp-json\/wp\/v2\/types\/product"}],"replies":[{"embeddable":true,"href":"https:\/\/nexgendecors.com\/fr\/wp-json\/wp\/v2\/comments?post=181135"}],"version-history":[{"count":0,"href":"https:\/\/nexgendecors.com\/fr\/wp-json\/wp\/v2\/product\/181135\/revisions"}],"wp:featuredmedia":[{"embeddable":true,"href":"https:\/\/nexgendecors.com\/fr\/wp-json\/wp\/v2\/media\/181134"}],"wp:attachment":[{"href":"https:\/\/nexgendecors.com\/fr\/wp-json\/wp\/v2\/media?parent=181135"}],"wp:term":[{"taxonomy":"product_brand","embeddable":true,"href":"https:\/\/nexgendecors.com\/fr\/wp-json\/wp\/v2\/product_brand?post=181135"},{"taxonomy":"product_cat","embeddable":true,"href":"https:\/\/nexgendecors.com\/fr\/wp-json\/wp\/v2\/product_cat?post=181135"},{"taxonomy":"product_tag","embeddable":true,"href":"https:\/\/nexgendecors.com\/fr\/wp-json\/wp\/v2\/product_tag?post=181135"}],"curies":[{"name":"wp","href":"https:\/\/api.w.org\/{rel}","templated":true}]}}