{"id":181399,"date":"2025-02-28T04:58:07","date_gmt":"2025-02-28T04:58:07","guid":{"rendered":"https:\/\/nexgendecors.com\/en\/product\/custom-disposable-hotel-toothbrush-dental-kits-luxury-5-star-hotel-bath-amenities-set\/"},"modified":"2025-04-06T11:26:51","modified_gmt":"2025-04-06T11:26:51","slug":"custom-disposable-hotel-toothbrush-dental-kits-luxury-5-star-hotel-bath-amenities-set","status":"publish","type":"product","link":"https:\/\/nexgendecors.com\/fr\/product\/custom-disposable-hotel-toothbrush-dental-kits-luxury-5-star-hotel-bath-amenities-set\/","title":{"rendered":"Kit de brosses \u00e0 dents jetables pour l'h\u00f4tellerie - Set d'accessoires de bain pour l'h\u00f4tellerie 5 \u00e9toiles"},"content":{"rendered":"<ul>\n<li><strong>lieu d&#039;origine : <\/strong> Jiangsu, Chine<\/li>\n<li><strong>nom de marque : <\/strong> Ranbay<\/li>\n<li><strong>num\u00e9ro de mod\u00e8le : <\/strong> OEM<\/li>\n<li><strong>taper : <\/strong> Toothpaste<\/li>\n<li><strong>Utilisation : <\/strong> Accueil H\u00f4tel Voyage Spa<\/li>\n<li><strong>Logo : <\/strong> Accepter le logo personnalis\u00e9<\/li>\n<li><strong>Couleur : <\/strong> Couleur personnalis\u00e9e<\/li>\n<li><strong>Emballage : <\/strong> Customized Package<\/li>\n<li><strong>Fonctionnalit\u00e9 : <\/strong> Eco-friendly Exquisite Disposable Hotel Amenities<\/li>\n<\/ul>","protected":false},"excerpt":{"rendered":"<p>lieu d'origine : Jiangsu, Chine marque : Ranbay num\u00e9ro de mod\u00e8le : OEM type : Dentifrice Utilisation : Maison<\/p>","protected":false},"featured_media":181398,"comment_status":"open","ping_status":"closed","template":"","meta":[],"product_brand":[],"product_cat":[30939],"product_tag":[],"class_list":{"0":"post-181399","1":"product","2":"type-product","3":"status-publish","4":"has-post-thumbnail","6":"product_cat-hotel-soaps-amenities","8":"first","9":"instock","10":"taxable","11":"shipping-taxable","12":"purchasable","13":"product-type-simple"},"_links":{"self":[{"href":"https:\/\/nexgendecors.com\/fr\/wp-json\/wp\/v2\/product\/181399","targetHints":{"allow":["GET"]}}],"collection":[{"href":"https:\/\/nexgendecors.com\/fr\/wp-json\/wp\/v2\/product"}],"about":[{"href":"https:\/\/nexgendecors.com\/fr\/wp-json\/wp\/v2\/types\/product"}],"replies":[{"embeddable":true,"href":"https:\/\/nexgendecors.com\/fr\/wp-json\/wp\/v2\/comments?post=181399"}],"version-history":[{"count":0,"href":"https:\/\/nexgendecors.com\/fr\/wp-json\/wp\/v2\/product\/181399\/revisions"}],"wp:featuredmedia":[{"embeddable":true,"href":"https:\/\/nexgendecors.com\/fr\/wp-json\/wp\/v2\/media\/181398"}],"wp:attachment":[{"href":"https:\/\/nexgendecors.com\/fr\/wp-json\/wp\/v2\/media?parent=181399"}],"wp:term":[{"taxonomy":"product_brand","embeddable":true,"href":"https:\/\/nexgendecors.com\/fr\/wp-json\/wp\/v2\/product_brand?post=181399"},{"taxonomy":"product_cat","embeddable":true,"href":"https:\/\/nexgendecors.com\/fr\/wp-json\/wp\/v2\/product_cat?post=181399"},{"taxonomy":"product_tag","embeddable":true,"href":"https:\/\/nexgendecors.com\/fr\/wp-json\/wp\/v2\/product_tag?post=181399"}],"curies":[{"name":"wp","href":"https:\/\/api.w.org\/{rel}","templated":true}]}}