{"id":181402,"date":"2025-02-28T04:58:26","date_gmt":"2025-02-28T04:58:26","guid":{"rendered":"https:\/\/nexgendecors.com\/en\/product\/luxury-customized-logo-disposable-eco-friendly-soft-guest-amenities-set-for-adults-for-travel-hotel-toiletries\/"},"modified":"2025-04-06T11:27:01","modified_gmt":"2025-04-06T11:27:01","slug":"luxury-customized-logo-disposable-eco-friendly-soft-guest-amenities-set-for-adults-for-travel-hotel-toiletries","status":"publish","type":"product","link":"https:\/\/nexgendecors.com\/fr\/product\/luxury-customized-logo-disposable-eco-friendly-soft-guest-amenities-set-for-adults-for-travel-hotel-toiletries\/","title":{"rendered":"Trousse de toilette de luxe personnalis\u00e9e avec logo, jetable, \u00e9cologique et douce pour adultes, pour les voyages et les h\u00f4tels"},"content":{"rendered":"<ul>\n<li><strong>lieu d&#039;origine : <\/strong> Jiangsu, Chine<\/li>\n<li><strong>nom de marque : <\/strong> ranbay<\/li>\n<li><strong>num\u00e9ro de mod\u00e8le : <\/strong> W1<\/li>\n<li><strong>taper : <\/strong> Toothbrush<\/li>\n<li><strong>Logo : <\/strong> Logo du client<\/li>\n<li><strong>Quantit\u00e9 minimale de commande : <\/strong> 3000<\/li>\n<li><strong>Mat\u00e9riel : <\/strong> Customized Material<\/li>\n<li><strong>Couleur : <\/strong> Couleur personnalis\u00e9e<\/li>\n<li><strong>Emballer : <\/strong> Customization Supported<\/li>\n<li><strong>Utilisation : <\/strong> Home Hotel Traveling Spa Airline<\/li>\n<li><strong>Products Name : <\/strong> Hotel Bathroom Hotel Amenities Set<\/li>\n<\/ul>","protected":false},"excerpt":{"rendered":"<p>lieu d'origine : Jiangsu, Chine marque : ranbay num\u00e9ro de mod\u00e8le : W1 type : Brosse \u00e0 dents Logo : Client<\/p>","protected":false},"featured_media":181401,"comment_status":"open","ping_status":"closed","template":"","meta":[],"product_brand":[],"product_cat":[30939],"product_tag":[],"class_list":{"0":"post-181402","1":"product","2":"type-product","3":"status-publish","4":"has-post-thumbnail","6":"product_cat-hotel-soaps-amenities","8":"first","9":"instock","10":"taxable","11":"shipping-taxable","12":"purchasable","13":"product-type-variable"},"_links":{"self":[{"href":"https:\/\/nexgendecors.com\/fr\/wp-json\/wp\/v2\/product\/181402","targetHints":{"allow":["GET"]}}],"collection":[{"href":"https:\/\/nexgendecors.com\/fr\/wp-json\/wp\/v2\/product"}],"about":[{"href":"https:\/\/nexgendecors.com\/fr\/wp-json\/wp\/v2\/types\/product"}],"replies":[{"embeddable":true,"href":"https:\/\/nexgendecors.com\/fr\/wp-json\/wp\/v2\/comments?post=181402"}],"version-history":[{"count":0,"href":"https:\/\/nexgendecors.com\/fr\/wp-json\/wp\/v2\/product\/181402\/revisions"}],"wp:featuredmedia":[{"embeddable":true,"href":"https:\/\/nexgendecors.com\/fr\/wp-json\/wp\/v2\/media\/181401"}],"wp:attachment":[{"href":"https:\/\/nexgendecors.com\/fr\/wp-json\/wp\/v2\/media?parent=181402"}],"wp:term":[{"taxonomy":"product_brand","embeddable":true,"href":"https:\/\/nexgendecors.com\/fr\/wp-json\/wp\/v2\/product_brand?post=181402"},{"taxonomy":"product_cat","embeddable":true,"href":"https:\/\/nexgendecors.com\/fr\/wp-json\/wp\/v2\/product_cat?post=181402"},{"taxonomy":"product_tag","embeddable":true,"href":"https:\/\/nexgendecors.com\/fr\/wp-json\/wp\/v2\/product_tag?post=181402"}],"curies":[{"name":"wp","href":"https:\/\/api.w.org\/{rel}","templated":true}]}}