{"id":181490,"date":"2025-02-28T10:56:59","date_gmt":"2025-02-28T10:56:59","guid":{"rendered":"https:\/\/nexgendecors.com\/en\/product\/essential-oil-home-spray-private-label-long-lasting-ocean-lavender-jasmine-teakwood-scent-room-spray\/"},"modified":"2025-04-06T11:28:19","modified_gmt":"2025-04-06T11:28:19","slug":"essential-oil-home-spray-private-label-long-lasting-ocean-lavender-jasmine-teakwood-scent-room-spray","status":"publish","type":"product","link":"https:\/\/nexgendecors.com\/fr\/product\/essential-oil-home-spray-private-label-long-lasting-ocean-lavender-jasmine-teakwood-scent-room-spray\/","title":{"rendered":"Spray d&#039;ambiance aux huiles essentielles, marque priv\u00e9e, longue dur\u00e9e, parfum lavande oc\u00e9anique, jasmin et bois de teck"},"content":{"rendered":"<ul>\n<li><strong>taper : <\/strong> Air Fresheners<\/li>\n<li><strong>air freshener use : <\/strong> Accueil<\/li>\n<li><strong>forme : <\/strong> Liquide<\/li>\n<li><strong>fonctionnalit\u00e9 : <\/strong> Durable, stock\u00e9<\/li>\n<li><strong>lieu d&#039;origine : <\/strong> Jiangsu, Chine<\/li>\n<li><strong>Nom de marque : <\/strong> Parfum<\/li>\n<li><strong>num\u00e9ro de mod\u00e8le : <\/strong> RM-002<\/li>\n<li><strong>teneur en principe actif : <\/strong> 5% (Inclure) -15%<\/li>\n<li><strong>capacity : <\/strong> 180ml<\/li>\n<\/ul>","protected":false},"excerpt":{"rendered":"<p>type : D\u00e9sodorisants utilisation du d\u00e9sodorisant : Maison forme : Liquide caract\u00e9ristique : Durable, Lieu d&#039;origine du stock :<\/p>","protected":false},"featured_media":181489,"comment_status":"open","ping_status":"closed","template":"","meta":[],"product_brand":[],"product_cat":[30967],"product_tag":[],"class_list":{"0":"post-181490","1":"product","2":"type-product","3":"status-publish","4":"has-post-thumbnail","6":"product_cat-fragrance","8":"first","9":"instock","10":"taxable","11":"shipping-taxable","12":"purchasable","13":"product-type-variable"},"_links":{"self":[{"href":"https:\/\/nexgendecors.com\/fr\/wp-json\/wp\/v2\/product\/181490","targetHints":{"allow":["GET"]}}],"collection":[{"href":"https:\/\/nexgendecors.com\/fr\/wp-json\/wp\/v2\/product"}],"about":[{"href":"https:\/\/nexgendecors.com\/fr\/wp-json\/wp\/v2\/types\/product"}],"replies":[{"embeddable":true,"href":"https:\/\/nexgendecors.com\/fr\/wp-json\/wp\/v2\/comments?post=181490"}],"version-history":[{"count":0,"href":"https:\/\/nexgendecors.com\/fr\/wp-json\/wp\/v2\/product\/181490\/revisions"}],"wp:featuredmedia":[{"embeddable":true,"href":"https:\/\/nexgendecors.com\/fr\/wp-json\/wp\/v2\/media\/181489"}],"wp:attachment":[{"href":"https:\/\/nexgendecors.com\/fr\/wp-json\/wp\/v2\/media?parent=181490"}],"wp:term":[{"taxonomy":"product_brand","embeddable":true,"href":"https:\/\/nexgendecors.com\/fr\/wp-json\/wp\/v2\/product_brand?post=181490"},{"taxonomy":"product_cat","embeddable":true,"href":"https:\/\/nexgendecors.com\/fr\/wp-json\/wp\/v2\/product_cat?post=181490"},{"taxonomy":"product_tag","embeddable":true,"href":"https:\/\/nexgendecors.com\/fr\/wp-json\/wp\/v2\/product_tag?post=181490"}],"curies":[{"name":"wp","href":"https:\/\/api.w.org\/{rel}","templated":true}]}}