{"id":181497,"date":"2025-02-28T10:57:24","date_gmt":"2025-02-28T10:57:24","guid":{"rendered":"https:\/\/nexgendecors.com\/en\/product\/customized-air-fragrance-freshener-luxury-perfume-fragrance-aluminum-home-room-air-freshener-spray\/"},"modified":"2025-04-06T11:28:22","modified_gmt":"2025-04-06T11:28:22","slug":"customized-air-fragrance-freshener-luxury-perfume-fragrance-aluminum-home-room-air-freshener-spray","status":"publish","type":"product","link":"https:\/\/nexgendecors.com\/fr\/product\/customized-air-fragrance-freshener-luxury-perfume-fragrance-aluminum-home-room-air-freshener-spray\/","title":{"rendered":"D\u00e9sodorisant d&#039;air personnalis\u00e9, parfum de luxe, parfum en aluminium, d\u00e9sodorisant d&#039;ambiance pour la maison"},"content":{"rendered":"<ul>\n<li><strong>taper : <\/strong> Air Fresheners<\/li>\n<li><strong>air freshener use : <\/strong> Accueil<\/li>\n<li><strong>forme : <\/strong> Spray<\/li>\n<li><strong>fonctionnalit\u00e9 : <\/strong> Durable, stock\u00e9<\/li>\n<li><strong>lieu d&#039;origine : <\/strong> Jiangsu, Chine<\/li>\n<li><strong>Nom de marque : <\/strong> Parfum<\/li>\n<li><strong>num\u00e9ro de mod\u00e8le : <\/strong> RM-001<\/li>\n<li><strong>teneur en principe actif : <\/strong> 5% (Inclure) -15%<\/li>\n<li><strong>Nom du produit : <\/strong> Car room perfume air freshener room spray<\/li>\n<li><strong>Bottle material : <\/strong> Aluminium<\/li>\n<li><strong>Customer&#8217;s logo : <\/strong> acceptable<\/li>\n<li><strong>Taille : <\/strong> 4.5*4.5*19Cm<\/li>\n<li><strong>Capacit\u00e9 : <\/strong> 180ml<\/li>\n<li><strong>Delivery day : <\/strong> 35 days<\/li>\n<li><strong>Parfum : <\/strong> Customized Scents<\/li>\n<li><strong>Emballer : <\/strong> Customized Package<\/li>\n<\/ul>","protected":false},"excerpt":{"rendered":"<p>type : D\u00e9sodorisants utilisation du d\u00e9sodorisant : Maison forme : Spray caract\u00e9ristique : Durable, Lieu d&#039;origine du stock :<\/p>","protected":false},"featured_media":181498,"comment_status":"open","ping_status":"closed","template":"","meta":[],"product_brand":[],"product_cat":[30967],"product_tag":[],"class_list":{"0":"post-181497","1":"product","2":"type-product","3":"status-publish","4":"has-post-thumbnail","6":"product_cat-fragrance","8":"first","9":"instock","10":"taxable","11":"shipping-taxable","12":"purchasable","13":"product-type-simple"},"_links":{"self":[{"href":"https:\/\/nexgendecors.com\/fr\/wp-json\/wp\/v2\/product\/181497","targetHints":{"allow":["GET"]}}],"collection":[{"href":"https:\/\/nexgendecors.com\/fr\/wp-json\/wp\/v2\/product"}],"about":[{"href":"https:\/\/nexgendecors.com\/fr\/wp-json\/wp\/v2\/types\/product"}],"replies":[{"embeddable":true,"href":"https:\/\/nexgendecors.com\/fr\/wp-json\/wp\/v2\/comments?post=181497"}],"version-history":[{"count":0,"href":"https:\/\/nexgendecors.com\/fr\/wp-json\/wp\/v2\/product\/181497\/revisions"}],"wp:featuredmedia":[{"embeddable":true,"href":"https:\/\/nexgendecors.com\/fr\/wp-json\/wp\/v2\/media\/181498"}],"wp:attachment":[{"href":"https:\/\/nexgendecors.com\/fr\/wp-json\/wp\/v2\/media?parent=181497"}],"wp:term":[{"taxonomy":"product_brand","embeddable":true,"href":"https:\/\/nexgendecors.com\/fr\/wp-json\/wp\/v2\/product_brand?post=181497"},{"taxonomy":"product_cat","embeddable":true,"href":"https:\/\/nexgendecors.com\/fr\/wp-json\/wp\/v2\/product_cat?post=181497"},{"taxonomy":"product_tag","embeddable":true,"href":"https:\/\/nexgendecors.com\/fr\/wp-json\/wp\/v2\/product_tag?post=181497"}],"curies":[{"name":"wp","href":"https:\/\/api.w.org\/{rel}","templated":true}]}}