{"id":181504,"date":"2025-02-28T10:58:23","date_gmt":"2025-02-28T10:58:23","guid":{"rendered":"https:\/\/nexgendecors.com\/en\/product\/aroma-fragrant-spray-eco-friendly-aromatherapy-natural-essential-oil-mist-spray-luxury-100ml-perfume-bottle-deodorant-room-spray\/"},"modified":"2025-04-06T11:28:24","modified_gmt":"2025-04-06T11:28:24","slug":"aroma-fragrant-spray-eco-friendly-aromatherapy-natural-essential-oil-mist-spray-luxury-100ml-perfume-bottle-deodorant-room-spray","status":"publish","type":"product","link":"https:\/\/nexgendecors.com\/fr\/product\/aroma-fragrant-spray-eco-friendly-aromatherapy-natural-essential-oil-mist-spray-luxury-100ml-perfume-bottle-deodorant-room-spray\/","title":{"rendered":"Aroma Fragrant Spray Eco-friendly Aromatherapy Natural Essential Oil Mist Spray Luxury 100ml Perfume Bottle Deodorant Room Spray"},"content":{"rendered":"<ul>\n<li><strong>taper : <\/strong> Air Fresheners<\/li>\n<li><strong>air freshener use : <\/strong> Accueil<\/li>\n<li><strong>forme : <\/strong> Liquide<\/li>\n<li><strong>fonctionnalit\u00e9 : <\/strong> Durable, stock\u00e9<\/li>\n<li><strong>lieu d&#039;origine : <\/strong> Jiangsu, Chine<\/li>\n<li><strong>num\u00e9ro de mod\u00e8le : <\/strong> RM-003<\/li>\n<li><strong>teneur en principe actif : <\/strong> 5% (Inclure) -15%<\/li>\n<li><strong>Capacit\u00e9 : <\/strong> 100ml<\/li>\n<\/ul>","protected":false},"excerpt":{"rendered":"<p>type : D\u00e9sodorisants utilisation du d\u00e9sodorisant : Maison forme : Liquide caract\u00e9ristique : Durable, Lieu d&#039;origine du stock :<\/p>","protected":false},"featured_media":181503,"comment_status":"open","ping_status":"closed","template":"","meta":[],"product_brand":[],"product_cat":[30967],"product_tag":[],"class_list":{"0":"post-181504","1":"product","2":"type-product","3":"status-publish","4":"has-post-thumbnail","6":"product_cat-fragrance","8":"first","9":"instock","10":"taxable","11":"shipping-taxable","12":"purchasable","13":"product-type-simple"},"_links":{"self":[{"href":"https:\/\/nexgendecors.com\/fr\/wp-json\/wp\/v2\/product\/181504","targetHints":{"allow":["GET"]}}],"collection":[{"href":"https:\/\/nexgendecors.com\/fr\/wp-json\/wp\/v2\/product"}],"about":[{"href":"https:\/\/nexgendecors.com\/fr\/wp-json\/wp\/v2\/types\/product"}],"replies":[{"embeddable":true,"href":"https:\/\/nexgendecors.com\/fr\/wp-json\/wp\/v2\/comments?post=181504"}],"version-history":[{"count":0,"href":"https:\/\/nexgendecors.com\/fr\/wp-json\/wp\/v2\/product\/181504\/revisions"}],"wp:featuredmedia":[{"embeddable":true,"href":"https:\/\/nexgendecors.com\/fr\/wp-json\/wp\/v2\/media\/181503"}],"wp:attachment":[{"href":"https:\/\/nexgendecors.com\/fr\/wp-json\/wp\/v2\/media?parent=181504"}],"wp:term":[{"taxonomy":"product_brand","embeddable":true,"href":"https:\/\/nexgendecors.com\/fr\/wp-json\/wp\/v2\/product_brand?post=181504"},{"taxonomy":"product_cat","embeddable":true,"href":"https:\/\/nexgendecors.com\/fr\/wp-json\/wp\/v2\/product_cat?post=181504"},{"taxonomy":"product_tag","embeddable":true,"href":"https:\/\/nexgendecors.com\/fr\/wp-json\/wp\/v2\/product_tag?post=181504"}],"curies":[{"name":"wp","href":"https:\/\/api.w.org\/{rel}","templated":true}]}}