{"id":181521,"date":"2025-02-28T11:01:48","date_gmt":"2025-02-28T11:01:48","guid":{"rendered":"https:\/\/nexgendecors.com\/en\/product\/custom-15g-hanging-scented-paper-sachet-bag-for-car-drawer-closet\/"},"modified":"2025-04-06T11:28:28","modified_gmt":"2025-04-06T11:28:28","slug":"custom-15g-hanging-scented-paper-sachet-bag-for-car-drawer-closet","status":"publish","type":"product","link":"https:\/\/nexgendecors.com\/fr\/product\/custom-15g-hanging-scented-paper-sachet-bag-for-car-drawer-closet\/","title":{"rendered":"Sachet en papier parfum\u00e9 \u00e0 suspendre personnalis\u00e9 de 15 g pour tiroir de voiture et placard"},"content":{"rendered":"<ul>\n<li><strong>taper : <\/strong> Air Fresheners<\/li>\n<li><strong>air freshener use : <\/strong> Accueil<\/li>\n<li><strong>forme : <\/strong> Solide<\/li>\n<li><strong>fonctionnalit\u00e9 : <\/strong> Durable<\/li>\n<li><strong>lieu d&#039;origine : <\/strong> Jiangsu, Chine<\/li>\n<li><strong>Nom de marque : <\/strong> AIRTISTIQ<\/li>\n<li><strong>num\u00e9ro de mod\u00e8le : <\/strong> XBBS-006<\/li>\n<li><strong>teneur en principe actif : <\/strong> 5% (Inclure) -15%<\/li>\n<li><strong>SCENT 1 : <\/strong> LEMONGRASS &amp; GINGER<\/li>\n<li><strong>SCENT 2 : <\/strong> MEDITERRANEAN FIG<\/li>\n<li><strong>SCENT 3 : <\/strong> MOSO BAMBOO<\/li>\n<li><strong>Taille : <\/strong> 6*11 cm<\/li>\n<li><strong>Emballage : <\/strong> Brown paper sachets<\/li>\n<li><strong>Poids : <\/strong> 15g<\/li>\n<li><strong>SCENT 4 : <\/strong> bamboo forest<\/li>\n<li><strong>SCENT 5 : <\/strong> Spice Roam 1<\/li>\n<li><strong>SCENT 6 : <\/strong> Rose sandalwood<\/li>\n<\/ul>","protected":false},"excerpt":{"rendered":"<p>type : D\u00e9sodorisants utilisation du d\u00e9sodorisant : Maison forme : Solide caract\u00e9ristique : Durable lieu d&#039;origine : Jiangsu,<\/p>","protected":false},"featured_media":181520,"comment_status":"open","ping_status":"closed","template":"","meta":[],"product_brand":[],"product_cat":[30967],"product_tag":[],"class_list":{"0":"post-181521","1":"product","2":"type-product","3":"status-publish","4":"has-post-thumbnail","6":"product_cat-fragrance","8":"first","9":"instock","10":"taxable","11":"shipping-taxable","12":"purchasable","13":"product-type-simple"},"_links":{"self":[{"href":"https:\/\/nexgendecors.com\/fr\/wp-json\/wp\/v2\/product\/181521","targetHints":{"allow":["GET"]}}],"collection":[{"href":"https:\/\/nexgendecors.com\/fr\/wp-json\/wp\/v2\/product"}],"about":[{"href":"https:\/\/nexgendecors.com\/fr\/wp-json\/wp\/v2\/types\/product"}],"replies":[{"embeddable":true,"href":"https:\/\/nexgendecors.com\/fr\/wp-json\/wp\/v2\/comments?post=181521"}],"version-history":[{"count":0,"href":"https:\/\/nexgendecors.com\/fr\/wp-json\/wp\/v2\/product\/181521\/revisions"}],"wp:featuredmedia":[{"embeddable":true,"href":"https:\/\/nexgendecors.com\/fr\/wp-json\/wp\/v2\/media\/181520"}],"wp:attachment":[{"href":"https:\/\/nexgendecors.com\/fr\/wp-json\/wp\/v2\/media?parent=181521"}],"wp:term":[{"taxonomy":"product_brand","embeddable":true,"href":"https:\/\/nexgendecors.com\/fr\/wp-json\/wp\/v2\/product_brand?post=181521"},{"taxonomy":"product_cat","embeddable":true,"href":"https:\/\/nexgendecors.com\/fr\/wp-json\/wp\/v2\/product_cat?post=181521"},{"taxonomy":"product_tag","embeddable":true,"href":"https:\/\/nexgendecors.com\/fr\/wp-json\/wp\/v2\/product_tag?post=181521"}],"curies":[{"name":"wp","href":"https:\/\/api.w.org\/{rel}","templated":true}]}}