{"id":181560,"date":"2025-02-28T11:06:34","date_gmt":"2025-02-28T11:06:34","guid":{"rendered":"https:\/\/nexgendecors.com\/en\/product\/free-sample-automatic-hotel-spray-machine-refill-dispenser-air-freshener-with-best-price-dispensador-de-aerosoles\/"},"modified":"2025-02-28T11:06:47","modified_gmt":"2025-02-28T11:06:47","slug":"free-sample-automatic-hotel-spray-machine-refill-dispenser-air-freshener-with-best-price-dispensador-de-aerosoles","status":"publish","type":"product","link":"https:\/\/nexgendecors.com\/fr\/product\/free-sample-automatic-hotel-spray-machine-refill-dispenser-air-freshener-with-best-price-dispensador-de-aerosoles\/","title":{"rendered":"Distributeur automatique de recharge de vaporisateur d&#039;h\u00f4tel, \u00e9chantillon gratuit, assainisseur d&#039;air au meilleur prix"},"content":{"rendered":"<ul>\n<li><strong>taper : <\/strong> Air Fresheners<\/li>\n<li><strong>air freshener use : <\/strong> Accueil<\/li>\n<li><strong>forme : <\/strong> Spray<\/li>\n<li><strong>fonctionnalit\u00e9 : <\/strong> Durable<\/li>\n<li><strong>lieu d&#039;origine : <\/strong> Guangdong, Chine<\/li>\n<li><strong>Nom de marque : <\/strong> OEM\/ODM<\/li>\n<li><strong>num\u00e9ro de mod\u00e8le : <\/strong> ADS05<\/li>\n<li><strong>teneur en principe actif : <\/strong> 0%-5%<\/li>\n<li><strong>Nom du produit : <\/strong> Automatic Spray Air Freshener Dispenser<\/li>\n<li><strong>Product Size : <\/strong> 89x89x209mm<\/li>\n<li><strong>Couleur : <\/strong> White\/Black\/OEM color<\/li>\n<li><strong>Mat\u00e9riel : <\/strong> PP Plastic<\/li>\n<li><strong>Regular Spray : <\/strong> Press and Spray<\/li>\n<li><strong>Automatic Spray : <\/strong> 5min\/ 15min\/ 30min<\/li>\n<li><strong>Can Standard : <\/strong> 250ml, 300ml<\/li>\n<li><strong>Power Supply : <\/strong> AA battery Operated<\/li>\n<li><strong>Installation : <\/strong> Wall Mounted, Desktop<\/li>\n<li><strong>Application : <\/strong> Home, Bathroom, Lobby Hotel, Bedroom<\/li>\n<\/ul>","protected":false},"excerpt":{"rendered":"<p>type : D\u00e9sodorisants utilisation du d\u00e9sodorisant : Maison forme : Spray caract\u00e9ristique : Durable lieu d&#039;origine : Guangdong,<\/p>","protected":false},"featured_media":181559,"comment_status":"open","ping_status":"closed","template":"","meta":[],"product_brand":[],"product_cat":[30967],"product_tag":[],"class_list":{"0":"post-181560","1":"product","2":"type-product","3":"status-publish","4":"has-post-thumbnail","6":"product_cat-fragrance","8":"first","9":"instock","10":"taxable","11":"shipping-taxable","12":"purchasable","13":"product-type-simple"},"_links":{"self":[{"href":"https:\/\/nexgendecors.com\/fr\/wp-json\/wp\/v2\/product\/181560","targetHints":{"allow":["GET"]}}],"collection":[{"href":"https:\/\/nexgendecors.com\/fr\/wp-json\/wp\/v2\/product"}],"about":[{"href":"https:\/\/nexgendecors.com\/fr\/wp-json\/wp\/v2\/types\/product"}],"replies":[{"embeddable":true,"href":"https:\/\/nexgendecors.com\/fr\/wp-json\/wp\/v2\/comments?post=181560"}],"version-history":[{"count":0,"href":"https:\/\/nexgendecors.com\/fr\/wp-json\/wp\/v2\/product\/181560\/revisions"}],"wp:featuredmedia":[{"embeddable":true,"href":"https:\/\/nexgendecors.com\/fr\/wp-json\/wp\/v2\/media\/181559"}],"wp:attachment":[{"href":"https:\/\/nexgendecors.com\/fr\/wp-json\/wp\/v2\/media?parent=181560"}],"wp:term":[{"taxonomy":"product_brand","embeddable":true,"href":"https:\/\/nexgendecors.com\/fr\/wp-json\/wp\/v2\/product_brand?post=181560"},{"taxonomy":"product_cat","embeddable":true,"href":"https:\/\/nexgendecors.com\/fr\/wp-json\/wp\/v2\/product_cat?post=181560"},{"taxonomy":"product_tag","embeddable":true,"href":"https:\/\/nexgendecors.com\/fr\/wp-json\/wp\/v2\/product_tag?post=181560"}],"curies":[{"name":"wp","href":"https:\/\/api.w.org\/{rel}","templated":true}]}}