{"id":181601,"date":"2025-02-28T13:23:24","date_gmt":"2025-02-28T13:23:24","guid":{"rendered":"https:\/\/nexgendecors.com\/en\/product\/hot-sale-scented-sachets-clean-linen-scented-sachets-for-drawer-and-closet-car-air-freshener-sachets-fragrance\/"},"modified":"2025-04-06T11:29:43","modified_gmt":"2025-04-06T11:29:43","slug":"hot-sale-scented-sachets-clean-linen-scented-sachets-for-drawer-and-closet-car-air-freshener-sachets-fragrance","status":"publish","type":"product","link":"https:\/\/nexgendecors.com\/fr\/product\/hot-sale-scented-sachets-clean-linen-scented-sachets-for-drawer-and-closet-car-air-freshener-sachets-fragrance\/","title":{"rendered":"Sachets parfum\u00e9s en promotion, sachets parfum\u00e9s pour linge propre, pour tiroirs et placards, sachets d\u00e9sodorisants pour voiture"},"content":{"rendered":"<ul>\n<li><strong>lieu d&#039;origine : <\/strong> Zhejiang, Chine<\/li>\n<li><strong>nom de marque : <\/strong> LEGREEN<\/li>\n<li><strong>num\u00e9ro de mod\u00e8le : <\/strong> LEGREEN3.3<\/li>\n<li><strong>fonctionnalit\u00e9 : <\/strong> Durable<\/li>\n<li><strong>air freshener use : <\/strong> Accueil<\/li>\n<li><strong>taper : <\/strong> Air Fresheners<\/li>\n<li><strong>forme : <\/strong> Solide<\/li>\n<li><strong>teneur en principe actif : <\/strong> Above 80% Inclusive<\/li>\n<li><strong>life time : <\/strong> 3-6 months for scents<\/li>\n<li><strong>Nom du produit : <\/strong> Scented Sachets for Drawer<\/li>\n<li><strong>Mat\u00e9riel : <\/strong> Bamboo Charcoal<\/li>\n<li><strong>Fonction : <\/strong> Keeping Air Fresh<\/li>\n<li><strong>Certificat : <\/strong> MSDS<\/li>\n<li><strong>OEM : <\/strong> YES<\/li>\n<li><strong>Utilisation : <\/strong> Home, Office ,Car ,Hotel<\/li>\n<li><strong>Taille : <\/strong> 7*7cm<\/li>\n<li><strong>Package Size : <\/strong> 10.7*7.1*2.8CM<\/li>\n<li><strong>Package Weight : <\/strong> 25<\/li>\n<\/ul>","protected":false},"excerpt":{"rendered":"<p>lieu d&#039;origine : Zhejiang, Chine nom de marque : LEGREEN num\u00e9ro de mod\u00e8le : LEGREEN3.3 caract\u00e9ristique : utilisation durable d&#039;un assainisseur d&#039;air<\/p>","protected":false},"featured_media":181600,"comment_status":"open","ping_status":"closed","template":"","meta":[],"product_brand":[],"product_cat":[30967],"product_tag":[],"class_list":{"0":"post-181601","1":"product","2":"type-product","3":"status-publish","4":"has-post-thumbnail","6":"product_cat-fragrance","8":"first","9":"instock","10":"taxable","11":"shipping-taxable","12":"purchasable","13":"product-type-variable"},"_links":{"self":[{"href":"https:\/\/nexgendecors.com\/fr\/wp-json\/wp\/v2\/product\/181601","targetHints":{"allow":["GET"]}}],"collection":[{"href":"https:\/\/nexgendecors.com\/fr\/wp-json\/wp\/v2\/product"}],"about":[{"href":"https:\/\/nexgendecors.com\/fr\/wp-json\/wp\/v2\/types\/product"}],"replies":[{"embeddable":true,"href":"https:\/\/nexgendecors.com\/fr\/wp-json\/wp\/v2\/comments?post=181601"}],"version-history":[{"count":0,"href":"https:\/\/nexgendecors.com\/fr\/wp-json\/wp\/v2\/product\/181601\/revisions"}],"wp:featuredmedia":[{"embeddable":true,"href":"https:\/\/nexgendecors.com\/fr\/wp-json\/wp\/v2\/media\/181600"}],"wp:attachment":[{"href":"https:\/\/nexgendecors.com\/fr\/wp-json\/wp\/v2\/media?parent=181601"}],"wp:term":[{"taxonomy":"product_brand","embeddable":true,"href":"https:\/\/nexgendecors.com\/fr\/wp-json\/wp\/v2\/product_brand?post=181601"},{"taxonomy":"product_cat","embeddable":true,"href":"https:\/\/nexgendecors.com\/fr\/wp-json\/wp\/v2\/product_cat?post=181601"},{"taxonomy":"product_tag","embeddable":true,"href":"https:\/\/nexgendecors.com\/fr\/wp-json\/wp\/v2\/product_tag?post=181601"}],"curies":[{"name":"wp","href":"https:\/\/api.w.org\/{rel}","templated":true}]}}