{"id":181612,"date":"2025-02-28T13:24:07","date_gmt":"2025-02-28T13:24:07","guid":{"rendered":"https:\/\/nexgendecors.com\/en\/product\/scenta-luxury-electric-waterless-aroma-diffuser-mini-bluetooth-plug-in-essential-oil-diffuser-home-air-scent-diffuser-machine\/"},"modified":"2025-04-06T11:29:53","modified_gmt":"2025-04-06T11:29:53","slug":"scenta-luxury-electric-waterless-aroma-diffuser-mini-bluetooth-plug-in-essential-oil-diffuser-home-air-scent-diffuser-machine","status":"publish","type":"product","link":"https:\/\/nexgendecors.com\/fr\/product\/scenta-luxury-electric-waterless-aroma-diffuser-mini-bluetooth-plug-in-essential-oil-diffuser-home-air-scent-diffuser-machine\/","title":{"rendered":"SCENTA Diffuseur d&#039;ar\u00f4mes \u00e9lectrique sans eau de luxe Mini diffuseur d&#039;huiles essentielles enfichable Bluetooth Machine de diffusion de parfum d&#039;air domestique"},"content":{"rendered":"<ul>\n<li><strong>lieu d&#039;origine : <\/strong> Guangdong, Chine<\/li>\n<li><strong>nom de marque : <\/strong> SCENTA<\/li>\n<li><strong>num\u00e9ro de mod\u00e8le : <\/strong> AE103 Bluetooth<\/li>\n<li><strong>puissance w : <\/strong> 1.5<\/li>\n<li><strong>service apr\u00e8s-vente assur\u00e9 : <\/strong> Pi\u00e8ces de rechange gratuites<\/li>\n<li><strong>garantie : <\/strong> 1 an<\/li>\n<li><strong>taper : <\/strong> Autre<\/li>\n<li><strong>capacity : <\/strong> \uff1c0.5l<\/li>\n<li><strong>installation : <\/strong> PLUG IN<\/li>\n<li><strong>humidity control : <\/strong> Remote Control<\/li>\n<li><strong>timing function : <\/strong> Oui<\/li>\n<li><strong>noise : <\/strong> &lt;36db<\/li>\n<li><strong>fonction : <\/strong> Aromatherapy<\/li>\n<li><strong>application : <\/strong> M\u00e9nage<\/li>\n<li><strong>source d&#039;\u00e9nergie : <\/strong> \u00c9lectrique<\/li>\n<li><strong>contr\u00f4l\u00e9 par l&#039;application : <\/strong> Oui<\/li>\n<li><strong>moule priv\u00e9 : <\/strong> NON<\/li>\n<li><strong>logo\/motif : <\/strong> Silk screen printing<\/li>\n<li><strong>Nom du produit : <\/strong> Home Air Scent Diffuser Machine<\/li>\n<li><strong>Taille : <\/strong> 122*65*214mm<\/li>\n<li><strong>Mat\u00e9riel : <\/strong> Plastique<\/li>\n<li><strong>Colors : <\/strong> White,Black<\/li>\n<li><strong>Capacity of bottle : <\/strong> 100ml<\/li>\n<li><strong>Refill : <\/strong> Essential Oil<\/li>\n<li><strong>OEM : <\/strong> Avaliable<\/li>\n<li><strong>Mot-cl\u00e9 : <\/strong> Scent Diffuser<\/li>\n<li><strong>Application : <\/strong> Home,Corridor,Toilet<\/li>\n<li><strong>Fonction : <\/strong> Scent Diffuser<\/li>\n<\/ul>","protected":false},"excerpt":{"rendered":"<p>Lieu d&#039;origine : Guangdong, Chine Nom de marque : SCENTA Num\u00e9ro de mod\u00e8le : AE103 Puissance Bluetooth W : 1,5 apr\u00e8s-vente<\/p>","protected":false},"featured_media":181611,"comment_status":"open","ping_status":"closed","template":"","meta":[],"product_brand":[],"product_cat":[30967],"product_tag":[],"class_list":{"0":"post-181612","1":"product","2":"type-product","3":"status-publish","4":"has-post-thumbnail","6":"product_cat-fragrance","8":"first","9":"instock","10":"taxable","11":"shipping-taxable","12":"purchasable","13":"product-type-variable"},"_links":{"self":[{"href":"https:\/\/nexgendecors.com\/fr\/wp-json\/wp\/v2\/product\/181612","targetHints":{"allow":["GET"]}}],"collection":[{"href":"https:\/\/nexgendecors.com\/fr\/wp-json\/wp\/v2\/product"}],"about":[{"href":"https:\/\/nexgendecors.com\/fr\/wp-json\/wp\/v2\/types\/product"}],"replies":[{"embeddable":true,"href":"https:\/\/nexgendecors.com\/fr\/wp-json\/wp\/v2\/comments?post=181612"}],"version-history":[{"count":0,"href":"https:\/\/nexgendecors.com\/fr\/wp-json\/wp\/v2\/product\/181612\/revisions"}],"wp:featuredmedia":[{"embeddable":true,"href":"https:\/\/nexgendecors.com\/fr\/wp-json\/wp\/v2\/media\/181611"}],"wp:attachment":[{"href":"https:\/\/nexgendecors.com\/fr\/wp-json\/wp\/v2\/media?parent=181612"}],"wp:term":[{"taxonomy":"product_brand","embeddable":true,"href":"https:\/\/nexgendecors.com\/fr\/wp-json\/wp\/v2\/product_brand?post=181612"},{"taxonomy":"product_cat","embeddable":true,"href":"https:\/\/nexgendecors.com\/fr\/wp-json\/wp\/v2\/product_cat?post=181612"},{"taxonomy":"product_tag","embeddable":true,"href":"https:\/\/nexgendecors.com\/fr\/wp-json\/wp\/v2\/product_tag?post=181612"}],"curies":[{"name":"wp","href":"https:\/\/api.w.org\/{rel}","templated":true}]}}